{"id":4307,"date":"2022-12-15T08:41:50","date_gmt":"2022-12-15T07:41:50","guid":{"rendered":"https:\/\/varzeamilagrosa.com\/landing-page\/"},"modified":"2025-09-27T11:27:56","modified_gmt":"2025-09-27T09:27:56","slug":"landing-page","status":"publish","type":"page","link":"https:\/\/varzeamilagrosa.com\/en\/landing-page\/","title":{"rendered":"Landing Page"},"content":{"rendered":"\t\t<div data-elementor-type=\"wp-page\" data-elementor-id=\"4307\" class=\"elementor elementor-4307 elementor-4297\">\n\t\t\t\t\t\t<section class=\"elementor-section elementor-top-section elementor-element elementor-element-c049fe4 elementor-section-boxed elementor-section-height-default elementor-section-height-default\" data-id=\"c049fe4\" data-element_type=\"section\" data-e-type=\"section\" data-settings=\"{&quot;background_background&quot;:&quot;classic&quot;}\">\n\t\t\t\t\t\t<div class=\"elementor-container elementor-column-gap-no\">\n\t\t\t\t\t<div class=\"elementor-column elementor-col-100 elementor-top-column elementor-element elementor-element-8e93c5a\" data-id=\"8e93c5a\" data-element_type=\"column\" data-e-type=\"column\">\n\t\t\t<div class=\"elementor-widget-wrap elementor-element-populated\">\n\t\t\t\t\t\t<div class=\"elementor-element elementor-element-2fb184c elementor-widget elementor-widget-woocommerce-breadcrumb\" data-id=\"2fb184c\" data-element_type=\"widget\" data-e-type=\"widget\" data-widget_type=\"woocommerce-breadcrumb.default\">\n\t\t\t\t<div class=\"elementor-widget-container\">\n\t\t\t\t\t<nav class=\"woocommerce-breadcrumb\" aria-label=\"Breadcrumb\">Home<\/nav>\t\t\t\t<\/div>\n\t\t\t\t<\/div>\n\t\t\t\t\t<\/div>\n\t\t<\/div>\n\t\t\t\t\t<\/div>\n\t\t<\/section>\n\t\t\t\t<section class=\"elementor-section elementor-top-section elementor-element elementor-element-3553057f elementor-section-boxed elementor-section-height-default elementor-section-height-default\" data-id=\"3553057f\" data-element_type=\"section\" data-e-type=\"section\">\n\t\t\t\t\t\t<div class=\"elementor-container elementor-column-gap-no\">\n\t\t\t\t\t<div class=\"elementor-column elementor-col-100 elementor-top-column elementor-element elementor-element-6192190b\" data-id=\"6192190b\" data-element_type=\"column\" data-e-type=\"column\">\n\t\t\t<div class=\"elementor-widget-wrap elementor-element-populated\">\n\t\t\t\t\t\t<div class=\"elementor-element elementor-element-6fed4449 elementor-widget-tablet__width-initial elementor-widget elementor-widget-image\" data-id=\"6fed4449\" data-element_type=\"widget\" data-e-type=\"widget\" data-widget_type=\"image.default\">\n\t\t\t\t<div class=\"elementor-widget-container\">\n\t\t\t\t\t\t\t\t\t\t\t\t\t\t\t<img decoding=\"async\" src=\"https:\/\/varzeamilagrosa.com\/wp-content\/uploads\/elementor\/thumbs\/Kraeuterwiese-1-1-pzd3m8ltijai77ipf5loaqlhapk4vtjnk6u36brveo.jpg\" title=\"dav\" alt=\"dav\" loading=\"lazy\" \/>\t\t\t\t\t\t\t\t\t\t\t\t\t\t\t<\/div>\n\t\t\t\t<\/div>\n\t\t\t\t\t<\/div>\n\t\t<\/div>\n\t\t\t\t<div class=\"elementor-column elementor-col-100 elementor-top-column elementor-element elementor-element-1092c3dc elementor-invisible\" data-id=\"1092c3dc\" data-element_type=\"column\" data-e-type=\"column\" data-settings=\"{&quot;animation&quot;:&quot;fadeInRight&quot;,&quot;animation_tablet&quot;:&quot;none&quot;,&quot;animation_mobile&quot;:&quot;none&quot;}\">\n\t\t\t<div class=\"elementor-widget-wrap elementor-element-populated\">\n\t\t\t\t\t\t<div class=\"elementor-element elementor-element-7e2fb37c elementor-widget__width-auto elementor-widget-divider--view-line elementor-invisible elementor-widget elementor-widget-divider\" data-id=\"7e2fb37c\" data-element_type=\"widget\" data-e-type=\"widget\" data-settings=\"{&quot;_animation&quot;:&quot;zoomIn&quot;,&quot;_animation_tablet&quot;:&quot;none&quot;,&quot;_animation_mobile&quot;:&quot;none&quot;,&quot;_animation_delay&quot;:1000}\" data-widget_type=\"divider.default\">\n\t\t\t\t<div class=\"elementor-widget-container\">\n\t\t\t\t\t\t\t<div class=\"elementor-divider\">\n\t\t\t<span class=\"elementor-divider-separator\">\n\t\t\t\t\t\t<\/span>\n\t\t<\/div>\n\t\t\t\t\t\t<\/div>\n\t\t\t\t<\/div>\n\t\t\t\t<div class=\"elementor-element elementor-element-7105e72 elementor-widget elementor-widget-heading\" data-id=\"7105e72\" data-element_type=\"widget\" data-e-type=\"widget\" data-widget_type=\"heading.default\">\n\t\t\t\t<div class=\"elementor-widget-container\">\n\t\t\t\t\t<h2 class=\"elementor-heading-title elementor-size-default\">From herbal doctor and herbal cook to herb farmer<\/h2>\t\t\t\t<\/div>\n\t\t\t\t<\/div>\n\t\t\t\t<div class=\"elementor-element elementor-element-2b44b56 elementor-widget elementor-widget-text-editor\" data-id=\"2b44b56\" data-element_type=\"widget\" data-e-type=\"widget\" data-widget_type=\"text-editor.default\">\n\t\t\t\t<div class=\"elementor-widget-container\">\n\t\t\t\t\t\t\t\t\t<p>Different times, different answers. My love for people, food and plants remains.<\/p>\n\t\t\t\t\t\t\t\t<\/div>\n\t\t\t\t<\/div>\n\t\t\t\t\t<\/div>\n\t\t<\/div>\n\t\t\t\t\t<\/div>\n\t\t<\/section>\n\t\t\t\t<section class=\"elementor-section elementor-top-section elementor-element elementor-element-1d8cfe29 elementor-section-boxed elementor-section-height-default elementor-section-height-default\" data-id=\"1d8cfe29\" data-element_type=\"section\" data-e-type=\"section\">\n\t\t\t\t\t\t<div class=\"elementor-container elementor-column-gap-no\">\n\t\t\t\t\t<div class=\"elementor-column elementor-col-100 elementor-top-column elementor-element elementor-element-4df0a84b elementor-invisible\" data-id=\"4df0a84b\" data-element_type=\"column\" data-e-type=\"column\" data-settings=\"{&quot;animation&quot;:&quot;fadeIn&quot;,&quot;animation_tablet&quot;:&quot;none&quot;,&quot;animation_mobile&quot;:&quot;none&quot;}\">\n\t\t\t<div class=\"elementor-widget-wrap elementor-element-populated\">\n\t\t\t\t\t\t<div class=\"elementor-element elementor-element-562f5253 elementor-widget elementor-widget-text-editor\" data-id=\"562f5253\" data-element_type=\"widget\" data-e-type=\"widget\" data-widget_type=\"text-editor.default\">\n\t\t\t\t<div class=\"elementor-widget-container\">\n\t\t\t\t\t\t\t\t\t<h4>&#8230; new times also need new answersHealth help for highly sensitive and others<\/h4>\n<p>Estimated visitor, estimated visitor<br \/>You have been redirected from my website <a href=\"https:\/\/ernaehrung-heilen.de\">www.ernaehrung-heilen.de<\/a> to my current website <a href=\"https:\/\/varzeamilagrosa.com\/en\/\">www.varzeamilagrosa.com<\/a> because &#8230;<\/p>\n<h4>&#8230; I have finished my medical practice in Germany<\/h4>\n<p>However, my love for people, food and plants has remained. And so, in my blog posts, I continue to provide you with my many years of knowledge and work around plants for cooking and health care. Find out more at <a href=\"https:\/\/varzeamilagrosa.com\/en\/blog\/\">www.varzeamilagrosa.com\/blog\/<\/a> <br \/>Your questions about the book &#8220;Bernhard B\u00fchr, Eva-Maria Engl &#8211; Ern\u00e4hrung f\u00fcr Hochsensible&#8221; will also continue to be answered. You can read more about this in the blog post Nutrition for Highly Sensitive People &#8211; the book.<\/p>\n<h4>&#8230; new times also need new answers<\/h4>\n<p>Already so far we &#8211; that is Bernhard and Eva-Maria &#8211; have dealt with herbs and aromaticas for cooking and health. With V\u00e1rzea Milagrosa we now focus on the basis of all this:<br \/>the cultivation and preparation of herbs and aromatic ingredients for cooking and health.<br \/>With the harvest 2024 we now offer <a href=\"https:\/\/varzeamilagrosa.com\/en\/olives-olive-oil\/\">olive and olive oil<\/a> and <a href=\"https:\/\/varzeamilagrosa.com\/en\/herbs-and-flowers\/\">herbs flower products<\/a>. Of course, we also remain true to our holistic approach.<br \/>You can find out more about our quality standards, our <a href=\"https:\/\/varzeamilagrosa.com\/en\/project\/\">project<\/a> and <a href=\"https:\/\/varzeamilagrosa.com\/en\/\">V\u00e1rzea Milagrosa<\/a> on our current website V\u00e1rzea Milagrosa.<br \/>If you would like to contact us personally, you will find everything you need to know under <a href=\"https:\/\/varzeamilagrosa.com\/en\/contact\/\">Contact<\/a>.<\/p>\n\t\t\t\t\t\t\t\t<\/div>\n\t\t\t\t<\/div>\n\t\t\t\t\t<\/div>\n\t\t<\/div>\n\t\t\t\t\t<\/div>\n\t\t<\/section>\n\t\t\t\t<\/div>\n\t\t","protected":false},"excerpt":{"rendered":"<p>From herbal doctor and herbal cook to herb farmer Different times, different answers. My love for people, food and plants remains. &#8230; new times also need new answersHealth help for highly sensitive and others Estimated visitor, estimated visitorYou have been redirected from my website www.ernaehrung-heilen.de to my current website www.varzeamilagrosa.com because &#8230; &#8230; I have [&hellip;]<\/p>\n","protected":false},"author":1,"featured_media":0,"parent":0,"menu_order":0,"comment_status":"closed","ping_status":"closed","template":"","meta":{"_monsterinsights_skip_tracking":false,"_monsterinsights_sitenote_active":false,"_monsterinsights_sitenote_note":"","_monsterinsights_sitenote_category":0,"footnotes":""},"class_list":["post-4307","page","type-page","status-publish","hentry"],"yoast_head":"<!-- This site is optimized with the Yoast SEO plugin v25.9 - https:\/\/yoast.com\/wordpress\/plugins\/seo\/ -->\n<title>Landing Page - V\u00e1rzea Milagrosa<\/title>\n<meta name=\"robots\" content=\"index, follow, max-snippet:-1, max-image-preview:large, max-video-preview:-1\" \/>\n<link rel=\"canonical\" href=\"https:\/\/varzeamilagrosa.com\/en\/landing-page\/\" \/>\n<meta property=\"og:locale\" content=\"en_US\" \/>\n<meta property=\"og:type\" content=\"article\" \/>\n<meta property=\"og:title\" content=\"Landing Page - V\u00e1rzea Milagrosa\" \/>\n<meta property=\"og:description\" content=\"From herbal doctor and herbal cook to herb farmer Different times, different answers. My love for people, food and plants remains. &#8230; new times also need new answersHealth help for highly sensitive and others Estimated visitor, estimated visitorYou have been redirected from my website www.ernaehrung-heilen.de to my current website www.varzeamilagrosa.com because &#8230; &#8230; I have [&hellip;]\" \/>\n<meta property=\"og:url\" content=\"https:\/\/varzeamilagrosa.com\/en\/landing-page\/\" \/>\n<meta property=\"og:site_name\" content=\"V\u00e1rzea Milagrosa\" \/>\n<meta property=\"article:modified_time\" content=\"2025-09-27T09:27:56+00:00\" \/>\n<meta property=\"og:image\" content=\"https:\/\/varzeamilagrosa.com\/wp-content\/uploads\/elementor\/thumbs\/Kraeuterwiese-1-1-pzd3m8ltijai77ipf5loaqlhapk4vtjnk6u36brveo.jpg\" \/>\n<meta name=\"twitter:card\" content=\"summary_large_image\" \/>\n<meta name=\"twitter:label1\" content=\"Est. reading time\" \/>\n\t<meta name=\"twitter:data1\" content=\"2 minutes\" \/>\n<script type=\"application\/ld+json\" class=\"yoast-schema-graph\">{\"@context\":\"https:\/\/schema.org\",\"@graph\":[{\"@type\":\"WebPage\",\"@id\":\"https:\/\/varzeamilagrosa.com\/en\/landing-page\/\",\"url\":\"https:\/\/varzeamilagrosa.com\/en\/landing-page\/\",\"name\":\"Landing Page - V\u00e1rzea Milagrosa\",\"isPartOf\":{\"@id\":\"https:\/\/varzeamilagrosa.com\/#website\"},\"primaryImageOfPage\":{\"@id\":\"https:\/\/varzeamilagrosa.com\/en\/landing-page\/#primaryimage\"},\"image\":{\"@id\":\"https:\/\/varzeamilagrosa.com\/en\/landing-page\/#primaryimage\"},\"thumbnailUrl\":\"https:\/\/varzeamilagrosa.com\/wp-content\/uploads\/elementor\/thumbs\/Kraeuterwiese-1-1-pzd3m8ltijai77ipf5loaqlhapk4vtjnk6u36brveo.jpg\",\"datePublished\":\"2022-12-15T07:41:50+00:00\",\"dateModified\":\"2025-09-27T09:27:56+00:00\",\"breadcrumb\":{\"@id\":\"https:\/\/varzeamilagrosa.com\/en\/landing-page\/#breadcrumb\"},\"inLanguage\":\"en-US\",\"potentialAction\":[{\"@type\":\"ReadAction\",\"target\":[\"https:\/\/varzeamilagrosa.com\/en\/landing-page\/\"]}]},{\"@type\":\"ImageObject\",\"inLanguage\":\"en-US\",\"@id\":\"https:\/\/varzeamilagrosa.com\/en\/landing-page\/#primaryimage\",\"url\":\"https:\/\/varzeamilagrosa.com\/wp-content\/uploads\/elementor\/thumbs\/Kraeuterwiese-1-1-pzd3m8ltijai77ipf5loaqlhapk4vtjnk6u36brveo.jpg\",\"contentUrl\":\"https:\/\/varzeamilagrosa.com\/wp-content\/uploads\/elementor\/thumbs\/Kraeuterwiese-1-1-pzd3m8ltijai77ipf5loaqlhapk4vtjnk6u36brveo.jpg\"},{\"@type\":\"BreadcrumbList\",\"@id\":\"https:\/\/varzeamilagrosa.com\/en\/landing-page\/#breadcrumb\",\"itemListElement\":[{\"@type\":\"ListItem\",\"position\":1,\"name\":\"Startseite\",\"item\":\"https:\/\/varzeamilagrosa.com\/\"},{\"@type\":\"ListItem\",\"position\":2,\"name\":\"Landing Page\"}]},{\"@type\":\"WebSite\",\"@id\":\"https:\/\/varzeamilagrosa.com\/#website\",\"url\":\"https:\/\/varzeamilagrosa.com\/\",\"name\":\"V\u00e1rzea Milagrosa\",\"description\":\"\",\"publisher\":{\"@id\":\"https:\/\/varzeamilagrosa.com\/#organization\"},\"potentialAction\":[{\"@type\":\"SearchAction\",\"target\":{\"@type\":\"EntryPoint\",\"urlTemplate\":\"https:\/\/varzeamilagrosa.com\/?s={search_term_string}\"},\"query-input\":{\"@type\":\"PropertyValueSpecification\",\"valueRequired\":true,\"valueName\":\"search_term_string\"}}],\"inLanguage\":\"en-US\"},{\"@type\":\"Organization\",\"@id\":\"https:\/\/varzeamilagrosa.com\/#organization\",\"name\":\"V\u00e1rzea Milagrosa\",\"url\":\"https:\/\/varzeamilagrosa.com\/\",\"logo\":{\"@type\":\"ImageObject\",\"inLanguage\":\"en-US\",\"@id\":\"https:\/\/varzeamilagrosa.com\/#\/schema\/logo\/image\/\",\"url\":\"https:\/\/varzeamilagrosa.com\/wp-content\/uploads\/2022\/11\/cropped-vm-logo-1.png\",\"contentUrl\":\"https:\/\/varzeamilagrosa.com\/wp-content\/uploads\/2022\/11\/cropped-vm-logo-1.png\",\"width\":251,\"height\":143,\"caption\":\"V\u00e1rzea Milagrosa\"},\"image\":{\"@id\":\"https:\/\/varzeamilagrosa.com\/#\/schema\/logo\/image\/\"}}]}<\/script>\n<!-- \/ Yoast SEO plugin. -->","yoast_head_json":{"title":"Landing Page - V\u00e1rzea Milagrosa","robots":{"index":"index","follow":"follow","max-snippet":"max-snippet:-1","max-image-preview":"max-image-preview:large","max-video-preview":"max-video-preview:-1"},"canonical":"https:\/\/varzeamilagrosa.com\/en\/landing-page\/","og_locale":"en_US","og_type":"article","og_title":"Landing Page - V\u00e1rzea Milagrosa","og_description":"From herbal doctor and herbal cook to herb farmer Different times, different answers. My love for people, food and plants remains. &#8230; new times also need new answersHealth help for highly sensitive and others Estimated visitor, estimated visitorYou have been redirected from my website www.ernaehrung-heilen.de to my current website www.varzeamilagrosa.com because &#8230; &#8230; I have [&hellip;]","og_url":"https:\/\/varzeamilagrosa.com\/en\/landing-page\/","og_site_name":"V\u00e1rzea Milagrosa","article_modified_time":"2025-09-27T09:27:56+00:00","og_image":[{"url":"https:\/\/varzeamilagrosa.com\/wp-content\/uploads\/elementor\/thumbs\/Kraeuterwiese-1-1-pzd3m8ltijai77ipf5loaqlhapk4vtjnk6u36brveo.jpg","type":"","width":"","height":""}],"twitter_card":"summary_large_image","twitter_misc":{"Est. reading time":"2 minutes"},"schema":{"@context":"https:\/\/schema.org","@graph":[{"@type":"WebPage","@id":"https:\/\/varzeamilagrosa.com\/en\/landing-page\/","url":"https:\/\/varzeamilagrosa.com\/en\/landing-page\/","name":"Landing Page - V\u00e1rzea Milagrosa","isPartOf":{"@id":"https:\/\/varzeamilagrosa.com\/#website"},"primaryImageOfPage":{"@id":"https:\/\/varzeamilagrosa.com\/en\/landing-page\/#primaryimage"},"image":{"@id":"https:\/\/varzeamilagrosa.com\/en\/landing-page\/#primaryimage"},"thumbnailUrl":"https:\/\/varzeamilagrosa.com\/wp-content\/uploads\/elementor\/thumbs\/Kraeuterwiese-1-1-pzd3m8ltijai77ipf5loaqlhapk4vtjnk6u36brveo.jpg","datePublished":"2022-12-15T07:41:50+00:00","dateModified":"2025-09-27T09:27:56+00:00","breadcrumb":{"@id":"https:\/\/varzeamilagrosa.com\/en\/landing-page\/#breadcrumb"},"inLanguage":"en-US","potentialAction":[{"@type":"ReadAction","target":["https:\/\/varzeamilagrosa.com\/en\/landing-page\/"]}]},{"@type":"ImageObject","inLanguage":"en-US","@id":"https:\/\/varzeamilagrosa.com\/en\/landing-page\/#primaryimage","url":"https:\/\/varzeamilagrosa.com\/wp-content\/uploads\/elementor\/thumbs\/Kraeuterwiese-1-1-pzd3m8ltijai77ipf5loaqlhapk4vtjnk6u36brveo.jpg","contentUrl":"https:\/\/varzeamilagrosa.com\/wp-content\/uploads\/elementor\/thumbs\/Kraeuterwiese-1-1-pzd3m8ltijai77ipf5loaqlhapk4vtjnk6u36brveo.jpg"},{"@type":"BreadcrumbList","@id":"https:\/\/varzeamilagrosa.com\/en\/landing-page\/#breadcrumb","itemListElement":[{"@type":"ListItem","position":1,"name":"Startseite","item":"https:\/\/varzeamilagrosa.com\/"},{"@type":"ListItem","position":2,"name":"Landing Page"}]},{"@type":"WebSite","@id":"https:\/\/varzeamilagrosa.com\/#website","url":"https:\/\/varzeamilagrosa.com\/","name":"V\u00e1rzea Milagrosa","description":"","publisher":{"@id":"https:\/\/varzeamilagrosa.com\/#organization"},"potentialAction":[{"@type":"SearchAction","target":{"@type":"EntryPoint","urlTemplate":"https:\/\/varzeamilagrosa.com\/?s={search_term_string}"},"query-input":{"@type":"PropertyValueSpecification","valueRequired":true,"valueName":"search_term_string"}}],"inLanguage":"en-US"},{"@type":"Organization","@id":"https:\/\/varzeamilagrosa.com\/#organization","name":"V\u00e1rzea Milagrosa","url":"https:\/\/varzeamilagrosa.com\/","logo":{"@type":"ImageObject","inLanguage":"en-US","@id":"https:\/\/varzeamilagrosa.com\/#\/schema\/logo\/image\/","url":"https:\/\/varzeamilagrosa.com\/wp-content\/uploads\/2022\/11\/cropped-vm-logo-1.png","contentUrl":"https:\/\/varzeamilagrosa.com\/wp-content\/uploads\/2022\/11\/cropped-vm-logo-1.png","width":251,"height":143,"caption":"V\u00e1rzea Milagrosa"},"image":{"@id":"https:\/\/varzeamilagrosa.com\/#\/schema\/logo\/image\/"}}]}},"_links":{"self":[{"href":"https:\/\/varzeamilagrosa.com\/en\/wp-json\/wp\/v2\/pages\/4307","targetHints":{"allow":["GET"]}}],"collection":[{"href":"https:\/\/varzeamilagrosa.com\/en\/wp-json\/wp\/v2\/pages"}],"about":[{"href":"https:\/\/varzeamilagrosa.com\/en\/wp-json\/wp\/v2\/types\/page"}],"author":[{"embeddable":true,"href":"https:\/\/varzeamilagrosa.com\/en\/wp-json\/wp\/v2\/users\/1"}],"replies":[{"embeddable":true,"href":"https:\/\/varzeamilagrosa.com\/en\/wp-json\/wp\/v2\/comments?post=4307"}],"version-history":[{"count":0,"href":"https:\/\/varzeamilagrosa.com\/en\/wp-json\/wp\/v2\/pages\/4307\/revisions"}],"wp:attachment":[{"href":"https:\/\/varzeamilagrosa.com\/en\/wp-json\/wp\/v2\/media?parent=4307"}],"curies":[{"name":"wp","href":"https:\/\/api.w.org\/{rel}","templated":true}]}}