{"id":4032,"date":"2022-10-18T17:14:56","date_gmt":"2022-10-18T15:14:56","guid":{"rendered":"https:\/\/varzeamilagrosa.com\/introducao\/"},"modified":"2025-09-27T11:37:05","modified_gmt":"2025-09-27T09:37:05","slug":"introducao","status":"publish","type":"page","link":"https:\/\/varzeamilagrosa.com\/pt-pt\/introducao\/","title":{"rendered":"Introdu\u00e7\u00e3o"},"content":{"rendered":"\t\t<div data-elementor-type=\"wp-page\" data-elementor-id=\"4032\" class=\"elementor elementor-4032 elementor-3210\">\n\t\t\t\t\t\t<section class=\"elementor-section elementor-top-section elementor-element elementor-element-c2a8b9c elementor-section-boxed elementor-section-height-default elementor-section-height-default\" data-id=\"c2a8b9c\" data-element_type=\"section\" data-e-type=\"section\" data-settings=\"{&quot;background_background&quot;:&quot;classic&quot;}\">\n\t\t\t\t\t\t<div class=\"elementor-container elementor-column-gap-no\">\n\t\t\t\t\t<div class=\"elementor-column elementor-col-100 elementor-top-column elementor-element elementor-element-67af35f\" data-id=\"67af35f\" data-element_type=\"column\" data-e-type=\"column\">\n\t\t\t<div class=\"elementor-widget-wrap elementor-element-populated\">\n\t\t\t\t\t\t<div class=\"elementor-element elementor-element-f243e0a elementor-widget elementor-widget-woocommerce-breadcrumb\" data-id=\"f243e0a\" data-element_type=\"widget\" data-e-type=\"widget\" data-widget_type=\"woocommerce-breadcrumb.default\">\n\t\t\t\t<div class=\"elementor-widget-container\">\n\t\t\t\t\t<nav class=\"woocommerce-breadcrumb\" aria-label=\"Breadcrumb\">In\u00edcio<\/nav>\t\t\t\t<\/div>\n\t\t\t\t<\/div>\n\t\t\t\t\t<\/div>\n\t\t<\/div>\n\t\t\t\t\t<\/div>\n\t\t<\/section>\n\t\t\t\t<section class=\"elementor-section elementor-top-section elementor-element elementor-element-2747fcdc elementor-section-boxed elementor-section-height-default elementor-section-height-default\" data-id=\"2747fcdc\" data-element_type=\"section\" data-e-type=\"section\">\n\t\t\t\t\t\t<div class=\"elementor-container elementor-column-gap-no\">\n\t\t\t\t\t<div class=\"elementor-column elementor-col-100 elementor-top-column elementor-element elementor-element-551dff79\" data-id=\"551dff79\" data-element_type=\"column\" data-e-type=\"column\">\n\t\t\t<div class=\"elementor-widget-wrap elementor-element-populated\">\n\t\t\t\t\t\t<div class=\"elementor-element elementor-element-38ace2a3 elementor-widget-tablet__width-initial elementor-widget elementor-widget-image\" data-id=\"38ace2a3\" data-element_type=\"widget\" data-e-type=\"widget\" data-widget_type=\"image.default\">\n\t\t\t\t<div class=\"elementor-widget-container\">\n\t\t\t\t\t\t\t\t\t\t\t\t\t\t\t<img fetchpriority=\"high\" decoding=\"async\" width=\"800\" height=\"534\" src=\"https:\/\/varzeamilagrosa.com\/wp-content\/uploads\/2022\/09\/lackzistrose.png\" class=\"attachment-large size-large wp-image-3788\" alt=\"\" srcset=\"https:\/\/varzeamilagrosa.com\/wp-content\/uploads\/2022\/09\/lackzistrose.png 1000w, https:\/\/varzeamilagrosa.com\/wp-content\/uploads\/2022\/09\/lackzistrose-300x200.png 300w, https:\/\/varzeamilagrosa.com\/wp-content\/uploads\/2022\/09\/lackzistrose-768x512.png 768w, https:\/\/varzeamilagrosa.com\/wp-content\/uploads\/2022\/09\/lackzistrose-600x400.png 600w\" sizes=\"(max-width: 800px) 100vw, 800px\" \/>\t\t\t\t\t\t\t\t\t\t\t\t\t\t\t<\/div>\n\t\t\t\t<\/div>\n\t\t\t\t\t<\/div>\n\t\t<\/div>\n\t\t\t\t<div class=\"elementor-column elementor-col-100 elementor-top-column elementor-element elementor-element-d75b103 elementor-invisible\" data-id=\"d75b103\" data-element_type=\"column\" data-e-type=\"column\" data-settings=\"{&quot;animation&quot;:&quot;fadeInRight&quot;,&quot;animation_tablet&quot;:&quot;none&quot;,&quot;animation_mobile&quot;:&quot;none&quot;}\">\n\t\t\t<div class=\"elementor-widget-wrap elementor-element-populated\">\n\t\t\t\t\t\t<div class=\"elementor-element elementor-element-123d9139 elementor-widget__width-auto elementor-widget-divider--view-line elementor-invisible elementor-widget elementor-widget-divider\" data-id=\"123d9139\" data-element_type=\"widget\" data-e-type=\"widget\" data-settings=\"{&quot;_animation&quot;:&quot;zoomIn&quot;,&quot;_animation_tablet&quot;:&quot;none&quot;,&quot;_animation_mobile&quot;:&quot;none&quot;,&quot;_animation_delay&quot;:1000}\" data-widget_type=\"divider.default\">\n\t\t\t\t<div class=\"elementor-widget-container\">\n\t\t\t\t\t\t\t<div class=\"elementor-divider\">\n\t\t\t<span class=\"elementor-divider-separator\">\n\t\t\t\t\t\t<\/span>\n\t\t<\/div>\n\t\t\t\t\t\t<\/div>\n\t\t\t\t<\/div>\n\t\t\t\t<div class=\"elementor-element elementor-element-7e132717 elementor-widget elementor-widget-heading\" data-id=\"7e132717\" data-element_type=\"widget\" data-e-type=\"widget\" data-widget_type=\"heading.default\">\n\t\t\t\t<div class=\"elementor-widget-container\">\n\t\t\t\t\t<h2 class=\"elementor-heading-title elementor-size-default\">Azeite e ervas selvagens do Alentejo (Portugal)<\/h2>\t\t\t\t<\/div>\n\t\t\t\t<\/div>\n\t\t\t\t<div class=\"elementor-element elementor-element-4477fdb1 elementor-widget elementor-widget-text-editor\" data-id=\"4477fdb1\" data-element_type=\"widget\" data-e-type=\"widget\" data-widget_type=\"text-editor.default\">\n\t\t\t\t<div class=\"elementor-widget-container\">\n\t\t\t\t\t\t\t\t\t<p>Um pequeno vale fluvial ladeado por fileiras de azeitonas, rodeado de ervas, cones de ard\u00f3sia \u00edngremes com rosas de rocha e lavanda &#8230; e um antigo local de produ\u00e7\u00e3o atr\u00e1s de um port\u00e3o verde sem adornos. \u00c9 assim que a nossa Herdade no Alentejo se apresenta actualmente ao visitante. Desde 2021, temos posto o nosso cora\u00e7\u00e3o e a nossa alma a dar uma nova vida a este s\u00edtio abandonado.<\/p>\n\t\t\t\t\t\t\t\t<\/div>\n\t\t\t\t<\/div>\n\t\t\t\t\t<\/div>\n\t\t<\/div>\n\t\t\t\t\t<\/div>\n\t\t<\/section>\n\t\t\t\t<section class=\"elementor-section elementor-top-section elementor-element elementor-element-20ad9fe5 elementor-section-boxed elementor-section-height-default elementor-section-height-default\" data-id=\"20ad9fe5\" data-element_type=\"section\" data-e-type=\"section\">\n\t\t\t\t\t\t<div class=\"elementor-container elementor-column-gap-no\">\n\t\t\t\t\t<div class=\"elementor-column elementor-col-100 elementor-top-column elementor-element elementor-element-6998a2c8 elementor-invisible\" data-id=\"6998a2c8\" data-element_type=\"column\" data-e-type=\"column\" data-settings=\"{&quot;animation&quot;:&quot;fadeIn&quot;,&quot;animation_tablet&quot;:&quot;none&quot;,&quot;animation_mobile&quot;:&quot;none&quot;}\">\n\t\t\t<div class=\"elementor-widget-wrap elementor-element-populated\">\n\t\t\t\t\t\t<div class=\"elementor-element elementor-element-3b9c7ef0 elementor-widget elementor-widget-text-editor\" data-id=\"3b9c7ef0\" data-element_type=\"widget\" data-e-type=\"widget\" data-widget_type=\"text-editor.default\">\n\t\t\t\t<div class=\"elementor-widget-container\">\n\t\t\t\t\t\t\t\t\t<p>O sul de Portugal \u00e9 uma das zonas mais c\u00e9nicas da Pen\u00ednsula Ib\u00e9rica. No oeste, o Oceano Atl\u00e2ntico sobe contra as costas rochosas da Costa Vicentina, criando um Eldorado para surfistas e amantes da natureza. No sul, o Algarve atrai todos os anos turistas de todo o mundo com as suas praias arenosas, fal\u00e9sias calc\u00e1rias bizarras e vida nocturna. Mas apenas uma hora de carro para o interior, n\u00e3o h\u00e1 sinal de nada disto. Pequenos povoados dispersos, alguns olivais e campos, planta\u00e7\u00f5es de eucaliptos e muitas terras sobre-cobertas &#8230; o Baixo Alentejo caracteriza-se agora por um \u00eaxodo rural que se prolonga h\u00e1 d\u00e9cadas.<\/p><p>No meio desta regi\u00e3o abandonada, assumimos uma planta\u00e7\u00e3o de oliveiras abandonadas e muita mato. O Mato, que \u00e9 o matagal \u00e1rido que cobre as encostas abandonadas aqui ap\u00f3s alguns anos. Sobreiro (sobreiro), Medronheiro (medronheiro), Esteva (esteva lacada) e Rosmaninho (lavanda cristalizada) e muitas outras ervas selvagens podem ent\u00e3o ser encontradas.<\/p><p>Desde o Outono passado (2021) estamos agora no processo de revitaliza\u00e7\u00e3o da nossa Herdade. A repara\u00e7\u00e3o das planta\u00e7\u00f5es e edif\u00edcios levar\u00e1 anos. A partir da colheita de 2024, teremos o nosso primeiro <a href=\"https:\/\/varzeamilagrosa.com\/pt-pt\/azeitonas-e-azeite\/\">azeite e azeitonas<\/a>. Seguir-se-\u00e3o os preparativos com o nosso azeite e mel. Assim, tamb\u00e9m se pode aguardar ansiosamente por \u00f3leos de ervas selvagens, <a href=\"https:\/\/varzeamilagrosa.com\/pt-pt\/ervas-e-flores\/\">ess\u00eancias de flores<\/a>, pesto feito a partir de funcho selvagem e outras especialidades de ervas selvagens. E dentro de alguns anos poderemos tamb\u00e9m mim\u00e1-lo com iguarias feitas de figos, marmelos, laranja amarga, yuzus e outros citrinos especiais.<\/p><p>Pode saber mais sobre o que fazemos no nosso <a href=\"https:\/\/varzeamilagrosa.com\/pt-pt\/blog\/\">blogue<\/a> ou receber as \u00faltimas not\u00edcias no nosso boletim informativo.<\/p>\t\t\t\t\t\t\t\t<\/div>\n\t\t\t\t<\/div>\n\t\t\t\t\t<\/div>\n\t\t<\/div>\n\t\t\t\t\t<\/div>\n\t\t<\/section>\n\t\t\t\t<\/div>\n\t\t","protected":false},"excerpt":{"rendered":"<p>Azeite e ervas selvagens do Alentejo (Portugal) Um pequeno vale fluvial ladeado por fileiras de azeitonas, rodeado de ervas, cones de ard\u00f3sia \u00edngremes com rosas de rocha e lavanda &#8230; e um antigo local de produ\u00e7\u00e3o atr\u00e1s de um port\u00e3o verde sem adornos. \u00c9 assim que a nossa Herdade no Alentejo se apresenta actualmente ao [&hellip;]<\/p>\n","protected":false},"author":1,"featured_media":0,"parent":0,"menu_order":0,"comment_status":"closed","ping_status":"closed","template":"","meta":{"_monsterinsights_skip_tracking":false,"_monsterinsights_sitenote_active":false,"_monsterinsights_sitenote_note":"","_monsterinsights_sitenote_category":0,"footnotes":""},"class_list":["post-4032","page","type-page","status-publish","hentry"],"yoast_head":"<!-- This site is optimized with the Yoast SEO plugin v25.9 - https:\/\/yoast.com\/wordpress\/plugins\/seo\/ -->\n<title>Introdu\u00e7\u00e3o - V\u00e1rzea Milagrosa<\/title>\n<meta name=\"robots\" content=\"index, follow, max-snippet:-1, max-image-preview:large, max-video-preview:-1\" \/>\n<link rel=\"canonical\" href=\"https:\/\/varzeamilagrosa.com\/pt-pt\/introducao\/\" \/>\n<meta property=\"og:locale\" content=\"pt_PT\" \/>\n<meta property=\"og:type\" content=\"article\" \/>\n<meta property=\"og:title\" content=\"Introdu\u00e7\u00e3o - V\u00e1rzea Milagrosa\" \/>\n<meta property=\"og:description\" content=\"Azeite e ervas selvagens do Alentejo (Portugal) Um pequeno vale fluvial ladeado por fileiras de azeitonas, rodeado de ervas, cones de ard\u00f3sia \u00edngremes com rosas de rocha e lavanda &#8230; e um antigo local de produ\u00e7\u00e3o atr\u00e1s de um port\u00e3o verde sem adornos. \u00c9 assim que a nossa Herdade no Alentejo se apresenta actualmente ao [&hellip;]\" \/>\n<meta property=\"og:url\" content=\"https:\/\/varzeamilagrosa.com\/pt-pt\/introducao\/\" \/>\n<meta property=\"og:site_name\" content=\"V\u00e1rzea Milagrosa\" \/>\n<meta property=\"article:modified_time\" content=\"2025-09-27T09:37:05+00:00\" \/>\n<meta property=\"og:image\" content=\"https:\/\/varzeamilagrosa.com\/wp-content\/uploads\/2022\/09\/lackzistrose.png\" \/>\n\t<meta property=\"og:image:width\" content=\"1000\" \/>\n\t<meta property=\"og:image:height\" content=\"667\" \/>\n\t<meta property=\"og:image:type\" content=\"image\/png\" \/>\n<meta name=\"twitter:card\" content=\"summary_large_image\" \/>\n<meta name=\"twitter:label1\" content=\"Tempo estimado de leitura\" \/>\n\t<meta name=\"twitter:data1\" content=\"3 minutos\" \/>\n<script type=\"application\/ld+json\" class=\"yoast-schema-graph\">{\"@context\":\"https:\/\/schema.org\",\"@graph\":[{\"@type\":\"WebPage\",\"@id\":\"https:\/\/varzeamilagrosa.com\/pt-pt\/introducao\/\",\"url\":\"https:\/\/varzeamilagrosa.com\/pt-pt\/introducao\/\",\"name\":\"Introdu\u00e7\u00e3o - V\u00e1rzea Milagrosa\",\"isPartOf\":{\"@id\":\"https:\/\/varzeamilagrosa.com\/#website\"},\"primaryImageOfPage\":{\"@id\":\"https:\/\/varzeamilagrosa.com\/pt-pt\/introducao\/#primaryimage\"},\"image\":{\"@id\":\"https:\/\/varzeamilagrosa.com\/pt-pt\/introducao\/#primaryimage\"},\"thumbnailUrl\":\"https:\/\/varzeamilagrosa.com\/wp-content\/uploads\/2022\/09\/lackzistrose.png\",\"datePublished\":\"2022-10-18T15:14:56+00:00\",\"dateModified\":\"2025-09-27T09:37:05+00:00\",\"breadcrumb\":{\"@id\":\"https:\/\/varzeamilagrosa.com\/pt-pt\/introducao\/#breadcrumb\"},\"inLanguage\":\"pt-PT\",\"potentialAction\":[{\"@type\":\"ReadAction\",\"target\":[\"https:\/\/varzeamilagrosa.com\/pt-pt\/introducao\/\"]}]},{\"@type\":\"ImageObject\",\"inLanguage\":\"pt-PT\",\"@id\":\"https:\/\/varzeamilagrosa.com\/pt-pt\/introducao\/#primaryimage\",\"url\":\"https:\/\/varzeamilagrosa.com\/wp-content\/uploads\/2022\/09\/lackzistrose.png\",\"contentUrl\":\"https:\/\/varzeamilagrosa.com\/wp-content\/uploads\/2022\/09\/lackzistrose.png\"},{\"@type\":\"BreadcrumbList\",\"@id\":\"https:\/\/varzeamilagrosa.com\/pt-pt\/introducao\/#breadcrumb\",\"itemListElement\":[{\"@type\":\"ListItem\",\"position\":1,\"name\":\"Startseite\",\"item\":\"https:\/\/varzeamilagrosa.com\/pt-pt\/\"},{\"@type\":\"ListItem\",\"position\":2,\"name\":\"Introdu\u00e7\u00e3o\"}]},{\"@type\":\"WebSite\",\"@id\":\"https:\/\/varzeamilagrosa.com\/#website\",\"url\":\"https:\/\/varzeamilagrosa.com\/\",\"name\":\"V\u00e1rzea Milagrosa\",\"description\":\"\",\"publisher\":{\"@id\":\"https:\/\/varzeamilagrosa.com\/#organization\"},\"potentialAction\":[{\"@type\":\"SearchAction\",\"target\":{\"@type\":\"EntryPoint\",\"urlTemplate\":\"https:\/\/varzeamilagrosa.com\/?s={search_term_string}\"},\"query-input\":{\"@type\":\"PropertyValueSpecification\",\"valueRequired\":true,\"valueName\":\"search_term_string\"}}],\"inLanguage\":\"pt-PT\"},{\"@type\":\"Organization\",\"@id\":\"https:\/\/varzeamilagrosa.com\/#organization\",\"name\":\"V\u00e1rzea Milagrosa\",\"url\":\"https:\/\/varzeamilagrosa.com\/\",\"logo\":{\"@type\":\"ImageObject\",\"inLanguage\":\"pt-PT\",\"@id\":\"https:\/\/varzeamilagrosa.com\/#\/schema\/logo\/image\/\",\"url\":\"https:\/\/varzeamilagrosa.com\/wp-content\/uploads\/2022\/11\/cropped-vm-logo-1.png\",\"contentUrl\":\"https:\/\/varzeamilagrosa.com\/wp-content\/uploads\/2022\/11\/cropped-vm-logo-1.png\",\"width\":251,\"height\":143,\"caption\":\"V\u00e1rzea Milagrosa\"},\"image\":{\"@id\":\"https:\/\/varzeamilagrosa.com\/#\/schema\/logo\/image\/\"}}]}<\/script>\n<!-- \/ Yoast SEO plugin. -->","yoast_head_json":{"title":"Introdu\u00e7\u00e3o - V\u00e1rzea Milagrosa","robots":{"index":"index","follow":"follow","max-snippet":"max-snippet:-1","max-image-preview":"max-image-preview:large","max-video-preview":"max-video-preview:-1"},"canonical":"https:\/\/varzeamilagrosa.com\/pt-pt\/introducao\/","og_locale":"pt_PT","og_type":"article","og_title":"Introdu\u00e7\u00e3o - V\u00e1rzea Milagrosa","og_description":"Azeite e ervas selvagens do Alentejo (Portugal) Um pequeno vale fluvial ladeado por fileiras de azeitonas, rodeado de ervas, cones de ard\u00f3sia \u00edngremes com rosas de rocha e lavanda &#8230; e um antigo local de produ\u00e7\u00e3o atr\u00e1s de um port\u00e3o verde sem adornos. \u00c9 assim que a nossa Herdade no Alentejo se apresenta actualmente ao [&hellip;]","og_url":"https:\/\/varzeamilagrosa.com\/pt-pt\/introducao\/","og_site_name":"V\u00e1rzea Milagrosa","article_modified_time":"2025-09-27T09:37:05+00:00","og_image":[{"width":1000,"height":667,"url":"https:\/\/varzeamilagrosa.com\/wp-content\/uploads\/2022\/09\/lackzistrose.png","type":"image\/png"}],"twitter_card":"summary_large_image","twitter_misc":{"Tempo estimado de leitura":"3 minutos"},"schema":{"@context":"https:\/\/schema.org","@graph":[{"@type":"WebPage","@id":"https:\/\/varzeamilagrosa.com\/pt-pt\/introducao\/","url":"https:\/\/varzeamilagrosa.com\/pt-pt\/introducao\/","name":"Introdu\u00e7\u00e3o - V\u00e1rzea Milagrosa","isPartOf":{"@id":"https:\/\/varzeamilagrosa.com\/#website"},"primaryImageOfPage":{"@id":"https:\/\/varzeamilagrosa.com\/pt-pt\/introducao\/#primaryimage"},"image":{"@id":"https:\/\/varzeamilagrosa.com\/pt-pt\/introducao\/#primaryimage"},"thumbnailUrl":"https:\/\/varzeamilagrosa.com\/wp-content\/uploads\/2022\/09\/lackzistrose.png","datePublished":"2022-10-18T15:14:56+00:00","dateModified":"2025-09-27T09:37:05+00:00","breadcrumb":{"@id":"https:\/\/varzeamilagrosa.com\/pt-pt\/introducao\/#breadcrumb"},"inLanguage":"pt-PT","potentialAction":[{"@type":"ReadAction","target":["https:\/\/varzeamilagrosa.com\/pt-pt\/introducao\/"]}]},{"@type":"ImageObject","inLanguage":"pt-PT","@id":"https:\/\/varzeamilagrosa.com\/pt-pt\/introducao\/#primaryimage","url":"https:\/\/varzeamilagrosa.com\/wp-content\/uploads\/2022\/09\/lackzistrose.png","contentUrl":"https:\/\/varzeamilagrosa.com\/wp-content\/uploads\/2022\/09\/lackzistrose.png"},{"@type":"BreadcrumbList","@id":"https:\/\/varzeamilagrosa.com\/pt-pt\/introducao\/#breadcrumb","itemListElement":[{"@type":"ListItem","position":1,"name":"Startseite","item":"https:\/\/varzeamilagrosa.com\/pt-pt\/"},{"@type":"ListItem","position":2,"name":"Introdu\u00e7\u00e3o"}]},{"@type":"WebSite","@id":"https:\/\/varzeamilagrosa.com\/#website","url":"https:\/\/varzeamilagrosa.com\/","name":"V\u00e1rzea Milagrosa","description":"","publisher":{"@id":"https:\/\/varzeamilagrosa.com\/#organization"},"potentialAction":[{"@type":"SearchAction","target":{"@type":"EntryPoint","urlTemplate":"https:\/\/varzeamilagrosa.com\/?s={search_term_string}"},"query-input":{"@type":"PropertyValueSpecification","valueRequired":true,"valueName":"search_term_string"}}],"inLanguage":"pt-PT"},{"@type":"Organization","@id":"https:\/\/varzeamilagrosa.com\/#organization","name":"V\u00e1rzea Milagrosa","url":"https:\/\/varzeamilagrosa.com\/","logo":{"@type":"ImageObject","inLanguage":"pt-PT","@id":"https:\/\/varzeamilagrosa.com\/#\/schema\/logo\/image\/","url":"https:\/\/varzeamilagrosa.com\/wp-content\/uploads\/2022\/11\/cropped-vm-logo-1.png","contentUrl":"https:\/\/varzeamilagrosa.com\/wp-content\/uploads\/2022\/11\/cropped-vm-logo-1.png","width":251,"height":143,"caption":"V\u00e1rzea Milagrosa"},"image":{"@id":"https:\/\/varzeamilagrosa.com\/#\/schema\/logo\/image\/"}}]}},"_links":{"self":[{"href":"https:\/\/varzeamilagrosa.com\/pt-pt\/wp-json\/wp\/v2\/pages\/4032","targetHints":{"allow":["GET"]}}],"collection":[{"href":"https:\/\/varzeamilagrosa.com\/pt-pt\/wp-json\/wp\/v2\/pages"}],"about":[{"href":"https:\/\/varzeamilagrosa.com\/pt-pt\/wp-json\/wp\/v2\/types\/page"}],"author":[{"embeddable":true,"href":"https:\/\/varzeamilagrosa.com\/pt-pt\/wp-json\/wp\/v2\/users\/1"}],"replies":[{"embeddable":true,"href":"https:\/\/varzeamilagrosa.com\/pt-pt\/wp-json\/wp\/v2\/comments?post=4032"}],"version-history":[{"count":0,"href":"https:\/\/varzeamilagrosa.com\/pt-pt\/wp-json\/wp\/v2\/pages\/4032\/revisions"}],"wp:attachment":[{"href":"https:\/\/varzeamilagrosa.com\/pt-pt\/wp-json\/wp\/v2\/media?parent=4032"}],"curies":[{"name":"wp","href":"https:\/\/api.w.org\/{rel}","templated":true}]}}