{"id":4039,"date":"2022-10-04T16:40:34","date_gmt":"2022-10-04T14:40:34","guid":{"rendered":"https:\/\/varzeamilagrosa.com\/ervas-e-flores\/"},"modified":"2025-09-27T11:35:26","modified_gmt":"2025-09-27T09:35:26","slug":"ervas-e-flores","status":"publish","type":"page","link":"https:\/\/varzeamilagrosa.com\/pt-pt\/ervas-e-flores\/","title":{"rendered":"Ervas e flores"},"content":{"rendered":"\t\t<div data-elementor-type=\"wp-page\" data-elementor-id=\"4039\" class=\"elementor elementor-4039 elementor-477\">\n\t\t\t\t\t\t<section class=\"elementor-section elementor-top-section elementor-element elementor-element-b3efbf2 elementor-section-boxed elementor-section-height-default elementor-section-height-default\" data-id=\"b3efbf2\" data-element_type=\"section\" data-e-type=\"section\" data-settings=\"{&quot;background_background&quot;:&quot;classic&quot;}\">\n\t\t\t\t\t\t<div class=\"elementor-container elementor-column-gap-no\">\n\t\t\t\t\t<div class=\"elementor-column elementor-col-100 elementor-top-column elementor-element elementor-element-1aacbdb\" data-id=\"1aacbdb\" data-element_type=\"column\" data-e-type=\"column\">\n\t\t\t<div class=\"elementor-widget-wrap elementor-element-populated\">\n\t\t\t\t\t\t<div class=\"elementor-element elementor-element-759a69b elementor-widget elementor-widget-woocommerce-breadcrumb\" data-id=\"759a69b\" data-element_type=\"widget\" data-e-type=\"widget\" data-widget_type=\"woocommerce-breadcrumb.default\">\n\t\t\t\t<div class=\"elementor-widget-container\">\n\t\t\t\t\t<nav class=\"woocommerce-breadcrumb\" aria-label=\"Breadcrumb\">In\u00edcio<\/nav>\t\t\t\t<\/div>\n\t\t\t\t<\/div>\n\t\t\t\t\t<\/div>\n\t\t<\/div>\n\t\t\t\t\t<\/div>\n\t\t<\/section>\n\t\t\t\t<section class=\"elementor-section elementor-top-section elementor-element elementor-element-25777ffc elementor-section-boxed elementor-section-height-default elementor-section-height-default\" data-id=\"25777ffc\" data-element_type=\"section\" data-e-type=\"section\">\n\t\t\t\t\t\t<div class=\"elementor-container elementor-column-gap-no\">\n\t\t\t\t\t<div class=\"elementor-column elementor-col-100 elementor-top-column elementor-element elementor-element-68dcc984\" data-id=\"68dcc984\" data-element_type=\"column\" data-e-type=\"column\">\n\t\t\t<div class=\"elementor-widget-wrap elementor-element-populated\">\n\t\t\t\t\t\t<div class=\"elementor-element elementor-element-1b98b2d3 elementor-widget-tablet__width-initial elementor-widget elementor-widget-image\" data-id=\"1b98b2d3\" data-element_type=\"widget\" data-e-type=\"widget\" data-widget_type=\"image.default\">\n\t\t\t\t<div class=\"elementor-widget-container\">\n\t\t\t\t\t\t\t\t\t\t\t\t\t\t\t<img decoding=\"async\" src=\"https:\/\/varzeamilagrosa.com\/wp-content\/uploads\/elementor\/thumbs\/kraeuter-py1mmn00324d89zc18oa806h7fjxdx48un3texfglc.jpg\" title=\"kraeuter\" alt=\"kraeuter\" loading=\"lazy\" \/>\t\t\t\t\t\t\t\t\t\t\t\t\t\t\t<\/div>\n\t\t\t\t<\/div>\n\t\t\t\t\t<\/div>\n\t\t<\/div>\n\t\t\t\t<div class=\"elementor-column elementor-col-100 elementor-top-column elementor-element elementor-element-3d1d9311 elementor-invisible\" data-id=\"3d1d9311\" data-element_type=\"column\" data-e-type=\"column\" data-settings=\"{&quot;animation&quot;:&quot;fadeInRight&quot;,&quot;animation_tablet&quot;:&quot;none&quot;,&quot;animation_mobile&quot;:&quot;none&quot;}\">\n\t\t\t<div class=\"elementor-widget-wrap elementor-element-populated\">\n\t\t\t\t\t\t<div class=\"elementor-element elementor-element-8c41665 elementor-widget__width-auto elementor-widget-divider--view-line elementor-invisible elementor-widget elementor-widget-divider\" data-id=\"8c41665\" data-element_type=\"widget\" data-e-type=\"widget\" data-settings=\"{&quot;_animation&quot;:&quot;zoomIn&quot;,&quot;_animation_tablet&quot;:&quot;none&quot;,&quot;_animation_mobile&quot;:&quot;none&quot;,&quot;_animation_delay&quot;:1000}\" data-widget_type=\"divider.default\">\n\t\t\t\t<div class=\"elementor-widget-container\">\n\t\t\t\t\t\t\t<div class=\"elementor-divider\">\n\t\t\t<span class=\"elementor-divider-separator\">\n\t\t\t\t\t\t<\/span>\n\t\t<\/div>\n\t\t\t\t\t\t<\/div>\n\t\t\t\t<\/div>\n\t\t\t\t<div class=\"elementor-element elementor-element-2db84158 elementor-widget elementor-widget-heading\" data-id=\"2db84158\" data-element_type=\"widget\" data-e-type=\"widget\" data-widget_type=\"heading.default\">\n\t\t\t\t<div class=\"elementor-widget-container\">\n\t\t\t\t\t<h2 class=\"elementor-heading-title elementor-size-default\">Ervas e flores<\/h2>\t\t\t\t<\/div>\n\t\t\t\t<\/div>\n\t\t\t\t<div class=\"elementor-element elementor-element-7480c4b2 elementor-widget elementor-widget-text-editor\" data-id=\"7480c4b2\" data-element_type=\"widget\" data-e-type=\"widget\" data-widget_type=\"text-editor.default\">\n\t\t\t\t<div class=\"elementor-widget-container\">\n\t\t\t\t\t\t\t\t\t<p>O paladar \u00e9 tudo! Ervas selvagens do Mato, flores e citrinos s\u00e3o os sabores! Desfrute de extras para a sua cozinha e sa\u00fade.<\/p>\n\t\t\t\t\t\t\t\t<\/div>\n\t\t\t\t<\/div>\n\t\t\t\t\t<\/div>\n\t\t<\/div>\n\t\t\t\t\t<\/div>\n\t\t<\/section>\n\t\t\t\t<section class=\"elementor-section elementor-top-section elementor-element elementor-element-149d17fb elementor-section-boxed elementor-section-height-default elementor-section-height-default\" data-id=\"149d17fb\" data-element_type=\"section\" data-e-type=\"section\">\n\t\t\t\t\t\t<div class=\"elementor-container elementor-column-gap-no\">\n\t\t\t\t\t<div class=\"elementor-column elementor-col-100 elementor-top-column elementor-element elementor-element-5abfcc18 elementor-invisible\" data-id=\"5abfcc18\" data-element_type=\"column\" data-e-type=\"column\" data-settings=\"{&quot;animation&quot;:&quot;fadeIn&quot;,&quot;animation_tablet&quot;:&quot;none&quot;,&quot;animation_mobile&quot;:&quot;none&quot;}\">\n\t\t\t<div class=\"elementor-widget-wrap elementor-element-populated\">\n\t\t\t\t\t\t<div class=\"elementor-element elementor-element-671ee630 elementor-widget elementor-widget-text-editor\" data-id=\"671ee630\" data-element_type=\"widget\" data-e-type=\"widget\" data-widget_type=\"text-editor.default\">\n\t\t\t\t<div class=\"elementor-widget-container\">\n\t\t\t\t\t\t\t\t\t<p>As encostas secas e cobertas de vegeta\u00e7\u00e3o, chamadas macchia em It\u00e1lia, s\u00e3o chamadas mato aqui em Portugal. Pergunte a um alentejano sobre o valor do mato e ele falar-lhe-\u00e1 sobre a cortiza (extrac\u00e7\u00e3o da corti\u00e7a) e o medronho (uma aguardente de fruta feita a partir das bagas do medronheiro). Mas tamb\u00e9m h\u00e1 aqui uma multid\u00e3o de ervas arom\u00e1ticas e medicinais selvagens &#8230; n\u00e3o menos importante a esteva rochosa.<br \/>No passado, dizia-se que as rosas de rocha laca eram t\u00e3o raras que as pessoas aqui se roubavam umas \u00e0s outras por elas. Os rebentos duros s\u00e3o considerados como a melhor madeira para amadurecer. Entretanto, espalhou-se tanto que est\u00e1 a alimentar principalmente os inc\u00eandios florestais. A coisa mais valiosa sobre a esteva, no entanto, s\u00e3o os rebentos jovens e as flores perfumadas e com sabor a alcatr\u00e3o. Os rebentos jovens produzem uma subst\u00e2ncia resinosa chamada ladanum. Ladanum pode ser usado como incenso como fragr\u00e2ncia e como rem\u00e9dio. O sabor das flores faz lembrar o ch\u00e1 preto. Ao contr\u00e1rio do ch\u00e1 preto, por\u00e9m, t\u00eam um elevado teor de antioxidantes. Oferecemos-lhe as flores j\u00e1 secas e como ess\u00eancia de mel de esteva da pr\u00f3xima colheita.<\/p>\n<p>J\u00e1 usamos um \u00f3leo de massagem Ladanum em privado com bom sucesso para tratar arranh\u00f5es e dores musculares do trabalho. Com a primeira colheita da azeitona, gostar\u00edamos tamb\u00e9m de colocar este azeite Ladanum \u00e0 venda.<br \/>E h\u00e1 muito mais a crescer ali &#8230; alfazema, funcho, cinzento da montanha, alho-porro selvagem, clebalante, menta, rosas de damasco, ostra espanhola. O Mato est\u00e1 cheio de sabores que queremos trazer para o copo juntamente com as nossas azeitonas e azeite Azeite Extra Virgem. Nos bastidores, estamos tamb\u00e9m a trabalhar nas receitas para uma ess\u00eancia de rosa-doce, pesto de funcho selvagem, azeitonas de mesa com pontas de clebala e outras pedras arom\u00e1ticas perfumadas para a sua cozinha e sa\u00fade.<br \/>Quando tivermos as primeiras colheitas do nosso pomar de citrinos dentro de alguns anos, a nossa gama voltar\u00e1 a crescer. Pomeranos, yuzus, ponkans, laranjas trefoil e outros citrinos especiais ir\u00e3o ent\u00e3o enriquecer as nossas composi\u00e7\u00f5es. J\u00e1 estamos ansiosos por isso.<br \/>Contar-lhe-emos mais sobre ervas selvagens e a sua utiliza\u00e7\u00e3o no nosso blogue. E assim que houver algo de novo a relatar sobre os nossos produtos, poder\u00e1 saber atrav\u00e9s do nosso boletim informativo (publicado a intervalos irregulares).<\/p>\n\t\t\t\t\t\t\t\t<\/div>\n\t\t\t\t<\/div>\n\t\t\t\t\t<\/div>\n\t\t<\/div>\n\t\t\t\t\t<\/div>\n\t\t<\/section>\n\t\t\t\t<\/div>\n\t\t","protected":false},"excerpt":{"rendered":"<p>Ervas e flores O paladar \u00e9 tudo! Ervas selvagens do Mato, flores e citrinos s\u00e3o os sabores! Desfrute de extras para a sua cozinha e sa\u00fade. As encostas secas e cobertas de vegeta\u00e7\u00e3o, chamadas macchia em It\u00e1lia, s\u00e3o chamadas mato aqui em Portugal. Pergunte a um alentejano sobre o valor do mato e ele falar-lhe-\u00e1 [&hellip;]<\/p>\n","protected":false},"author":1,"featured_media":0,"parent":0,"menu_order":0,"comment_status":"closed","ping_status":"closed","template":"","meta":{"_monsterinsights_skip_tracking":false,"_monsterinsights_sitenote_active":false,"_monsterinsights_sitenote_note":"","_monsterinsights_sitenote_category":0,"footnotes":""},"class_list":["post-4039","page","type-page","status-publish","hentry"],"yoast_head":"<!-- This site is optimized with the Yoast SEO plugin v25.9 - https:\/\/yoast.com\/wordpress\/plugins\/seo\/ -->\n<title>Ervas e flores - V\u00e1rzea Milagrosa<\/title>\n<meta name=\"robots\" content=\"index, follow, max-snippet:-1, max-image-preview:large, max-video-preview:-1\" \/>\n<link rel=\"canonical\" href=\"https:\/\/varzeamilagrosa.com\/pt-pt\/ervas-e-flores\/\" \/>\n<meta property=\"og:locale\" content=\"pt_PT\" \/>\n<meta property=\"og:type\" content=\"article\" \/>\n<meta property=\"og:title\" content=\"Ervas e flores - V\u00e1rzea Milagrosa\" \/>\n<meta property=\"og:description\" content=\"Ervas e flores O paladar \u00e9 tudo! Ervas selvagens do Mato, flores e citrinos s\u00e3o os sabores! Desfrute de extras para a sua cozinha e sa\u00fade. As encostas secas e cobertas de vegeta\u00e7\u00e3o, chamadas macchia em It\u00e1lia, s\u00e3o chamadas mato aqui em Portugal. Pergunte a um alentejano sobre o valor do mato e ele falar-lhe-\u00e1 [&hellip;]\" \/>\n<meta property=\"og:url\" content=\"https:\/\/varzeamilagrosa.com\/pt-pt\/ervas-e-flores\/\" \/>\n<meta property=\"og:site_name\" content=\"V\u00e1rzea Milagrosa\" \/>\n<meta property=\"article:modified_time\" content=\"2025-09-27T09:35:26+00:00\" \/>\n<meta property=\"og:image\" content=\"https:\/\/varzeamilagrosa.com\/wp-content\/uploads\/elementor\/thumbs\/kraeuter-py1mmn00324d89zc18oa806h7fjxdx48un3texfglc.jpg\" \/>\n<meta name=\"twitter:card\" content=\"summary_large_image\" \/>\n<meta name=\"twitter:label1\" content=\"Tempo estimado de leitura\" \/>\n\t<meta name=\"twitter:data1\" content=\"3 minutos\" \/>\n<script type=\"application\/ld+json\" class=\"yoast-schema-graph\">{\"@context\":\"https:\/\/schema.org\",\"@graph\":[{\"@type\":\"WebPage\",\"@id\":\"https:\/\/varzeamilagrosa.com\/pt-pt\/ervas-e-flores\/\",\"url\":\"https:\/\/varzeamilagrosa.com\/pt-pt\/ervas-e-flores\/\",\"name\":\"Ervas e flores - V\u00e1rzea Milagrosa\",\"isPartOf\":{\"@id\":\"https:\/\/varzeamilagrosa.com\/#website\"},\"primaryImageOfPage\":{\"@id\":\"https:\/\/varzeamilagrosa.com\/pt-pt\/ervas-e-flores\/#primaryimage\"},\"image\":{\"@id\":\"https:\/\/varzeamilagrosa.com\/pt-pt\/ervas-e-flores\/#primaryimage\"},\"thumbnailUrl\":\"https:\/\/varzeamilagrosa.com\/wp-content\/uploads\/elementor\/thumbs\/kraeuter-py1mmn00324d89zc18oa806h7fjxdx48un3texfglc.jpg\",\"datePublished\":\"2022-10-04T14:40:34+00:00\",\"dateModified\":\"2025-09-27T09:35:26+00:00\",\"breadcrumb\":{\"@id\":\"https:\/\/varzeamilagrosa.com\/pt-pt\/ervas-e-flores\/#breadcrumb\"},\"inLanguage\":\"pt-PT\",\"potentialAction\":[{\"@type\":\"ReadAction\",\"target\":[\"https:\/\/varzeamilagrosa.com\/pt-pt\/ervas-e-flores\/\"]}]},{\"@type\":\"ImageObject\",\"inLanguage\":\"pt-PT\",\"@id\":\"https:\/\/varzeamilagrosa.com\/pt-pt\/ervas-e-flores\/#primaryimage\",\"url\":\"https:\/\/varzeamilagrosa.com\/wp-content\/uploads\/elementor\/thumbs\/kraeuter-py1mmn00324d89zc18oa806h7fjxdx48un3texfglc.jpg\",\"contentUrl\":\"https:\/\/varzeamilagrosa.com\/wp-content\/uploads\/elementor\/thumbs\/kraeuter-py1mmn00324d89zc18oa806h7fjxdx48un3texfglc.jpg\"},{\"@type\":\"BreadcrumbList\",\"@id\":\"https:\/\/varzeamilagrosa.com\/pt-pt\/ervas-e-flores\/#breadcrumb\",\"itemListElement\":[{\"@type\":\"ListItem\",\"position\":1,\"name\":\"Startseite\",\"item\":\"https:\/\/varzeamilagrosa.com\/pt-pt\/\"},{\"@type\":\"ListItem\",\"position\":2,\"name\":\"Ervas e flores\"}]},{\"@type\":\"WebSite\",\"@id\":\"https:\/\/varzeamilagrosa.com\/#website\",\"url\":\"https:\/\/varzeamilagrosa.com\/\",\"name\":\"V\u00e1rzea Milagrosa\",\"description\":\"\",\"publisher\":{\"@id\":\"https:\/\/varzeamilagrosa.com\/#organization\"},\"potentialAction\":[{\"@type\":\"SearchAction\",\"target\":{\"@type\":\"EntryPoint\",\"urlTemplate\":\"https:\/\/varzeamilagrosa.com\/?s={search_term_string}\"},\"query-input\":{\"@type\":\"PropertyValueSpecification\",\"valueRequired\":true,\"valueName\":\"search_term_string\"}}],\"inLanguage\":\"pt-PT\"},{\"@type\":\"Organization\",\"@id\":\"https:\/\/varzeamilagrosa.com\/#organization\",\"name\":\"V\u00e1rzea Milagrosa\",\"url\":\"https:\/\/varzeamilagrosa.com\/\",\"logo\":{\"@type\":\"ImageObject\",\"inLanguage\":\"pt-PT\",\"@id\":\"https:\/\/varzeamilagrosa.com\/#\/schema\/logo\/image\/\",\"url\":\"https:\/\/varzeamilagrosa.com\/wp-content\/uploads\/2022\/11\/cropped-vm-logo-1.png\",\"contentUrl\":\"https:\/\/varzeamilagrosa.com\/wp-content\/uploads\/2022\/11\/cropped-vm-logo-1.png\",\"width\":251,\"height\":143,\"caption\":\"V\u00e1rzea Milagrosa\"},\"image\":{\"@id\":\"https:\/\/varzeamilagrosa.com\/#\/schema\/logo\/image\/\"}}]}<\/script>\n<!-- \/ Yoast SEO plugin. -->","yoast_head_json":{"title":"Ervas e flores - V\u00e1rzea Milagrosa","robots":{"index":"index","follow":"follow","max-snippet":"max-snippet:-1","max-image-preview":"max-image-preview:large","max-video-preview":"max-video-preview:-1"},"canonical":"https:\/\/varzeamilagrosa.com\/pt-pt\/ervas-e-flores\/","og_locale":"pt_PT","og_type":"article","og_title":"Ervas e flores - V\u00e1rzea Milagrosa","og_description":"Ervas e flores O paladar \u00e9 tudo! Ervas selvagens do Mato, flores e citrinos s\u00e3o os sabores! Desfrute de extras para a sua cozinha e sa\u00fade. As encostas secas e cobertas de vegeta\u00e7\u00e3o, chamadas macchia em It\u00e1lia, s\u00e3o chamadas mato aqui em Portugal. Pergunte a um alentejano sobre o valor do mato e ele falar-lhe-\u00e1 [&hellip;]","og_url":"https:\/\/varzeamilagrosa.com\/pt-pt\/ervas-e-flores\/","og_site_name":"V\u00e1rzea Milagrosa","article_modified_time":"2025-09-27T09:35:26+00:00","og_image":[{"url":"https:\/\/varzeamilagrosa.com\/wp-content\/uploads\/elementor\/thumbs\/kraeuter-py1mmn00324d89zc18oa806h7fjxdx48un3texfglc.jpg","type":"","width":"","height":""}],"twitter_card":"summary_large_image","twitter_misc":{"Tempo estimado de leitura":"3 minutos"},"schema":{"@context":"https:\/\/schema.org","@graph":[{"@type":"WebPage","@id":"https:\/\/varzeamilagrosa.com\/pt-pt\/ervas-e-flores\/","url":"https:\/\/varzeamilagrosa.com\/pt-pt\/ervas-e-flores\/","name":"Ervas e flores - V\u00e1rzea Milagrosa","isPartOf":{"@id":"https:\/\/varzeamilagrosa.com\/#website"},"primaryImageOfPage":{"@id":"https:\/\/varzeamilagrosa.com\/pt-pt\/ervas-e-flores\/#primaryimage"},"image":{"@id":"https:\/\/varzeamilagrosa.com\/pt-pt\/ervas-e-flores\/#primaryimage"},"thumbnailUrl":"https:\/\/varzeamilagrosa.com\/wp-content\/uploads\/elementor\/thumbs\/kraeuter-py1mmn00324d89zc18oa806h7fjxdx48un3texfglc.jpg","datePublished":"2022-10-04T14:40:34+00:00","dateModified":"2025-09-27T09:35:26+00:00","breadcrumb":{"@id":"https:\/\/varzeamilagrosa.com\/pt-pt\/ervas-e-flores\/#breadcrumb"},"inLanguage":"pt-PT","potentialAction":[{"@type":"ReadAction","target":["https:\/\/varzeamilagrosa.com\/pt-pt\/ervas-e-flores\/"]}]},{"@type":"ImageObject","inLanguage":"pt-PT","@id":"https:\/\/varzeamilagrosa.com\/pt-pt\/ervas-e-flores\/#primaryimage","url":"https:\/\/varzeamilagrosa.com\/wp-content\/uploads\/elementor\/thumbs\/kraeuter-py1mmn00324d89zc18oa806h7fjxdx48un3texfglc.jpg","contentUrl":"https:\/\/varzeamilagrosa.com\/wp-content\/uploads\/elementor\/thumbs\/kraeuter-py1mmn00324d89zc18oa806h7fjxdx48un3texfglc.jpg"},{"@type":"BreadcrumbList","@id":"https:\/\/varzeamilagrosa.com\/pt-pt\/ervas-e-flores\/#breadcrumb","itemListElement":[{"@type":"ListItem","position":1,"name":"Startseite","item":"https:\/\/varzeamilagrosa.com\/pt-pt\/"},{"@type":"ListItem","position":2,"name":"Ervas e flores"}]},{"@type":"WebSite","@id":"https:\/\/varzeamilagrosa.com\/#website","url":"https:\/\/varzeamilagrosa.com\/","name":"V\u00e1rzea Milagrosa","description":"","publisher":{"@id":"https:\/\/varzeamilagrosa.com\/#organization"},"potentialAction":[{"@type":"SearchAction","target":{"@type":"EntryPoint","urlTemplate":"https:\/\/varzeamilagrosa.com\/?s={search_term_string}"},"query-input":{"@type":"PropertyValueSpecification","valueRequired":true,"valueName":"search_term_string"}}],"inLanguage":"pt-PT"},{"@type":"Organization","@id":"https:\/\/varzeamilagrosa.com\/#organization","name":"V\u00e1rzea Milagrosa","url":"https:\/\/varzeamilagrosa.com\/","logo":{"@type":"ImageObject","inLanguage":"pt-PT","@id":"https:\/\/varzeamilagrosa.com\/#\/schema\/logo\/image\/","url":"https:\/\/varzeamilagrosa.com\/wp-content\/uploads\/2022\/11\/cropped-vm-logo-1.png","contentUrl":"https:\/\/varzeamilagrosa.com\/wp-content\/uploads\/2022\/11\/cropped-vm-logo-1.png","width":251,"height":143,"caption":"V\u00e1rzea Milagrosa"},"image":{"@id":"https:\/\/varzeamilagrosa.com\/#\/schema\/logo\/image\/"}}]}},"_links":{"self":[{"href":"https:\/\/varzeamilagrosa.com\/pt-pt\/wp-json\/wp\/v2\/pages\/4039","targetHints":{"allow":["GET"]}}],"collection":[{"href":"https:\/\/varzeamilagrosa.com\/pt-pt\/wp-json\/wp\/v2\/pages"}],"about":[{"href":"https:\/\/varzeamilagrosa.com\/pt-pt\/wp-json\/wp\/v2\/types\/page"}],"author":[{"embeddable":true,"href":"https:\/\/varzeamilagrosa.com\/pt-pt\/wp-json\/wp\/v2\/users\/1"}],"replies":[{"embeddable":true,"href":"https:\/\/varzeamilagrosa.com\/pt-pt\/wp-json\/wp\/v2\/comments?post=4039"}],"version-history":[{"count":0,"href":"https:\/\/varzeamilagrosa.com\/pt-pt\/wp-json\/wp\/v2\/pages\/4039\/revisions"}],"wp:attachment":[{"href":"https:\/\/varzeamilagrosa.com\/pt-pt\/wp-json\/wp\/v2\/media?parent=4039"}],"curies":[{"name":"wp","href":"https:\/\/api.w.org\/{rel}","templated":true}]}}