{"id":4042,"date":"2022-10-18T09:30:19","date_gmt":"2022-10-18T07:30:19","guid":{"rendered":"https:\/\/varzeamilagrosa.com\/impressao\/"},"modified":"2025-09-27T11:36:18","modified_gmt":"2025-09-27T09:36:18","slug":"impressao","status":"publish","type":"page","link":"https:\/\/varzeamilagrosa.com\/pt-pt\/impressao\/","title":{"rendered":"Impress\u00e3o"},"content":{"rendered":"\t\t<div data-elementor-type=\"wp-page\" data-elementor-id=\"4042\" class=\"elementor elementor-4042 elementor-89\">\n\t\t\t\t\t\t<section class=\"elementor-section elementor-top-section elementor-element elementor-element-bb7ef0a elementor-section-boxed elementor-section-height-default elementor-section-height-default\" data-id=\"bb7ef0a\" data-element_type=\"section\" data-e-type=\"section\" data-settings=\"{&quot;background_background&quot;:&quot;classic&quot;}\">\n\t\t\t\t\t\t<div class=\"elementor-container elementor-column-gap-no\">\n\t\t\t\t\t<div class=\"elementor-column elementor-col-100 elementor-top-column elementor-element elementor-element-9eea6e7\" data-id=\"9eea6e7\" data-element_type=\"column\" data-e-type=\"column\">\n\t\t\t<div class=\"elementor-widget-wrap elementor-element-populated\">\n\t\t\t\t\t\t<div class=\"elementor-element elementor-element-6bf3a29 elementor-widget elementor-widget-woocommerce-breadcrumb\" data-id=\"6bf3a29\" data-element_type=\"widget\" data-e-type=\"widget\" data-widget_type=\"woocommerce-breadcrumb.default\">\n\t\t\t\t<div class=\"elementor-widget-container\">\n\t\t\t\t\t<nav class=\"woocommerce-breadcrumb\" aria-label=\"Breadcrumb\">In\u00edcio<\/nav>\t\t\t\t<\/div>\n\t\t\t\t<\/div>\n\t\t\t\t\t<\/div>\n\t\t<\/div>\n\t\t\t\t\t<\/div>\n\t\t<\/section>\n\t\t\t\t<section class=\"elementor-section elementor-top-section elementor-element elementor-element-9a4dfae elementor-section-boxed elementor-section-height-default elementor-section-height-default\" data-id=\"9a4dfae\" data-element_type=\"section\" data-e-type=\"section\">\n\t\t\t\t\t\t<div class=\"elementor-container elementor-column-gap-no\">\n\t\t\t\t\t<div class=\"elementor-column elementor-col-100 elementor-top-column elementor-element elementor-element-65f2a429 elementor-invisible\" data-id=\"65f2a429\" data-element_type=\"column\" data-e-type=\"column\" data-settings=\"{&quot;animation&quot;:&quot;fadeIn&quot;,&quot;animation_tablet&quot;:&quot;none&quot;,&quot;animation_mobile&quot;:&quot;none&quot;}\">\n\t\t\t<div class=\"elementor-widget-wrap elementor-element-populated\">\n\t\t\t\t\t\t<div class=\"elementor-element elementor-element-7d933d7 elementor-widget elementor-widget-text-editor\" data-id=\"7d933d7\" data-element_type=\"widget\" data-e-type=\"widget\" data-widget_type=\"text-editor.default\">\n\t\t\t\t<div class=\"elementor-widget-container\">\n\t\t\t\t\t\t\t\t\t<h4>Os respons\u00e1veis pelo conte\u00fado deste s\u00edtio s\u00e3o<\/h4>\n<p><strong>V\u00e1rzea Milagrosa, Lda.<\/strong><\/p>\n<p><b>Representantes autorizados<\/b><br>Bernhard B\u00fchr<br>Eva-Maria Engl<\/p>\n<p><b>Endere\u00e7o<\/b><br>Estrada Municipal 1190<br>Foz das Caveiras S\/N<br>7665-881 Pereiras-Gare<br>Portugal<\/p>\n<h4>Contacto<\/h4>\n<p>Telefone: 00351 922 268 356<br>E-mail: geral@varzeamilagrosa.com<\/p>\n<h4>Outras informa\u00e7\u00f5es<\/h4>\n<p>Sozialversicherungsnummer: 25165692954<br>N\u00famero de imposto: (NIF) 516569295 &#8211; PORTUGAL<br>Forma jur\u00eddica da empresa: Sociedade por quotas<br>N\u00famero de pessoa colectiva: 516569295<\/p>\n<h4>Responsabilidade pelo conte\u00fado<\/h4>\n<p>Como fornecedor de servi\u00e7os, somos respons\u00e1veis pelo nosso pr\u00f3prio conte\u00fado nestas p\u00e1ginas, de acordo com as leis gerais ao abrigo da Lei Telemedia e do Tratado de Estado sobre os Meios de Comunica\u00e7\u00e3o Social. No entanto, como prestador de servi\u00e7os, n\u00e3o somos obrigados a monitorizar informa\u00e7\u00f5es transmitidas ou armazenadas por terceiros ou a investigar circunst\u00e2ncias que indiquem actividade ilegal. As obriga\u00e7\u00f5es de remover ou bloquear a utiliza\u00e7\u00e3o da informa\u00e7\u00e3o de acordo com as leis gerais n\u00e3o s\u00e3o afectadas por isto. No entanto, a responsabilidade a este respeito s\u00f3 \u00e9 poss\u00edvel a partir do momento em que se tem conhecimento de uma infrac\u00e7\u00e3o concreta. Se tivermos conhecimento de tais infrac\u00e7\u00f5es, removeremos imediatamente este conte\u00fado.<\/p>\n<h4>Responsabilidade por liga\u00e7\u00f5es<\/h4>\n<p>A nossa oferta cont\u00e9m links para websites externos de terceiros, sobre cujos conte\u00fados n\u00e3o temos qualquer influ\u00eancia. Por conseguinte, n\u00e3o podemos assumir qualquer responsabilidade por estes conte\u00fados externos. O respectivo fornecedor ou operador das p\u00e1ginas \u00e9 sempre respons\u00e1vel pelo conte\u00fado das p\u00e1ginas ligadas. As p\u00e1ginas ligadas foram verificadas quanto a poss\u00edveis viola\u00e7\u00f5es legais no momento da liga\u00e7\u00e3o. Os conte\u00fados ilegais n\u00e3o eram reconhec\u00edveis no momento da liga\u00e7\u00e3o. No entanto, um controlo permanente do conte\u00fado das p\u00e1ginas ligadas n\u00e3o \u00e9 razo\u00e1vel sem indica\u00e7\u00f5es concretas de uma viola\u00e7\u00e3o da lei. Se tomarmos conhecimento de quaisquer infrac\u00e7\u00f5es \u00e0 lei, removeremos imediatamente tais liga\u00e7\u00f5es.<\/p>\n<h4>Direitos de autor<\/h4>\n<p>Os conte\u00fados e obras destas p\u00e1ginas criadas pelos operadores do s\u00edtio est\u00e3o sujeitos a direitos de autor. A reprodu\u00e7\u00e3o, edi\u00e7\u00e3o, distribui\u00e7\u00e3o e qualquer tipo de utiliza\u00e7\u00e3o fora dos limites da lei de direitos de autor requerem o consentimento escrito do respectivo autor ou criador. Os downloads e c\u00f3pias desta p\u00e1gina s\u00f3 s\u00e3o permitidos para uso privado e n\u00e3o comercial. Na medida em que o conte\u00fado desta p\u00e1gina n\u00e3o tenha sido criado pelo operador, os direitos de autor de terceiros s\u00e3o respeitados. Em particular, o conte\u00fado de terceiros \u00e9 identificado como tal. No entanto, se tiver conhecimento de uma viola\u00e7\u00e3o dos direitos de autor, informe-nos em conformidade. Marcaremos ou removeremos imediatamente o conte\u00fado correspondente.<\/p>\n<h4>Protec\u00e7\u00e3o de dados<\/h4>\n<p>A utiliza\u00e7\u00e3o do nosso website \u00e9 geralmente poss\u00edvel sem o fornecimento de dados pessoais. Na medida em que os dados pessoais (por exemplo, nome, morada ou endere\u00e7os de e-mail) s\u00e3o recolhidos nas nossas p\u00e1ginas, isto \u00e9 sempre feito, na medida do poss\u00edvel, numa base volunt\u00e1ria. Estes dados n\u00e3o ser\u00e3o transmitidos a terceiros sem o seu consentimento expresso.<\/p>\n<p>Gostar\u00edamos de salientar que a transmiss\u00e3o de dados na Internet (por exemplo, comunica\u00e7\u00e3o por correio electr\u00f3nico) pode ter lacunas de seguran\u00e7a. A protec\u00e7\u00e3o completa dos dados contra o acesso de terceiros n\u00e3o \u00e9 poss\u00edvel.<\/p>\n<h4>Objec\u00e7\u00e3o a e-mails publicit\u00e1rios<\/h4>\n<p>\u00c9 expressamente proibida a utiliza\u00e7\u00e3o dos nossos dados de contacto publicados no \u00e2mbito da obriga\u00e7\u00e3o de impress\u00e3o por terceiros para efeitos de envio de material publicit\u00e1rio e informativo n\u00e3o expressamente solicitado.<\/p>\n<p>O operador das p\u00e1ginas reserva-se expressamente o direito de tomar medidas legais em caso de envio n\u00e3o solicitado de informa\u00e7\u00f5es publicit\u00e1rias, por exemplo, por correio electr\u00f3nico n\u00e3o solicitado.<\/p>\n<h4>Declara\u00e7\u00e3o de exonera\u00e7\u00e3o de responsabilidade<\/h4>\n<p>O conte\u00fado aqui fornecido \u00e9 para informa\u00e7\u00e3o b\u00e1sica. Eles n\u00e3o substituem o diagn\u00f3stico e tratamento hol\u00edstico especializado. As possibilidades e perspectivas aqui apresentadas n\u00e3o se aplicam necessariamente a um caso individual espec\u00edfico e, por conseguinte, n\u00e3o s\u00e3o de forma alguma entendidas como uma proposta terap\u00eautica.<\/p>\n<p>Fonte de informa\u00e7\u00e3o: eRecht24<\/p>\n<h4>Fontes de imagem:<\/h4>\n<p><a title=\"\u00cdcones de sustentabilidade\" href=\"https:\/\/www.flaticon.com\/de\/kostenlose-icons\/nachhaltigkeit\">\u00cdcones de Sustentabilidade criados pela Freepik &#8211; Flaticon<\/a><br><a style=\"background-color: #ffffff;\" title=\"\u00cdcones agr\u00edcolas\" href=\"https:\/\/www.flaticon.com\/de\/kostenlose-icons\/landwirtschaft\">\u00cdcones da agricultura criados por Freepik &#8211; Flaticon<\/a><br><a style=\"background-color: #ffffff;\" title=\"\u00edcones de manjeric\u00e3o\" href=\"https:\/\/www.flaticon.com\/de\/kostenlose-icons\/basilikum\">\u00cdcones de manjeric\u00e3o criados pelo Freepik &#8211; Flaticon<\/a><br><a style=\"background-color: #ffffff;\" title=\"\u00edcones de gancho\" href=\"https:\/\/www.flaticon.com\/de\/kostenlose-icons\/hakchen\">\u00cdcones Hakchen criados pela Freepik &#8211; Flaticon<\/a><br><a title=\"\u00edcones do azeite\" href=\"https:\/\/www.flaticon.com\/de\/kostenlose-icons\/olivenol\">\u00cdcones do azeite criados pela Freepik &#8211; Flaticon<\/a><\/p>\t\t\t\t\t\t\t\t<\/div>\n\t\t\t\t<\/div>\n\t\t\t\t\t<\/div>\n\t\t<\/div>\n\t\t\t\t\t<\/div>\n\t\t<\/section>\n\t\t\t\t<\/div>\n\t\t","protected":false},"excerpt":{"rendered":"<p>Os respons\u00e1veis pelo conte\u00fado deste s\u00edtio s\u00e3o V\u00e1rzea Milagrosa, Lda. Representantes autorizadosBernhard B\u00fchrEva-Maria Engl Endere\u00e7oEstrada Municipal 1190Foz das Caveiras S\/N7665-881 Pereiras-GarePortugal Contacto Telefone: 00351 922 268 356E-mail: geral@varzeamilagrosa.com Outras informa\u00e7\u00f5es Sozialversicherungsnummer: 25165692954N\u00famero de imposto: (NIF) 516569295 &#8211; PORTUGALForma jur\u00eddica da empresa: Sociedade por quotasN\u00famero de pessoa colectiva: 516569295 Responsabilidade pelo conte\u00fado Como fornecedor de servi\u00e7os, [&hellip;]<\/p>\n","protected":false},"author":1,"featured_media":0,"parent":0,"menu_order":0,"comment_status":"closed","ping_status":"closed","template":"","meta":{"_monsterinsights_skip_tracking":false,"_monsterinsights_sitenote_active":false,"_monsterinsights_sitenote_note":"","_monsterinsights_sitenote_category":0,"footnotes":""},"class_list":["post-4042","page","type-page","status-publish","hentry"],"yoast_head":"<!-- This site is optimized with the Yoast SEO plugin v25.9 - https:\/\/yoast.com\/wordpress\/plugins\/seo\/ -->\n<title>Impress\u00e3o - V\u00e1rzea Milagrosa<\/title>\n<meta name=\"robots\" content=\"index, follow, max-snippet:-1, max-image-preview:large, max-video-preview:-1\" \/>\n<link rel=\"canonical\" href=\"https:\/\/varzeamilagrosa.com\/pt-pt\/impressao\/\" \/>\n<meta property=\"og:locale\" content=\"pt_PT\" \/>\n<meta property=\"og:type\" content=\"article\" \/>\n<meta property=\"og:title\" content=\"Impress\u00e3o - V\u00e1rzea Milagrosa\" \/>\n<meta property=\"og:description\" content=\"Os respons\u00e1veis pelo conte\u00fado deste s\u00edtio s\u00e3o V\u00e1rzea Milagrosa, Lda. Representantes autorizadosBernhard B\u00fchrEva-Maria Engl Endere\u00e7oEstrada Municipal 1190Foz das Caveiras S\/N7665-881 Pereiras-GarePortugal Contacto Telefone: 00351 922 268 356E-mail: geral@varzeamilagrosa.com Outras informa\u00e7\u00f5es Sozialversicherungsnummer: 25165692954N\u00famero de imposto: (NIF) 516569295 &#8211; PORTUGALForma jur\u00eddica da empresa: Sociedade por quotasN\u00famero de pessoa colectiva: 516569295 Responsabilidade pelo conte\u00fado Como fornecedor de servi\u00e7os, [&hellip;]\" \/>\n<meta property=\"og:url\" content=\"https:\/\/varzeamilagrosa.com\/pt-pt\/impressao\/\" \/>\n<meta property=\"og:site_name\" content=\"V\u00e1rzea Milagrosa\" \/>\n<meta property=\"article:modified_time\" content=\"2025-09-27T09:36:18+00:00\" \/>\n<meta name=\"twitter:card\" content=\"summary_large_image\" \/>\n<meta name=\"twitter:label1\" content=\"Tempo estimado de leitura\" \/>\n\t<meta name=\"twitter:data1\" content=\"4 minutos\" \/>\n<script type=\"application\/ld+json\" class=\"yoast-schema-graph\">{\"@context\":\"https:\/\/schema.org\",\"@graph\":[{\"@type\":\"WebPage\",\"@id\":\"https:\/\/varzeamilagrosa.com\/pt-pt\/impressao\/\",\"url\":\"https:\/\/varzeamilagrosa.com\/pt-pt\/impressao\/\",\"name\":\"Impress\u00e3o - V\u00e1rzea Milagrosa\",\"isPartOf\":{\"@id\":\"https:\/\/varzeamilagrosa.com\/#website\"},\"datePublished\":\"2022-10-18T07:30:19+00:00\",\"dateModified\":\"2025-09-27T09:36:18+00:00\",\"breadcrumb\":{\"@id\":\"https:\/\/varzeamilagrosa.com\/pt-pt\/impressao\/#breadcrumb\"},\"inLanguage\":\"pt-PT\",\"potentialAction\":[{\"@type\":\"ReadAction\",\"target\":[\"https:\/\/varzeamilagrosa.com\/pt-pt\/impressao\/\"]}]},{\"@type\":\"BreadcrumbList\",\"@id\":\"https:\/\/varzeamilagrosa.com\/pt-pt\/impressao\/#breadcrumb\",\"itemListElement\":[{\"@type\":\"ListItem\",\"position\":1,\"name\":\"Startseite\",\"item\":\"https:\/\/varzeamilagrosa.com\/pt-pt\/\"},{\"@type\":\"ListItem\",\"position\":2,\"name\":\"Impress\u00e3o\"}]},{\"@type\":\"WebSite\",\"@id\":\"https:\/\/varzeamilagrosa.com\/#website\",\"url\":\"https:\/\/varzeamilagrosa.com\/\",\"name\":\"V\u00e1rzea Milagrosa\",\"description\":\"\",\"publisher\":{\"@id\":\"https:\/\/varzeamilagrosa.com\/#organization\"},\"potentialAction\":[{\"@type\":\"SearchAction\",\"target\":{\"@type\":\"EntryPoint\",\"urlTemplate\":\"https:\/\/varzeamilagrosa.com\/?s={search_term_string}\"},\"query-input\":{\"@type\":\"PropertyValueSpecification\",\"valueRequired\":true,\"valueName\":\"search_term_string\"}}],\"inLanguage\":\"pt-PT\"},{\"@type\":\"Organization\",\"@id\":\"https:\/\/varzeamilagrosa.com\/#organization\",\"name\":\"V\u00e1rzea Milagrosa\",\"url\":\"https:\/\/varzeamilagrosa.com\/\",\"logo\":{\"@type\":\"ImageObject\",\"inLanguage\":\"pt-PT\",\"@id\":\"https:\/\/varzeamilagrosa.com\/#\/schema\/logo\/image\/\",\"url\":\"https:\/\/varzeamilagrosa.com\/wp-content\/uploads\/2022\/11\/cropped-vm-logo-1.png\",\"contentUrl\":\"https:\/\/varzeamilagrosa.com\/wp-content\/uploads\/2022\/11\/cropped-vm-logo-1.png\",\"width\":251,\"height\":143,\"caption\":\"V\u00e1rzea Milagrosa\"},\"image\":{\"@id\":\"https:\/\/varzeamilagrosa.com\/#\/schema\/logo\/image\/\"}}]}<\/script>\n<!-- \/ Yoast SEO plugin. -->","yoast_head_json":{"title":"Impress\u00e3o - V\u00e1rzea Milagrosa","robots":{"index":"index","follow":"follow","max-snippet":"max-snippet:-1","max-image-preview":"max-image-preview:large","max-video-preview":"max-video-preview:-1"},"canonical":"https:\/\/varzeamilagrosa.com\/pt-pt\/impressao\/","og_locale":"pt_PT","og_type":"article","og_title":"Impress\u00e3o - V\u00e1rzea Milagrosa","og_description":"Os respons\u00e1veis pelo conte\u00fado deste s\u00edtio s\u00e3o V\u00e1rzea Milagrosa, Lda. Representantes autorizadosBernhard B\u00fchrEva-Maria Engl Endere\u00e7oEstrada Municipal 1190Foz das Caveiras S\/N7665-881 Pereiras-GarePortugal Contacto Telefone: 00351 922 268 356E-mail: geral@varzeamilagrosa.com Outras informa\u00e7\u00f5es Sozialversicherungsnummer: 25165692954N\u00famero de imposto: (NIF) 516569295 &#8211; PORTUGALForma jur\u00eddica da empresa: Sociedade por quotasN\u00famero de pessoa colectiva: 516569295 Responsabilidade pelo conte\u00fado Como fornecedor de servi\u00e7os, [&hellip;]","og_url":"https:\/\/varzeamilagrosa.com\/pt-pt\/impressao\/","og_site_name":"V\u00e1rzea Milagrosa","article_modified_time":"2025-09-27T09:36:18+00:00","twitter_card":"summary_large_image","twitter_misc":{"Tempo estimado de leitura":"4 minutos"},"schema":{"@context":"https:\/\/schema.org","@graph":[{"@type":"WebPage","@id":"https:\/\/varzeamilagrosa.com\/pt-pt\/impressao\/","url":"https:\/\/varzeamilagrosa.com\/pt-pt\/impressao\/","name":"Impress\u00e3o - V\u00e1rzea Milagrosa","isPartOf":{"@id":"https:\/\/varzeamilagrosa.com\/#website"},"datePublished":"2022-10-18T07:30:19+00:00","dateModified":"2025-09-27T09:36:18+00:00","breadcrumb":{"@id":"https:\/\/varzeamilagrosa.com\/pt-pt\/impressao\/#breadcrumb"},"inLanguage":"pt-PT","potentialAction":[{"@type":"ReadAction","target":["https:\/\/varzeamilagrosa.com\/pt-pt\/impressao\/"]}]},{"@type":"BreadcrumbList","@id":"https:\/\/varzeamilagrosa.com\/pt-pt\/impressao\/#breadcrumb","itemListElement":[{"@type":"ListItem","position":1,"name":"Startseite","item":"https:\/\/varzeamilagrosa.com\/pt-pt\/"},{"@type":"ListItem","position":2,"name":"Impress\u00e3o"}]},{"@type":"WebSite","@id":"https:\/\/varzeamilagrosa.com\/#website","url":"https:\/\/varzeamilagrosa.com\/","name":"V\u00e1rzea Milagrosa","description":"","publisher":{"@id":"https:\/\/varzeamilagrosa.com\/#organization"},"potentialAction":[{"@type":"SearchAction","target":{"@type":"EntryPoint","urlTemplate":"https:\/\/varzeamilagrosa.com\/?s={search_term_string}"},"query-input":{"@type":"PropertyValueSpecification","valueRequired":true,"valueName":"search_term_string"}}],"inLanguage":"pt-PT"},{"@type":"Organization","@id":"https:\/\/varzeamilagrosa.com\/#organization","name":"V\u00e1rzea Milagrosa","url":"https:\/\/varzeamilagrosa.com\/","logo":{"@type":"ImageObject","inLanguage":"pt-PT","@id":"https:\/\/varzeamilagrosa.com\/#\/schema\/logo\/image\/","url":"https:\/\/varzeamilagrosa.com\/wp-content\/uploads\/2022\/11\/cropped-vm-logo-1.png","contentUrl":"https:\/\/varzeamilagrosa.com\/wp-content\/uploads\/2022\/11\/cropped-vm-logo-1.png","width":251,"height":143,"caption":"V\u00e1rzea Milagrosa"},"image":{"@id":"https:\/\/varzeamilagrosa.com\/#\/schema\/logo\/image\/"}}]}},"_links":{"self":[{"href":"https:\/\/varzeamilagrosa.com\/pt-pt\/wp-json\/wp\/v2\/pages\/4042","targetHints":{"allow":["GET"]}}],"collection":[{"href":"https:\/\/varzeamilagrosa.com\/pt-pt\/wp-json\/wp\/v2\/pages"}],"about":[{"href":"https:\/\/varzeamilagrosa.com\/pt-pt\/wp-json\/wp\/v2\/types\/page"}],"author":[{"embeddable":true,"href":"https:\/\/varzeamilagrosa.com\/pt-pt\/wp-json\/wp\/v2\/users\/1"}],"replies":[{"embeddable":true,"href":"https:\/\/varzeamilagrosa.com\/pt-pt\/wp-json\/wp\/v2\/comments?post=4042"}],"version-history":[{"count":0,"href":"https:\/\/varzeamilagrosa.com\/pt-pt\/wp-json\/wp\/v2\/pages\/4042\/revisions"}],"wp:attachment":[{"href":"https:\/\/varzeamilagrosa.com\/pt-pt\/wp-json\/wp\/v2\/media?parent=4042"}],"curies":[{"name":"wp","href":"https:\/\/api.w.org\/{rel}","templated":true}]}}