{"id":4043,"date":"2022-10-20T17:13:16","date_gmt":"2022-10-20T15:13:16","guid":{"rendered":"https:\/\/varzeamilagrosa.com\/sustentavel-e-organico\/"},"modified":"2025-09-27T11:42:32","modified_gmt":"2025-09-27T09:42:32","slug":"sustentavel-e-organico","status":"publish","type":"page","link":"https:\/\/varzeamilagrosa.com\/pt-pt\/sustentavel-e-organico\/","title":{"rendered":"Sustent\u00e1vel e org\u00e2nico"},"content":{"rendered":"\t\t<div data-elementor-type=\"wp-page\" data-elementor-id=\"4043\" class=\"elementor elementor-4043 elementor-3256\">\n\t\t\t\t\t\t<section class=\"elementor-section elementor-top-section elementor-element elementor-element-ccdeb44 elementor-section-boxed elementor-section-height-default elementor-section-height-default\" data-id=\"ccdeb44\" data-element_type=\"section\" data-e-type=\"section\" data-settings=\"{&quot;background_background&quot;:&quot;classic&quot;}\">\n\t\t\t\t\t\t<div class=\"elementor-container elementor-column-gap-no\">\n\t\t\t\t\t<div class=\"elementor-column elementor-col-100 elementor-top-column elementor-element elementor-element-96a074a\" data-id=\"96a074a\" data-element_type=\"column\" data-e-type=\"column\">\n\t\t\t<div class=\"elementor-widget-wrap elementor-element-populated\">\n\t\t\t\t\t\t<div class=\"elementor-element elementor-element-1e6b068 elementor-widget elementor-widget-woocommerce-breadcrumb\" data-id=\"1e6b068\" data-element_type=\"widget\" data-e-type=\"widget\" data-widget_type=\"woocommerce-breadcrumb.default\">\n\t\t\t\t<div class=\"elementor-widget-container\">\n\t\t\t\t\t<nav class=\"woocommerce-breadcrumb\" aria-label=\"Breadcrumb\">In\u00edcio<\/nav>\t\t\t\t<\/div>\n\t\t\t\t<\/div>\n\t\t\t\t\t<\/div>\n\t\t<\/div>\n\t\t\t\t\t<\/div>\n\t\t<\/section>\n\t\t\t\t<section class=\"elementor-section elementor-top-section elementor-element elementor-element-dba66ed elementor-section-boxed elementor-section-height-default elementor-section-height-default\" data-id=\"dba66ed\" data-element_type=\"section\" data-e-type=\"section\">\n\t\t\t\t\t\t<div class=\"elementor-container elementor-column-gap-no\">\n\t\t\t\t\t<div class=\"elementor-column elementor-col-100 elementor-top-column elementor-element elementor-element-4499642f\" data-id=\"4499642f\" data-element_type=\"column\" data-e-type=\"column\">\n\t\t\t<div class=\"elementor-widget-wrap elementor-element-populated\">\n\t\t\t\t\t\t<div class=\"elementor-element elementor-element-62778e93 elementor-widget-tablet__width-initial elementor-widget elementor-widget-image\" data-id=\"62778e93\" data-element_type=\"widget\" data-e-type=\"widget\" data-widget_type=\"image.default\">\n\t\t\t\t<div class=\"elementor-widget-container\">\n\t\t\t\t\t\t\t\t\t\t\t\t\t\t\t<img fetchpriority=\"high\" decoding=\"async\" width=\"800\" height=\"800\" src=\"https:\/\/varzeamilagrosa.com\/wp-content\/uploads\/2022\/11\/nachhaltig-q.jpg\" class=\"attachment-large size-large wp-image-3922\" alt=\"\" srcset=\"https:\/\/varzeamilagrosa.com\/wp-content\/uploads\/2022\/11\/nachhaltig-q.jpg 1000w, https:\/\/varzeamilagrosa.com\/wp-content\/uploads\/2022\/11\/nachhaltig-q-300x300.jpg 300w, https:\/\/varzeamilagrosa.com\/wp-content\/uploads\/2022\/11\/nachhaltig-q-150x150.jpg 150w, https:\/\/varzeamilagrosa.com\/wp-content\/uploads\/2022\/11\/nachhaltig-q-768x768.jpg 768w, https:\/\/varzeamilagrosa.com\/wp-content\/uploads\/2022\/11\/nachhaltig-q-600x600.jpg 600w, https:\/\/varzeamilagrosa.com\/wp-content\/uploads\/2022\/11\/nachhaltig-q-100x100.jpg 100w\" sizes=\"(max-width: 800px) 100vw, 800px\" \/>\t\t\t\t\t\t\t\t\t\t\t\t\t\t\t<\/div>\n\t\t\t\t<\/div>\n\t\t\t\t\t<\/div>\n\t\t<\/div>\n\t\t\t\t<div class=\"elementor-column elementor-col-100 elementor-top-column elementor-element elementor-element-150eafdd elementor-invisible\" data-id=\"150eafdd\" data-element_type=\"column\" data-e-type=\"column\" data-settings=\"{&quot;animation&quot;:&quot;fadeInRight&quot;,&quot;animation_tablet&quot;:&quot;none&quot;,&quot;animation_mobile&quot;:&quot;none&quot;}\">\n\t\t\t<div class=\"elementor-widget-wrap elementor-element-populated\">\n\t\t\t\t\t\t<div class=\"elementor-element elementor-element-72885904 elementor-widget__width-auto elementor-widget-divider--view-line elementor-invisible elementor-widget elementor-widget-divider\" data-id=\"72885904\" data-element_type=\"widget\" data-e-type=\"widget\" data-settings=\"{&quot;_animation&quot;:&quot;zoomIn&quot;,&quot;_animation_tablet&quot;:&quot;none&quot;,&quot;_animation_mobile&quot;:&quot;none&quot;,&quot;_animation_delay&quot;:1000}\" data-widget_type=\"divider.default\">\n\t\t\t\t<div class=\"elementor-widget-container\">\n\t\t\t\t\t\t\t<div class=\"elementor-divider\">\n\t\t\t<span class=\"elementor-divider-separator\">\n\t\t\t\t\t\t<\/span>\n\t\t<\/div>\n\t\t\t\t\t\t<\/div>\n\t\t\t\t<\/div>\n\t\t\t\t<div class=\"elementor-element elementor-element-4b15e06f elementor-widget elementor-widget-heading\" data-id=\"4b15e06f\" data-element_type=\"widget\" data-e-type=\"widget\" data-widget_type=\"heading.default\">\n\t\t\t\t<div class=\"elementor-widget-container\">\n\t\t\t\t\t<h2 class=\"elementor-heading-title elementor-size-default\">Sustent\u00e1vel e org\u00e2nico<\/h2>\t\t\t\t<\/div>\n\t\t\t\t<\/div>\n\t\t\t\t<div class=\"elementor-element elementor-element-7a898767 elementor-widget elementor-widget-text-editor\" data-id=\"7a898767\" data-element_type=\"widget\" data-e-type=\"widget\" data-widget_type=\"text-editor.default\">\n\t\t\t\t<div class=\"elementor-widget-container\">\n\t\t\t\t\t\t\t\t\t<p>Temos gerido as nossas terras de forma consistente e ecol\u00f3gica desde o in\u00edcio<\/p>\n\t\t\t\t\t\t\t\t<\/div>\n\t\t\t\t<\/div>\n\t\t\t\t\t<\/div>\n\t\t<\/div>\n\t\t\t\t\t<\/div>\n\t\t<\/section>\n\t\t\t\t<section class=\"elementor-section elementor-top-section elementor-element elementor-element-7356aa12 elementor-section-boxed elementor-section-height-default elementor-section-height-default\" data-id=\"7356aa12\" data-element_type=\"section\" data-e-type=\"section\">\n\t\t\t\t\t\t<div class=\"elementor-container elementor-column-gap-no\">\n\t\t\t\t\t<div class=\"elementor-column elementor-col-100 elementor-top-column elementor-element elementor-element-49da8a47 elementor-invisible\" data-id=\"49da8a47\" data-element_type=\"column\" data-e-type=\"column\" data-settings=\"{&quot;animation&quot;:&quot;fadeIn&quot;,&quot;animation_tablet&quot;:&quot;none&quot;,&quot;animation_mobile&quot;:&quot;none&quot;}\">\n\t\t\t<div class=\"elementor-widget-wrap elementor-element-populated\">\n\t\t\t\t\t\t<div class=\"elementor-element elementor-element-2e910d08 elementor-widget elementor-widget-text-editor\" data-id=\"2e910d08\" data-element_type=\"widget\" data-e-type=\"widget\" data-widget_type=\"text-editor.default\">\n\t\t\t\t<div class=\"elementor-widget-container\">\n\t\t\t\t\t\t\t\t\t<p>O nosso site foi em grande parte deixado \u00e0 sua sorte a partir de 2013 at\u00e9 ser comprado em 2021. Assim, as planta\u00e7\u00f5es tamb\u00e9m n\u00e3o foram tratadas com agroqu\u00edmicos. Felizmente, as oliveiras s\u00e3o bastante robustas e sobreviveram na sua maioria a este per\u00edodo. Agora cultivamos a Herdade organicamente de forma consistente desde o in\u00edcio. Este alto padr\u00e3o corresponde \u00e0 nossa liga\u00e7\u00e3o com a natureza.  <\/p>\n<p>Regulamos as infesta\u00e7\u00f5es por pragas atrav\u00e9s de medidas preventivas e da redu\u00e7\u00e3o sistem\u00e1tica do stress para as \u00e1rvores. Estas medidas incluem uma poda anual moderada, uma cobertura vegetal consistente de fileiras de \u00e1rvores e culturas de apoio.  <\/p>\n<p>Assim, entre as nossas fileiras de \u00e1rvores crescem cleb\u00e1ceas e muitas outras ervas nativas que apoiam a sa\u00fade das plantas. As \u00e1rvores de sombra s\u00e3o planeadas nas planta\u00e7\u00f5es de \u00e1rvores de fruto. Mais de um quil\u00f3metro de sebes ir\u00e3o crescer em redor das planta\u00e7\u00f5es nos pr\u00f3ximos anos.<\/p>\n<p>Por outro lado, reduzimos ao m\u00ednimo a mobiliza\u00e7\u00e3o do solo. Por exemplo, as linhas de el\u00e9ctrico n\u00e3o s\u00e3o quebradas com grades de discos ou trabalhadas com palhadores de falhas, mas ceifadas e as estacas de prados s\u00e3o justamente colocadas nas filas de \u00e1rvores. Isto \u00e9 claramente uma despesa adicional. Mas os muitos pequenos animais &#8211; aranhas, escaravelhos, lagartos, r\u00e3s das \u00e1rvores, etc. &#8211; s\u00e3o poupados e o solo \u00e9 protegido da eros\u00e3o.<\/p>\n<p>Tudo o que se acumula durante a manuten\u00e7\u00e3o beneficia as \u00e1rvores como cobertura morta. Para al\u00e9m da fertiliza\u00e7\u00e3o, esta camada de cobertura morta mant\u00e9m o solo mais fresco e h\u00famido e alimenta um solo rico em vida. Isto reduz o stress do calor e da seca das \u00e1rvores e contribui assim para a sa\u00fade das plantas.<\/p>\n<p>S\u00f3 precisamos de uma lavoura mais intensiva quando plantamos novas culturas ou para reparar danos antigos. A lavoura regular \u00e9 limitada \u00e0 nossa horta auto-suficiente, onde a mudan\u00e7a anual de culturas o exige.<\/p>\n<p>O resultado desta abordagem cuidadosa \u00e9 fruta altamente arom\u00e1tica e \u00e1rvores saud\u00e1veis. Com estas medidas, damos um contributo substancial para o bem-estar da natureza como um todo, para al\u00e9m das influ\u00eancias favor\u00e1veis sobre as nossas planta\u00e7\u00f5es.<\/p>\n<p>Tamb\u00e9m dependemos da energia solar dos nossos telhados para o processamento posterior. Sempre que poss\u00edvel, dependemos de sistemas regenerativos.<\/p>\n\t\t\t\t\t\t\t\t<\/div>\n\t\t\t\t<\/div>\n\t\t\t\t\t<\/div>\n\t\t<\/div>\n\t\t\t\t\t<\/div>\n\t\t<\/section>\n\t\t\t\t<\/div>\n\t\t","protected":false},"excerpt":{"rendered":"<p>Sustent\u00e1vel e org\u00e2nico Temos gerido as nossas terras de forma consistente e ecol\u00f3gica desde o in\u00edcio O nosso site foi em grande parte deixado \u00e0 sua sorte a partir de 2013 at\u00e9 ser comprado em 2021. Assim, as planta\u00e7\u00f5es tamb\u00e9m n\u00e3o foram tratadas com agroqu\u00edmicos. Felizmente, as oliveiras s\u00e3o bastante robustas e sobreviveram na sua [&hellip;]<\/p>\n","protected":false},"author":1,"featured_media":0,"parent":0,"menu_order":0,"comment_status":"closed","ping_status":"closed","template":"","meta":{"_monsterinsights_skip_tracking":false,"_monsterinsights_sitenote_active":false,"_monsterinsights_sitenote_note":"","_monsterinsights_sitenote_category":0,"footnotes":""},"class_list":["post-4043","page","type-page","status-publish","hentry"],"yoast_head":"<!-- This site is optimized with the Yoast SEO plugin v25.9 - https:\/\/yoast.com\/wordpress\/plugins\/seo\/ -->\n<title>Sustent\u00e1vel e org\u00e2nico - V\u00e1rzea Milagrosa<\/title>\n<meta name=\"robots\" content=\"index, follow, max-snippet:-1, max-image-preview:large, max-video-preview:-1\" \/>\n<link rel=\"canonical\" href=\"https:\/\/varzeamilagrosa.com\/pt-pt\/sustentavel-e-organico\/\" \/>\n<meta property=\"og:locale\" content=\"pt_PT\" \/>\n<meta property=\"og:type\" content=\"article\" \/>\n<meta property=\"og:title\" content=\"Sustent\u00e1vel e org\u00e2nico - V\u00e1rzea Milagrosa\" \/>\n<meta property=\"og:description\" content=\"Sustent\u00e1vel e org\u00e2nico Temos gerido as nossas terras de forma consistente e ecol\u00f3gica desde o in\u00edcio O nosso site foi em grande parte deixado \u00e0 sua sorte a partir de 2013 at\u00e9 ser comprado em 2021. Assim, as planta\u00e7\u00f5es tamb\u00e9m n\u00e3o foram tratadas com agroqu\u00edmicos. Felizmente, as oliveiras s\u00e3o bastante robustas e sobreviveram na sua [&hellip;]\" \/>\n<meta property=\"og:url\" content=\"https:\/\/varzeamilagrosa.com\/pt-pt\/sustentavel-e-organico\/\" \/>\n<meta property=\"og:site_name\" content=\"V\u00e1rzea Milagrosa\" \/>\n<meta property=\"article:modified_time\" content=\"2025-09-27T09:42:32+00:00\" \/>\n<meta property=\"og:image\" content=\"https:\/\/varzeamilagrosa.com\/wp-content\/uploads\/2022\/11\/nachhaltig-q.jpg\" \/>\n\t<meta property=\"og:image:width\" content=\"1000\" \/>\n\t<meta property=\"og:image:height\" content=\"1000\" \/>\n\t<meta property=\"og:image:type\" content=\"image\/jpeg\" \/>\n<meta name=\"twitter:card\" content=\"summary_large_image\" \/>\n<meta name=\"twitter:label1\" content=\"Tempo estimado de leitura\" \/>\n\t<meta name=\"twitter:data1\" content=\"3 minutos\" \/>\n<script type=\"application\/ld+json\" class=\"yoast-schema-graph\">{\"@context\":\"https:\/\/schema.org\",\"@graph\":[{\"@type\":\"WebPage\",\"@id\":\"https:\/\/varzeamilagrosa.com\/pt-pt\/sustentavel-e-organico\/\",\"url\":\"https:\/\/varzeamilagrosa.com\/pt-pt\/sustentavel-e-organico\/\",\"name\":\"Sustent\u00e1vel e org\u00e2nico - V\u00e1rzea Milagrosa\",\"isPartOf\":{\"@id\":\"https:\/\/varzeamilagrosa.com\/#website\"},\"primaryImageOfPage\":{\"@id\":\"https:\/\/varzeamilagrosa.com\/pt-pt\/sustentavel-e-organico\/#primaryimage\"},\"image\":{\"@id\":\"https:\/\/varzeamilagrosa.com\/pt-pt\/sustentavel-e-organico\/#primaryimage\"},\"thumbnailUrl\":\"https:\/\/varzeamilagrosa.com\/wp-content\/uploads\/2022\/11\/nachhaltig-q.jpg\",\"datePublished\":\"2022-10-20T15:13:16+00:00\",\"dateModified\":\"2025-09-27T09:42:32+00:00\",\"breadcrumb\":{\"@id\":\"https:\/\/varzeamilagrosa.com\/pt-pt\/sustentavel-e-organico\/#breadcrumb\"},\"inLanguage\":\"pt-PT\",\"potentialAction\":[{\"@type\":\"ReadAction\",\"target\":[\"https:\/\/varzeamilagrosa.com\/pt-pt\/sustentavel-e-organico\/\"]}]},{\"@type\":\"ImageObject\",\"inLanguage\":\"pt-PT\",\"@id\":\"https:\/\/varzeamilagrosa.com\/pt-pt\/sustentavel-e-organico\/#primaryimage\",\"url\":\"https:\/\/varzeamilagrosa.com\/wp-content\/uploads\/2022\/11\/nachhaltig-q.jpg\",\"contentUrl\":\"https:\/\/varzeamilagrosa.com\/wp-content\/uploads\/2022\/11\/nachhaltig-q.jpg\"},{\"@type\":\"BreadcrumbList\",\"@id\":\"https:\/\/varzeamilagrosa.com\/pt-pt\/sustentavel-e-organico\/#breadcrumb\",\"itemListElement\":[{\"@type\":\"ListItem\",\"position\":1,\"name\":\"Startseite\",\"item\":\"https:\/\/varzeamilagrosa.com\/pt-pt\/\"},{\"@type\":\"ListItem\",\"position\":2,\"name\":\"Sustent\u00e1vel e org\u00e2nico\"}]},{\"@type\":\"WebSite\",\"@id\":\"https:\/\/varzeamilagrosa.com\/#website\",\"url\":\"https:\/\/varzeamilagrosa.com\/\",\"name\":\"V\u00e1rzea Milagrosa\",\"description\":\"\",\"publisher\":{\"@id\":\"https:\/\/varzeamilagrosa.com\/#organization\"},\"potentialAction\":[{\"@type\":\"SearchAction\",\"target\":{\"@type\":\"EntryPoint\",\"urlTemplate\":\"https:\/\/varzeamilagrosa.com\/?s={search_term_string}\"},\"query-input\":{\"@type\":\"PropertyValueSpecification\",\"valueRequired\":true,\"valueName\":\"search_term_string\"}}],\"inLanguage\":\"pt-PT\"},{\"@type\":\"Organization\",\"@id\":\"https:\/\/varzeamilagrosa.com\/#organization\",\"name\":\"V\u00e1rzea Milagrosa\",\"url\":\"https:\/\/varzeamilagrosa.com\/\",\"logo\":{\"@type\":\"ImageObject\",\"inLanguage\":\"pt-PT\",\"@id\":\"https:\/\/varzeamilagrosa.com\/#\/schema\/logo\/image\/\",\"url\":\"https:\/\/varzeamilagrosa.com\/wp-content\/uploads\/2022\/11\/cropped-vm-logo-1.png\",\"contentUrl\":\"https:\/\/varzeamilagrosa.com\/wp-content\/uploads\/2022\/11\/cropped-vm-logo-1.png\",\"width\":251,\"height\":143,\"caption\":\"V\u00e1rzea Milagrosa\"},\"image\":{\"@id\":\"https:\/\/varzeamilagrosa.com\/#\/schema\/logo\/image\/\"}}]}<\/script>\n<!-- \/ Yoast SEO plugin. -->","yoast_head_json":{"title":"Sustent\u00e1vel e org\u00e2nico - V\u00e1rzea Milagrosa","robots":{"index":"index","follow":"follow","max-snippet":"max-snippet:-1","max-image-preview":"max-image-preview:large","max-video-preview":"max-video-preview:-1"},"canonical":"https:\/\/varzeamilagrosa.com\/pt-pt\/sustentavel-e-organico\/","og_locale":"pt_PT","og_type":"article","og_title":"Sustent\u00e1vel e org\u00e2nico - V\u00e1rzea Milagrosa","og_description":"Sustent\u00e1vel e org\u00e2nico Temos gerido as nossas terras de forma consistente e ecol\u00f3gica desde o in\u00edcio O nosso site foi em grande parte deixado \u00e0 sua sorte a partir de 2013 at\u00e9 ser comprado em 2021. Assim, as planta\u00e7\u00f5es tamb\u00e9m n\u00e3o foram tratadas com agroqu\u00edmicos. Felizmente, as oliveiras s\u00e3o bastante robustas e sobreviveram na sua [&hellip;]","og_url":"https:\/\/varzeamilagrosa.com\/pt-pt\/sustentavel-e-organico\/","og_site_name":"V\u00e1rzea Milagrosa","article_modified_time":"2025-09-27T09:42:32+00:00","og_image":[{"width":1000,"height":1000,"url":"https:\/\/varzeamilagrosa.com\/wp-content\/uploads\/2022\/11\/nachhaltig-q.jpg","type":"image\/jpeg"}],"twitter_card":"summary_large_image","twitter_misc":{"Tempo estimado de leitura":"3 minutos"},"schema":{"@context":"https:\/\/schema.org","@graph":[{"@type":"WebPage","@id":"https:\/\/varzeamilagrosa.com\/pt-pt\/sustentavel-e-organico\/","url":"https:\/\/varzeamilagrosa.com\/pt-pt\/sustentavel-e-organico\/","name":"Sustent\u00e1vel e org\u00e2nico - V\u00e1rzea Milagrosa","isPartOf":{"@id":"https:\/\/varzeamilagrosa.com\/#website"},"primaryImageOfPage":{"@id":"https:\/\/varzeamilagrosa.com\/pt-pt\/sustentavel-e-organico\/#primaryimage"},"image":{"@id":"https:\/\/varzeamilagrosa.com\/pt-pt\/sustentavel-e-organico\/#primaryimage"},"thumbnailUrl":"https:\/\/varzeamilagrosa.com\/wp-content\/uploads\/2022\/11\/nachhaltig-q.jpg","datePublished":"2022-10-20T15:13:16+00:00","dateModified":"2025-09-27T09:42:32+00:00","breadcrumb":{"@id":"https:\/\/varzeamilagrosa.com\/pt-pt\/sustentavel-e-organico\/#breadcrumb"},"inLanguage":"pt-PT","potentialAction":[{"@type":"ReadAction","target":["https:\/\/varzeamilagrosa.com\/pt-pt\/sustentavel-e-organico\/"]}]},{"@type":"ImageObject","inLanguage":"pt-PT","@id":"https:\/\/varzeamilagrosa.com\/pt-pt\/sustentavel-e-organico\/#primaryimage","url":"https:\/\/varzeamilagrosa.com\/wp-content\/uploads\/2022\/11\/nachhaltig-q.jpg","contentUrl":"https:\/\/varzeamilagrosa.com\/wp-content\/uploads\/2022\/11\/nachhaltig-q.jpg"},{"@type":"BreadcrumbList","@id":"https:\/\/varzeamilagrosa.com\/pt-pt\/sustentavel-e-organico\/#breadcrumb","itemListElement":[{"@type":"ListItem","position":1,"name":"Startseite","item":"https:\/\/varzeamilagrosa.com\/pt-pt\/"},{"@type":"ListItem","position":2,"name":"Sustent\u00e1vel e org\u00e2nico"}]},{"@type":"WebSite","@id":"https:\/\/varzeamilagrosa.com\/#website","url":"https:\/\/varzeamilagrosa.com\/","name":"V\u00e1rzea Milagrosa","description":"","publisher":{"@id":"https:\/\/varzeamilagrosa.com\/#organization"},"potentialAction":[{"@type":"SearchAction","target":{"@type":"EntryPoint","urlTemplate":"https:\/\/varzeamilagrosa.com\/?s={search_term_string}"},"query-input":{"@type":"PropertyValueSpecification","valueRequired":true,"valueName":"search_term_string"}}],"inLanguage":"pt-PT"},{"@type":"Organization","@id":"https:\/\/varzeamilagrosa.com\/#organization","name":"V\u00e1rzea Milagrosa","url":"https:\/\/varzeamilagrosa.com\/","logo":{"@type":"ImageObject","inLanguage":"pt-PT","@id":"https:\/\/varzeamilagrosa.com\/#\/schema\/logo\/image\/","url":"https:\/\/varzeamilagrosa.com\/wp-content\/uploads\/2022\/11\/cropped-vm-logo-1.png","contentUrl":"https:\/\/varzeamilagrosa.com\/wp-content\/uploads\/2022\/11\/cropped-vm-logo-1.png","width":251,"height":143,"caption":"V\u00e1rzea Milagrosa"},"image":{"@id":"https:\/\/varzeamilagrosa.com\/#\/schema\/logo\/image\/"}}]}},"_links":{"self":[{"href":"https:\/\/varzeamilagrosa.com\/pt-pt\/wp-json\/wp\/v2\/pages\/4043","targetHints":{"allow":["GET"]}}],"collection":[{"href":"https:\/\/varzeamilagrosa.com\/pt-pt\/wp-json\/wp\/v2\/pages"}],"about":[{"href":"https:\/\/varzeamilagrosa.com\/pt-pt\/wp-json\/wp\/v2\/types\/page"}],"author":[{"embeddable":true,"href":"https:\/\/varzeamilagrosa.com\/pt-pt\/wp-json\/wp\/v2\/users\/1"}],"replies":[{"embeddable":true,"href":"https:\/\/varzeamilagrosa.com\/pt-pt\/wp-json\/wp\/v2\/comments?post=4043"}],"version-history":[{"count":0,"href":"https:\/\/varzeamilagrosa.com\/pt-pt\/wp-json\/wp\/v2\/pages\/4043\/revisions"}],"wp:attachment":[{"href":"https:\/\/varzeamilagrosa.com\/pt-pt\/wp-json\/wp\/v2\/media?parent=4043"}],"curies":[{"name":"wp","href":"https:\/\/api.w.org\/{rel}","templated":true}]}}