{"id":4047,"date":"2022-09-23T11:09:59","date_gmt":"2022-09-23T09:09:59","guid":{"rendered":"https:\/\/varzeamilagrosa.com\/sobre-nos\/"},"modified":"2025-09-27T11:42:05","modified_gmt":"2025-09-27T09:42:05","slug":"sobre-nos","status":"publish","type":"page","link":"https:\/\/varzeamilagrosa.com\/pt-pt\/sobre-nos\/","title":{"rendered":"Sobre n\u00f3s"},"content":{"rendered":"\t\t<div data-elementor-type=\"wp-page\" data-elementor-id=\"4047\" class=\"elementor elementor-4047 elementor-388\">\n\t\t\t\t\t\t<section class=\"elementor-section elementor-top-section elementor-element elementor-element-9359d1b elementor-section-boxed elementor-section-height-default elementor-section-height-default\" data-id=\"9359d1b\" data-element_type=\"section\" data-e-type=\"section\" data-settings=\"{&quot;background_background&quot;:&quot;classic&quot;}\">\n\t\t\t\t\t\t<div class=\"elementor-container elementor-column-gap-no\">\n\t\t\t\t\t<div class=\"elementor-column elementor-col-100 elementor-top-column elementor-element elementor-element-ec32e8f\" data-id=\"ec32e8f\" data-element_type=\"column\" data-e-type=\"column\">\n\t\t\t<div class=\"elementor-widget-wrap elementor-element-populated\">\n\t\t\t\t\t\t<div class=\"elementor-element elementor-element-f859e90 elementor-widget elementor-widget-woocommerce-breadcrumb\" data-id=\"f859e90\" data-element_type=\"widget\" data-e-type=\"widget\" data-widget_type=\"woocommerce-breadcrumb.default\">\n\t\t\t\t<div class=\"elementor-widget-container\">\n\t\t\t\t\t<nav class=\"woocommerce-breadcrumb\" aria-label=\"Breadcrumb\">In\u00edcio<\/nav>\t\t\t\t<\/div>\n\t\t\t\t<\/div>\n\t\t\t\t\t<\/div>\n\t\t<\/div>\n\t\t\t\t\t<\/div>\n\t\t<\/section>\n\t\t\t\t<section class=\"elementor-section elementor-top-section elementor-element elementor-element-17b0433f elementor-section-boxed elementor-section-height-default elementor-section-height-default\" data-id=\"17b0433f\" data-element_type=\"section\" data-e-type=\"section\">\n\t\t\t\t\t\t<div class=\"elementor-container elementor-column-gap-no\">\n\t\t\t\t\t<div class=\"elementor-column elementor-col-100 elementor-top-column elementor-element elementor-element-51c016a0\" data-id=\"51c016a0\" data-element_type=\"column\" data-e-type=\"column\">\n\t\t\t<div class=\"elementor-widget-wrap elementor-element-populated\">\n\t\t\t\t\t\t<div class=\"elementor-element elementor-element-3eaf10da elementor-widget-tablet__width-initial elementor-widget elementor-widget-image\" data-id=\"3eaf10da\" data-element_type=\"widget\" data-e-type=\"widget\" data-widget_type=\"image.default\">\n\t\t\t\t<div class=\"elementor-widget-container\">\n\t\t\t\t\t\t\t\t\t\t\t\t\t\t\t<img fetchpriority=\"high\" decoding=\"async\" width=\"800\" height=\"757\" src=\"https:\/\/varzeamilagrosa.com\/wp-content\/uploads\/2022\/09\/Bernhard-Eva-Maria-1024x969.png\" class=\"attachment-large size-large wp-image-3792\" alt=\"\" srcset=\"https:\/\/varzeamilagrosa.com\/wp-content\/uploads\/2022\/09\/Bernhard-Eva-Maria-1024x969.png 1024w, https:\/\/varzeamilagrosa.com\/wp-content\/uploads\/2022\/09\/Bernhard-Eva-Maria-300x284.png 300w, https:\/\/varzeamilagrosa.com\/wp-content\/uploads\/2022\/09\/Bernhard-Eva-Maria-768x727.png 768w, https:\/\/varzeamilagrosa.com\/wp-content\/uploads\/2022\/09\/Bernhard-Eva-Maria-600x568.png 600w, https:\/\/varzeamilagrosa.com\/wp-content\/uploads\/2022\/09\/Bernhard-Eva-Maria.png 1082w\" sizes=\"(max-width: 800px) 100vw, 800px\" \/>\t\t\t\t\t\t\t\t\t\t\t\t\t\t\t<\/div>\n\t\t\t\t<\/div>\n\t\t\t\t\t<\/div>\n\t\t<\/div>\n\t\t\t\t<div class=\"elementor-column elementor-col-100 elementor-top-column elementor-element elementor-element-293ea7ab elementor-invisible\" data-id=\"293ea7ab\" data-element_type=\"column\" data-e-type=\"column\" data-settings=\"{&quot;animation&quot;:&quot;fadeInRight&quot;,&quot;animation_tablet&quot;:&quot;none&quot;,&quot;animation_mobile&quot;:&quot;none&quot;}\">\n\t\t\t<div class=\"elementor-widget-wrap elementor-element-populated\">\n\t\t\t\t\t\t<div class=\"elementor-element elementor-element-2de4a35 elementor-widget__width-auto elementor-widget-divider--view-line elementor-invisible elementor-widget elementor-widget-divider\" data-id=\"2de4a35\" data-element_type=\"widget\" data-e-type=\"widget\" data-settings=\"{&quot;_animation&quot;:&quot;zoomIn&quot;,&quot;_animation_tablet&quot;:&quot;none&quot;,&quot;_animation_mobile&quot;:&quot;none&quot;,&quot;_animation_delay&quot;:1000}\" data-widget_type=\"divider.default\">\n\t\t\t\t<div class=\"elementor-widget-container\">\n\t\t\t\t\t\t\t<div class=\"elementor-divider\">\n\t\t\t<span class=\"elementor-divider-separator\">\n\t\t\t\t\t\t<\/span>\n\t\t<\/div>\n\t\t\t\t\t\t<\/div>\n\t\t\t\t<\/div>\n\t\t\t\t<div class=\"elementor-element elementor-element-5b1361c6 elementor-widget elementor-widget-heading\" data-id=\"5b1361c6\" data-element_type=\"widget\" data-e-type=\"widget\" data-widget_type=\"heading.default\">\n\t\t\t\t<div class=\"elementor-widget-container\">\n\t\t\t\t\t<h2 class=\"elementor-heading-title elementor-size-default\">A equipa da V\u00e1rzea Milagrosa<\/h2>\t\t\t\t<\/div>\n\t\t\t\t<\/div>\n\t\t\t\t\t<\/div>\n\t\t<\/div>\n\t\t\t\t\t<\/div>\n\t\t<\/section>\n\t\t\t\t<section class=\"elementor-section elementor-top-section elementor-element elementor-element-60b6d9a2 elementor-section-boxed elementor-section-height-default elementor-section-height-default\" data-id=\"60b6d9a2\" data-element_type=\"section\" data-e-type=\"section\">\n\t\t\t\t\t\t<div class=\"elementor-container elementor-column-gap-no\">\n\t\t\t\t\t<div class=\"elementor-column elementor-col-100 elementor-top-column elementor-element elementor-element-28d06ced elementor-invisible\" data-id=\"28d06ced\" data-element_type=\"column\" data-e-type=\"column\" data-settings=\"{&quot;animation&quot;:&quot;fadeIn&quot;,&quot;animation_tablet&quot;:&quot;none&quot;,&quot;animation_mobile&quot;:&quot;none&quot;}\">\n\t\t\t<div class=\"elementor-widget-wrap elementor-element-populated\">\n\t\t\t\t\t\t<div class=\"elementor-element elementor-element-3e4e6de0 elementor-widget-divider--view-line elementor-invisible elementor-widget elementor-widget-divider\" data-id=\"3e4e6de0\" data-element_type=\"widget\" data-e-type=\"widget\" data-settings=\"{&quot;_animation&quot;:&quot;zoomIn&quot;,&quot;_animation_tablet&quot;:&quot;none&quot;,&quot;_animation_mobile&quot;:&quot;none&quot;,&quot;_animation_delay&quot;:500}\" data-widget_type=\"divider.default\">\n\t\t\t\t<div class=\"elementor-widget-container\">\n\t\t\t\t\t\t\t<div class=\"elementor-divider\">\n\t\t\t<span class=\"elementor-divider-separator\">\n\t\t\t\t\t\t<\/span>\n\t\t<\/div>\n\t\t\t\t\t\t<\/div>\n\t\t\t\t<\/div>\n\t\t\t\t<div class=\"elementor-element elementor-element-6f034441 elementor-widget elementor-widget-heading\" data-id=\"6f034441\" data-element_type=\"widget\" data-e-type=\"widget\" data-widget_type=\"heading.default\">\n\t\t\t\t<div class=\"elementor-widget-container\">\n\t\t\t\t\t<h2 class=\"elementor-heading-title elementor-size-default\">Bernhard<\/h2>\t\t\t\t<\/div>\n\t\t\t\t<\/div>\n\t\t\t\t<div class=\"elementor-element elementor-element-42b1eda3 elementor-widget elementor-widget-text-editor\" data-id=\"42b1eda3\" data-element_type=\"widget\" data-e-type=\"widget\" data-widget_type=\"text-editor.default\">\n\t\t\t\t<div class=\"elementor-widget-container\">\n\t\t\t\t\t\t\t\t\t<p class=\"p1\">Os meus pais tinham um jardim grande e auto-suficiente. Trabalho l\u00e1 desde os meus cinco anos de idade. Recolher pedras, colher frutos e ervas daninhas eram as minhas principais tarefas. Mesmo assim, foi para mim profundamente repugnante arrancar as ervas selvagens maravilhosamente arom\u00e1ticas e vitais. Em vez disso, eu deveria estar a lutar para encontrar legumes fracos que n\u00e3o se aguentam sem ajuda humana. E assim fiquei interessado nas plantas selvagens e em tudo o que se pode fazer com elas em tenra idade.<\/p><p class=\"p1\">Foi assim que cheguei \u00e0 medicina herbal e \u00e0 cozinha, entre outras coisas, e trabalhei durante muitos anos como cozinheiro e como praticante alternativo. Atrav\u00e9s do cultivo de ervas e frutos selvagens, vim para o meu pomar e para a produ\u00e7\u00e3o de vinho e vinagre. Estas liga\u00e7\u00f5es tamb\u00e9m deram origem \u00e0 especializa\u00e7\u00e3o em nutri\u00e7\u00e3o para pessoas com necessidades especiais. O essencial desta obra pode ser encontrado novamente no nosso livro &#8221; <a href=\"https:\/\/varzeamilagrosa.com%7Bernaehrung-fuer-hochsensible-buch\">Nutri\u00e7\u00e3o para<\/a> Pessoas <a href=\"https:\/\/varzeamilagrosa.com%7Bernaehrung-fuer-hochsensible-buch\">Altamente Sens\u00edveis<\/a>&#8220;.<\/p><p class=\"p1\">Tal como as plantas, tamb\u00e9m preciso de sol e flora\u00e7\u00e3o suficientes onde outros h\u00e1 muito procuram a sombra refrescante. Por isso agora aqui no Alentejo coloco o meu trabalho e conhecimento em o nosso <a href=\"https:\/\/varzeamilagrosa.com\/pt-pt\/projecto\/\">projecto<\/a>. E \u00e9 claro que \u00e9 uma preocupa\u00e7\u00e3o especial minha sensibilizar as pessoas para o valor das plantas selvagens atrav\u00e9s do projecto.<\/p><p class=\"p1\">A &#8220;vida verde&#8221; significou que agora tenho v\u00e1rias habilidades artesanais. H\u00e1 sempre algo que \u00e9 melhor ser voc\u00ea pr\u00f3prio a fazer. E, claro, agora tamb\u00e9m sou eu quem enfrenta os desafios pr\u00e1ticos. E h\u00e1 muitos aqui, j\u00e1 que tudo tem de ser constru\u00eddo a partir do zero.<\/p>\t\t\t\t\t\t\t\t<\/div>\n\t\t\t\t<\/div>\n\t\t\t\t\t<\/div>\n\t\t<\/div>\n\t\t\t\t\t<\/div>\n\t\t<\/section>\n\t\t\t\t<section class=\"elementor-section elementor-top-section elementor-element elementor-element-35a18ce elementor-section-boxed elementor-section-height-default elementor-section-height-default\" data-id=\"35a18ce\" data-element_type=\"section\" data-e-type=\"section\">\n\t\t\t\t\t\t<div class=\"elementor-container elementor-column-gap-no\">\n\t\t\t\t\t<div class=\"elementor-column elementor-col-100 elementor-top-column elementor-element elementor-element-557acbf elementor-invisible\" data-id=\"557acbf\" data-element_type=\"column\" data-e-type=\"column\" data-settings=\"{&quot;animation&quot;:&quot;fadeIn&quot;,&quot;animation_tablet&quot;:&quot;none&quot;,&quot;animation_mobile&quot;:&quot;none&quot;}\">\n\t\t\t<div class=\"elementor-widget-wrap elementor-element-populated\">\n\t\t\t\t\t\t<div class=\"elementor-element elementor-element-9f8b0ff elementor-widget-divider--view-line elementor-invisible elementor-widget elementor-widget-divider\" data-id=\"9f8b0ff\" data-element_type=\"widget\" data-e-type=\"widget\" data-settings=\"{&quot;_animation&quot;:&quot;zoomIn&quot;,&quot;_animation_tablet&quot;:&quot;none&quot;,&quot;_animation_mobile&quot;:&quot;none&quot;,&quot;_animation_delay&quot;:500}\" data-widget_type=\"divider.default\">\n\t\t\t\t<div class=\"elementor-widget-container\">\n\t\t\t\t\t\t\t<div class=\"elementor-divider\">\n\t\t\t<span class=\"elementor-divider-separator\">\n\t\t\t\t\t\t<\/span>\n\t\t<\/div>\n\t\t\t\t\t\t<\/div>\n\t\t\t\t<\/div>\n\t\t\t\t<div class=\"elementor-element elementor-element-990e8aa elementor-widget elementor-widget-heading\" data-id=\"990e8aa\" data-element_type=\"widget\" data-e-type=\"widget\" data-widget_type=\"heading.default\">\n\t\t\t\t<div class=\"elementor-widget-container\">\n\t\t\t\t\t<h2 class=\"elementor-heading-title elementor-size-default\">Eva-Maria<\/h2>\t\t\t\t<\/div>\n\t\t\t\t<\/div>\n\t\t\t\t<div class=\"elementor-element elementor-element-bc514b7 elementor-widget elementor-widget-text-editor\" data-id=\"bc514b7\" data-element_type=\"widget\" data-e-type=\"widget\" data-widget_type=\"text-editor.default\">\n\t\t\t\t<div class=\"elementor-widget-container\">\n\t\t\t\t\t\t\t\t\t<p class=\"p1\">As minhas tias-av\u00f3s j\u00e1 tinham embarcado numa vida rural ap\u00f3s a Primeira Guerra Mundial e iniciado um projecto cultural e de auto-sufici\u00eancia em Chiemgau (Baviera). Eu pr\u00f3prio cresci em Munique e passei muitos ver\u00f5es da minha inf\u00e2ncia no seu grande jardim na orla da floresta. As experi\u00eancias desse tempo est\u00e3o profundamente gravadas na minha mem\u00f3ria.<\/p><p class=\"p1\">A minha m\u00e3e, por outro lado, cresceu na Argentina e deu-me n\u00e3o s\u00f3 uma liga\u00e7\u00e3o ao modo de vida latino-americano e \u00e0 l\u00edngua espanhola, mas tamb\u00e9m um anseio pelos frutos do sul. Agora encontro tudo isto novamente nas hist\u00f3rias e na cultura quotidiana dos senhores e donas. Assim, uma das minhas contribui\u00e7\u00f5es para o projecto \u00e9 fazer liga\u00e7\u00f5es com a popula\u00e7\u00e3o e a cultura locais. E as liga\u00e7\u00f5es pessoais s\u00e3o aqui elementares para o sucesso do projecto. Tamb\u00e9m documento o que encontramos, curamos, reformamos e crescemos aqui, tanto o antigo como o novo. Pode encontrar as fotografias e os posts do blogue sobre o assunto na galeria de fotografias e no <a href=\"https:\/\/varzeamilagrosa.com\/pt-pt\/blog\/\">blogue<\/a>.<\/p><p class=\"p1\">Como terapeuta da fala, sou, naturalmente, um alterador de carreira. Todos os dias aprendo sobre novos mundos pr\u00e1ticos, abordagens, plantas, m\u00e9todos de cultivo, m\u00e9todos de prepara\u00e7\u00e3o, efeitos e tamb\u00e9m encontro o meu caminho para os processos pr\u00e1ticos. E eu trago a minha experi\u00eancia de vida para suportar as muitas decis\u00f5es que nos s\u00e3o exigidas \u00e0 medida que constru\u00edmos a nossa empresa.<\/p>\t\t\t\t\t\t\t\t<\/div>\n\t\t\t\t<\/div>\n\t\t\t\t\t<\/div>\n\t\t<\/div>\n\t\t\t\t\t<\/div>\n\t\t<\/section>\n\t\t\t\t<\/div>\n\t\t","protected":false},"excerpt":{"rendered":"<p>A equipa da V\u00e1rzea Milagrosa Bernhard Os meus pais tinham um jardim grande e auto-suficiente. Trabalho l\u00e1 desde os meus cinco anos de idade. Recolher pedras, colher frutos e ervas daninhas eram as minhas principais tarefas. Mesmo assim, foi para mim profundamente repugnante arrancar as ervas selvagens maravilhosamente arom\u00e1ticas e vitais. Em vez disso, eu [&hellip;]<\/p>\n","protected":false},"author":1,"featured_media":0,"parent":0,"menu_order":0,"comment_status":"closed","ping_status":"closed","template":"elementor_header_footer","meta":{"_monsterinsights_skip_tracking":false,"_monsterinsights_sitenote_active":false,"_monsterinsights_sitenote_note":"","_monsterinsights_sitenote_category":0,"footnotes":""},"class_list":["post-4047","page","type-page","status-publish","hentry"],"yoast_head":"<!-- This site is optimized with the Yoast SEO plugin v25.9 - https:\/\/yoast.com\/wordpress\/plugins\/seo\/ -->\n<title>Sobre n\u00f3s - V\u00e1rzea Milagrosa<\/title>\n<meta name=\"robots\" content=\"index, follow, max-snippet:-1, max-image-preview:large, max-video-preview:-1\" \/>\n<link rel=\"canonical\" href=\"https:\/\/varzeamilagrosa.com\/pt-pt\/sobre-nos\/\" \/>\n<meta property=\"og:locale\" content=\"pt_PT\" \/>\n<meta property=\"og:type\" content=\"article\" \/>\n<meta property=\"og:title\" content=\"Sobre n\u00f3s - V\u00e1rzea Milagrosa\" \/>\n<meta property=\"og:description\" content=\"A equipa da V\u00e1rzea Milagrosa Bernhard Os meus pais tinham um jardim grande e auto-suficiente. Trabalho l\u00e1 desde os meus cinco anos de idade. Recolher pedras, colher frutos e ervas daninhas eram as minhas principais tarefas. Mesmo assim, foi para mim profundamente repugnante arrancar as ervas selvagens maravilhosamente arom\u00e1ticas e vitais. Em vez disso, eu [&hellip;]\" \/>\n<meta property=\"og:url\" content=\"https:\/\/varzeamilagrosa.com\/pt-pt\/sobre-nos\/\" \/>\n<meta property=\"og:site_name\" content=\"V\u00e1rzea Milagrosa\" \/>\n<meta property=\"article:modified_time\" content=\"2025-09-27T09:42:05+00:00\" \/>\n<meta property=\"og:image\" content=\"https:\/\/varzeamilagrosa.com\/wp-content\/uploads\/2022\/09\/Bernhard-Eva-Maria.png\" \/>\n\t<meta property=\"og:image:width\" content=\"1082\" \/>\n\t<meta property=\"og:image:height\" content=\"1024\" \/>\n\t<meta property=\"og:image:type\" content=\"image\/png\" \/>\n<meta name=\"twitter:card\" content=\"summary_large_image\" \/>\n<meta name=\"twitter:label1\" content=\"Tempo estimado de leitura\" \/>\n\t<meta name=\"twitter:data1\" content=\"3 minutos\" \/>\n<script type=\"application\/ld+json\" class=\"yoast-schema-graph\">{\"@context\":\"https:\/\/schema.org\",\"@graph\":[{\"@type\":\"WebPage\",\"@id\":\"https:\/\/varzeamilagrosa.com\/pt-pt\/sobre-nos\/\",\"url\":\"https:\/\/varzeamilagrosa.com\/pt-pt\/sobre-nos\/\",\"name\":\"Sobre n\u00f3s - V\u00e1rzea Milagrosa\",\"isPartOf\":{\"@id\":\"https:\/\/varzeamilagrosa.com\/#website\"},\"primaryImageOfPage\":{\"@id\":\"https:\/\/varzeamilagrosa.com\/pt-pt\/sobre-nos\/#primaryimage\"},\"image\":{\"@id\":\"https:\/\/varzeamilagrosa.com\/pt-pt\/sobre-nos\/#primaryimage\"},\"thumbnailUrl\":\"https:\/\/varzeamilagrosa.com\/wp-content\/uploads\/2022\/09\/Bernhard-Eva-Maria-1024x969.png\",\"datePublished\":\"2022-09-23T09:09:59+00:00\",\"dateModified\":\"2025-09-27T09:42:05+00:00\",\"breadcrumb\":{\"@id\":\"https:\/\/varzeamilagrosa.com\/pt-pt\/sobre-nos\/#breadcrumb\"},\"inLanguage\":\"pt-PT\",\"potentialAction\":[{\"@type\":\"ReadAction\",\"target\":[\"https:\/\/varzeamilagrosa.com\/pt-pt\/sobre-nos\/\"]}]},{\"@type\":\"ImageObject\",\"inLanguage\":\"pt-PT\",\"@id\":\"https:\/\/varzeamilagrosa.com\/pt-pt\/sobre-nos\/#primaryimage\",\"url\":\"https:\/\/varzeamilagrosa.com\/wp-content\/uploads\/2022\/09\/Bernhard-Eva-Maria-1024x969.png\",\"contentUrl\":\"https:\/\/varzeamilagrosa.com\/wp-content\/uploads\/2022\/09\/Bernhard-Eva-Maria-1024x969.png\"},{\"@type\":\"BreadcrumbList\",\"@id\":\"https:\/\/varzeamilagrosa.com\/pt-pt\/sobre-nos\/#breadcrumb\",\"itemListElement\":[{\"@type\":\"ListItem\",\"position\":1,\"name\":\"Startseite\",\"item\":\"https:\/\/varzeamilagrosa.com\/pt-pt\/\"},{\"@type\":\"ListItem\",\"position\":2,\"name\":\"Sobre n\u00f3s\"}]},{\"@type\":\"WebSite\",\"@id\":\"https:\/\/varzeamilagrosa.com\/#website\",\"url\":\"https:\/\/varzeamilagrosa.com\/\",\"name\":\"V\u00e1rzea Milagrosa\",\"description\":\"\",\"publisher\":{\"@id\":\"https:\/\/varzeamilagrosa.com\/#organization\"},\"potentialAction\":[{\"@type\":\"SearchAction\",\"target\":{\"@type\":\"EntryPoint\",\"urlTemplate\":\"https:\/\/varzeamilagrosa.com\/?s={search_term_string}\"},\"query-input\":{\"@type\":\"PropertyValueSpecification\",\"valueRequired\":true,\"valueName\":\"search_term_string\"}}],\"inLanguage\":\"pt-PT\"},{\"@type\":\"Organization\",\"@id\":\"https:\/\/varzeamilagrosa.com\/#organization\",\"name\":\"V\u00e1rzea Milagrosa\",\"url\":\"https:\/\/varzeamilagrosa.com\/\",\"logo\":{\"@type\":\"ImageObject\",\"inLanguage\":\"pt-PT\",\"@id\":\"https:\/\/varzeamilagrosa.com\/#\/schema\/logo\/image\/\",\"url\":\"https:\/\/varzeamilagrosa.com\/wp-content\/uploads\/2022\/11\/cropped-vm-logo-1.png\",\"contentUrl\":\"https:\/\/varzeamilagrosa.com\/wp-content\/uploads\/2022\/11\/cropped-vm-logo-1.png\",\"width\":251,\"height\":143,\"caption\":\"V\u00e1rzea Milagrosa\"},\"image\":{\"@id\":\"https:\/\/varzeamilagrosa.com\/#\/schema\/logo\/image\/\"}}]}<\/script>\n<!-- \/ Yoast SEO plugin. -->","yoast_head_json":{"title":"Sobre n\u00f3s - V\u00e1rzea Milagrosa","robots":{"index":"index","follow":"follow","max-snippet":"max-snippet:-1","max-image-preview":"max-image-preview:large","max-video-preview":"max-video-preview:-1"},"canonical":"https:\/\/varzeamilagrosa.com\/pt-pt\/sobre-nos\/","og_locale":"pt_PT","og_type":"article","og_title":"Sobre n\u00f3s - V\u00e1rzea Milagrosa","og_description":"A equipa da V\u00e1rzea Milagrosa Bernhard Os meus pais tinham um jardim grande e auto-suficiente. Trabalho l\u00e1 desde os meus cinco anos de idade. Recolher pedras, colher frutos e ervas daninhas eram as minhas principais tarefas. Mesmo assim, foi para mim profundamente repugnante arrancar as ervas selvagens maravilhosamente arom\u00e1ticas e vitais. Em vez disso, eu [&hellip;]","og_url":"https:\/\/varzeamilagrosa.com\/pt-pt\/sobre-nos\/","og_site_name":"V\u00e1rzea Milagrosa","article_modified_time":"2025-09-27T09:42:05+00:00","og_image":[{"width":1082,"height":1024,"url":"https:\/\/varzeamilagrosa.com\/wp-content\/uploads\/2022\/09\/Bernhard-Eva-Maria.png","type":"image\/png"}],"twitter_card":"summary_large_image","twitter_misc":{"Tempo estimado de leitura":"3 minutos"},"schema":{"@context":"https:\/\/schema.org","@graph":[{"@type":"WebPage","@id":"https:\/\/varzeamilagrosa.com\/pt-pt\/sobre-nos\/","url":"https:\/\/varzeamilagrosa.com\/pt-pt\/sobre-nos\/","name":"Sobre n\u00f3s - V\u00e1rzea Milagrosa","isPartOf":{"@id":"https:\/\/varzeamilagrosa.com\/#website"},"primaryImageOfPage":{"@id":"https:\/\/varzeamilagrosa.com\/pt-pt\/sobre-nos\/#primaryimage"},"image":{"@id":"https:\/\/varzeamilagrosa.com\/pt-pt\/sobre-nos\/#primaryimage"},"thumbnailUrl":"https:\/\/varzeamilagrosa.com\/wp-content\/uploads\/2022\/09\/Bernhard-Eva-Maria-1024x969.png","datePublished":"2022-09-23T09:09:59+00:00","dateModified":"2025-09-27T09:42:05+00:00","breadcrumb":{"@id":"https:\/\/varzeamilagrosa.com\/pt-pt\/sobre-nos\/#breadcrumb"},"inLanguage":"pt-PT","potentialAction":[{"@type":"ReadAction","target":["https:\/\/varzeamilagrosa.com\/pt-pt\/sobre-nos\/"]}]},{"@type":"ImageObject","inLanguage":"pt-PT","@id":"https:\/\/varzeamilagrosa.com\/pt-pt\/sobre-nos\/#primaryimage","url":"https:\/\/varzeamilagrosa.com\/wp-content\/uploads\/2022\/09\/Bernhard-Eva-Maria-1024x969.png","contentUrl":"https:\/\/varzeamilagrosa.com\/wp-content\/uploads\/2022\/09\/Bernhard-Eva-Maria-1024x969.png"},{"@type":"BreadcrumbList","@id":"https:\/\/varzeamilagrosa.com\/pt-pt\/sobre-nos\/#breadcrumb","itemListElement":[{"@type":"ListItem","position":1,"name":"Startseite","item":"https:\/\/varzeamilagrosa.com\/pt-pt\/"},{"@type":"ListItem","position":2,"name":"Sobre n\u00f3s"}]},{"@type":"WebSite","@id":"https:\/\/varzeamilagrosa.com\/#website","url":"https:\/\/varzeamilagrosa.com\/","name":"V\u00e1rzea Milagrosa","description":"","publisher":{"@id":"https:\/\/varzeamilagrosa.com\/#organization"},"potentialAction":[{"@type":"SearchAction","target":{"@type":"EntryPoint","urlTemplate":"https:\/\/varzeamilagrosa.com\/?s={search_term_string}"},"query-input":{"@type":"PropertyValueSpecification","valueRequired":true,"valueName":"search_term_string"}}],"inLanguage":"pt-PT"},{"@type":"Organization","@id":"https:\/\/varzeamilagrosa.com\/#organization","name":"V\u00e1rzea Milagrosa","url":"https:\/\/varzeamilagrosa.com\/","logo":{"@type":"ImageObject","inLanguage":"pt-PT","@id":"https:\/\/varzeamilagrosa.com\/#\/schema\/logo\/image\/","url":"https:\/\/varzeamilagrosa.com\/wp-content\/uploads\/2022\/11\/cropped-vm-logo-1.png","contentUrl":"https:\/\/varzeamilagrosa.com\/wp-content\/uploads\/2022\/11\/cropped-vm-logo-1.png","width":251,"height":143,"caption":"V\u00e1rzea Milagrosa"},"image":{"@id":"https:\/\/varzeamilagrosa.com\/#\/schema\/logo\/image\/"}}]}},"_links":{"self":[{"href":"https:\/\/varzeamilagrosa.com\/pt-pt\/wp-json\/wp\/v2\/pages\/4047","targetHints":{"allow":["GET"]}}],"collection":[{"href":"https:\/\/varzeamilagrosa.com\/pt-pt\/wp-json\/wp\/v2\/pages"}],"about":[{"href":"https:\/\/varzeamilagrosa.com\/pt-pt\/wp-json\/wp\/v2\/types\/page"}],"author":[{"embeddable":true,"href":"https:\/\/varzeamilagrosa.com\/pt-pt\/wp-json\/wp\/v2\/users\/1"}],"replies":[{"embeddable":true,"href":"https:\/\/varzeamilagrosa.com\/pt-pt\/wp-json\/wp\/v2\/comments?post=4047"}],"version-history":[{"count":0,"href":"https:\/\/varzeamilagrosa.com\/pt-pt\/wp-json\/wp\/v2\/pages\/4047\/revisions"}],"wp:attachment":[{"href":"https:\/\/varzeamilagrosa.com\/pt-pt\/wp-json\/wp\/v2\/media?parent=4047"}],"curies":[{"name":"wp","href":"https:\/\/api.w.org\/{rel}","templated":true}]}}