{"id":4048,"date":"2022-10-21T08:34:03","date_gmt":"2022-10-21T06:34:03","guid":{"rendered":"https:\/\/varzeamilagrosa.com\/producao-agricola\/"},"modified":"2025-09-27T11:38:47","modified_gmt":"2025-09-27T09:38:47","slug":"producao-agricola","status":"publish","type":"page","link":"https:\/\/varzeamilagrosa.com\/pt-pt\/producao-agricola\/","title":{"rendered":"Produ\u00e7\u00e3o agr\u00edcola"},"content":{"rendered":"\t\t<div data-elementor-type=\"wp-page\" data-elementor-id=\"4048\" class=\"elementor elementor-4048 elementor-3264\">\n\t\t\t\t\t\t<section class=\"elementor-section elementor-top-section elementor-element elementor-element-08f6b9c elementor-section-boxed elementor-section-height-default elementor-section-height-default\" data-id=\"08f6b9c\" data-element_type=\"section\" data-e-type=\"section\" data-settings=\"{&quot;background_background&quot;:&quot;classic&quot;}\">\n\t\t\t\t\t\t<div class=\"elementor-container elementor-column-gap-no\">\n\t\t\t\t\t<div class=\"elementor-column elementor-col-100 elementor-top-column elementor-element elementor-element-53c07cd\" data-id=\"53c07cd\" data-element_type=\"column\" data-e-type=\"column\">\n\t\t\t<div class=\"elementor-widget-wrap elementor-element-populated\">\n\t\t\t\t\t\t<div class=\"elementor-element elementor-element-66fe367 elementor-widget elementor-widget-woocommerce-breadcrumb\" data-id=\"66fe367\" data-element_type=\"widget\" data-e-type=\"widget\" data-widget_type=\"woocommerce-breadcrumb.default\">\n\t\t\t\t<div class=\"elementor-widget-container\">\n\t\t\t\t\t<nav class=\"woocommerce-breadcrumb\" aria-label=\"Breadcrumb\">In\u00edcio<\/nav>\t\t\t\t<\/div>\n\t\t\t\t<\/div>\n\t\t\t\t\t<\/div>\n\t\t<\/div>\n\t\t\t\t\t<\/div>\n\t\t<\/section>\n\t\t\t\t<section class=\"elementor-section elementor-top-section elementor-element elementor-element-35b8b969 elementor-section-boxed elementor-section-height-default elementor-section-height-default\" data-id=\"35b8b969\" data-element_type=\"section\" data-e-type=\"section\">\n\t\t\t\t\t\t<div class=\"elementor-container elementor-column-gap-no\">\n\t\t\t\t\t<div class=\"elementor-column elementor-col-100 elementor-top-column elementor-element elementor-element-302eb65d\" data-id=\"302eb65d\" data-element_type=\"column\" data-e-type=\"column\">\n\t\t\t<div class=\"elementor-widget-wrap elementor-element-populated\">\n\t\t\t\t\t\t<div class=\"elementor-element elementor-element-f0ebc23 elementor-widget-tablet__width-initial elementor-widget elementor-widget-image\" data-id=\"f0ebc23\" data-element_type=\"widget\" data-e-type=\"widget\" data-widget_type=\"image.default\">\n\t\t\t\t<div class=\"elementor-widget-container\">\n\t\t\t\t\t\t\t\t\t\t\t\t\t\t\t<img fetchpriority=\"high\" decoding=\"async\" width=\"800\" height=\"800\" src=\"https:\/\/varzeamilagrosa.com\/wp-content\/uploads\/2022\/11\/produktion-q.jpg\" class=\"attachment-large size-large wp-image-3918\" alt=\"\" srcset=\"https:\/\/varzeamilagrosa.com\/wp-content\/uploads\/2022\/11\/produktion-q.jpg 1000w, https:\/\/varzeamilagrosa.com\/wp-content\/uploads\/2022\/11\/produktion-q-300x300.jpg 300w, https:\/\/varzeamilagrosa.com\/wp-content\/uploads\/2022\/11\/produktion-q-150x150.jpg 150w, https:\/\/varzeamilagrosa.com\/wp-content\/uploads\/2022\/11\/produktion-q-768x768.jpg 768w, https:\/\/varzeamilagrosa.com\/wp-content\/uploads\/2022\/11\/produktion-q-600x600.jpg 600w, https:\/\/varzeamilagrosa.com\/wp-content\/uploads\/2022\/11\/produktion-q-100x100.jpg 100w\" sizes=\"(max-width: 800px) 100vw, 800px\" \/>\t\t\t\t\t\t\t\t\t\t\t\t\t\t\t<\/div>\n\t\t\t\t<\/div>\n\t\t\t\t\t<\/div>\n\t\t<\/div>\n\t\t\t\t<div class=\"elementor-column elementor-col-100 elementor-top-column elementor-element elementor-element-6a6648ab elementor-invisible\" data-id=\"6a6648ab\" data-element_type=\"column\" data-e-type=\"column\" data-settings=\"{&quot;animation&quot;:&quot;fadeInRight&quot;,&quot;animation_tablet&quot;:&quot;none&quot;,&quot;animation_mobile&quot;:&quot;none&quot;}\">\n\t\t\t<div class=\"elementor-widget-wrap elementor-element-populated\">\n\t\t\t\t\t\t<div class=\"elementor-element elementor-element-6988ae1f elementor-widget__width-auto elementor-widget-divider--view-line elementor-invisible elementor-widget elementor-widget-divider\" data-id=\"6988ae1f\" data-element_type=\"widget\" data-e-type=\"widget\" data-settings=\"{&quot;_animation&quot;:&quot;zoomIn&quot;,&quot;_animation_tablet&quot;:&quot;none&quot;,&quot;_animation_mobile&quot;:&quot;none&quot;,&quot;_animation_delay&quot;:1000}\" data-widget_type=\"divider.default\">\n\t\t\t\t<div class=\"elementor-widget-container\">\n\t\t\t\t\t\t\t<div class=\"elementor-divider\">\n\t\t\t<span class=\"elementor-divider-separator\">\n\t\t\t\t\t\t<\/span>\n\t\t<\/div>\n\t\t\t\t\t\t<\/div>\n\t\t\t\t<\/div>\n\t\t\t\t<div class=\"elementor-element elementor-element-460ae9d2 elementor-widget elementor-widget-heading\" data-id=\"460ae9d2\" data-element_type=\"widget\" data-e-type=\"widget\" data-widget_type=\"heading.default\">\n\t\t\t\t<div class=\"elementor-widget-container\">\n\t\t\t\t\t<h2 class=\"elementor-heading-title elementor-size-default\">Produ\u00e7\u00e3o agr\u00edcola<\/h2>\t\t\t\t<\/div>\n\t\t\t\t<\/div>\n\t\t\t\t<div class=\"elementor-element elementor-element-5e190c09 elementor-widget elementor-widget-text-editor\" data-id=\"5e190c09\" data-element_type=\"widget\" data-e-type=\"widget\" data-widget_type=\"text-editor.default\">\n\t\t\t\t<div class=\"elementor-widget-container\">\n\t\t\t\t\t\t\t\t\t<p>S\u00f3 colocamos no vidro o que crescemos.<\/p>\n\t\t\t\t\t\t\t\t<\/div>\n\t\t\t\t<\/div>\n\t\t\t\t\t<\/div>\n\t\t<\/div>\n\t\t\t\t\t<\/div>\n\t\t<\/section>\n\t\t\t\t<section class=\"elementor-section elementor-top-section elementor-element elementor-element-5ad0a8d4 elementor-section-boxed elementor-section-height-default elementor-section-height-default\" data-id=\"5ad0a8d4\" data-element_type=\"section\" data-e-type=\"section\">\n\t\t\t\t\t\t<div class=\"elementor-container elementor-column-gap-no\">\n\t\t\t\t\t<div class=\"elementor-column elementor-col-100 elementor-top-column elementor-element elementor-element-3cc86ea0 elementor-invisible\" data-id=\"3cc86ea0\" data-element_type=\"column\" data-e-type=\"column\" data-settings=\"{&quot;animation&quot;:&quot;fadeIn&quot;,&quot;animation_tablet&quot;:&quot;none&quot;,&quot;animation_mobile&quot;:&quot;none&quot;}\">\n\t\t\t<div class=\"elementor-widget-wrap elementor-element-populated\">\n\t\t\t\t\t\t<div class=\"elementor-element elementor-element-5d79546f elementor-widget elementor-widget-text-editor\" data-id=\"5d79546f\" data-element_type=\"widget\" data-e-type=\"widget\" data-widget_type=\"text-editor.default\">\n\t\t\t\t<div class=\"elementor-widget-container\">\n\t\t\t\t\t\t\t\t\tS\u00f3 engarrafamos o que tamb\u00e9m cresceu no nosso rebanho. Com esta decis\u00e3o clara, temos o controlo total desde o cultivo at\u00e9 ao produto acabado. Para si, isto significa a m\u00e1xima rastreabilidade da proveni\u00eancia dos seus alimentos e da forma como foram produzidos. Trabalho honesto em vez de promessas publicit\u00e1rias lanosas!\nN\u00e3o compramos azeitonas ou outras mat\u00e9rias-primas a outros produtores. N\u00f3s pr\u00f3prios produzimos at\u00e9 uma grande parte das nossas especiarias e ervas arom\u00e1ticas. Para a inevit\u00e1vel compra adicional de a\u00e7\u00facar, pectina e algumas especiarias, utilizamos o com\u00e9rcio especializado de produtos org\u00e2nicos.\nO mel vem do nosso apicultor que instala as suas colmeias perto das flores selvagens na nossa mato, entre outros locais.  \t\t\t\t\t\t\t\t<\/div>\n\t\t\t\t<\/div>\n\t\t\t\t\t<\/div>\n\t\t<\/div>\n\t\t\t\t\t<\/div>\n\t\t<\/section>\n\t\t\t\t<\/div>\n\t\t","protected":false},"excerpt":{"rendered":"<p>Produ\u00e7\u00e3o agr\u00edcola S\u00f3 colocamos no vidro o que crescemos. S\u00f3 engarrafamos o que tamb\u00e9m cresceu no nosso rebanho. Com esta decis\u00e3o clara, temos o controlo total desde o cultivo at\u00e9 ao produto acabado. Para si, isto significa a m\u00e1xima rastreabilidade da proveni\u00eancia dos seus alimentos e da forma como foram produzidos. Trabalho honesto em vez [&hellip;]<\/p>\n","protected":false},"author":1,"featured_media":0,"parent":0,"menu_order":0,"comment_status":"closed","ping_status":"closed","template":"","meta":{"_monsterinsights_skip_tracking":false,"_monsterinsights_sitenote_active":false,"_monsterinsights_sitenote_note":"","_monsterinsights_sitenote_category":0,"footnotes":""},"class_list":["post-4048","page","type-page","status-publish","hentry"],"yoast_head":"<!-- This site is optimized with the Yoast SEO plugin v25.9 - https:\/\/yoast.com\/wordpress\/plugins\/seo\/ -->\n<title>Produ\u00e7\u00e3o agr\u00edcola - V\u00e1rzea Milagrosa<\/title>\n<meta name=\"robots\" content=\"index, follow, max-snippet:-1, max-image-preview:large, max-video-preview:-1\" \/>\n<link rel=\"canonical\" href=\"https:\/\/varzeamilagrosa.com\/pt-pt\/producao-agricola\/\" \/>\n<meta property=\"og:locale\" content=\"pt_PT\" \/>\n<meta property=\"og:type\" content=\"article\" \/>\n<meta property=\"og:title\" content=\"Produ\u00e7\u00e3o agr\u00edcola - V\u00e1rzea Milagrosa\" \/>\n<meta property=\"og:description\" content=\"Produ\u00e7\u00e3o agr\u00edcola S\u00f3 colocamos no vidro o que crescemos. S\u00f3 engarrafamos o que tamb\u00e9m cresceu no nosso rebanho. Com esta decis\u00e3o clara, temos o controlo total desde o cultivo at\u00e9 ao produto acabado. Para si, isto significa a m\u00e1xima rastreabilidade da proveni\u00eancia dos seus alimentos e da forma como foram produzidos. Trabalho honesto em vez [&hellip;]\" \/>\n<meta property=\"og:url\" content=\"https:\/\/varzeamilagrosa.com\/pt-pt\/producao-agricola\/\" \/>\n<meta property=\"og:site_name\" content=\"V\u00e1rzea Milagrosa\" \/>\n<meta property=\"article:modified_time\" content=\"2025-09-27T09:38:47+00:00\" \/>\n<meta property=\"og:image\" content=\"https:\/\/varzeamilagrosa.com\/wp-content\/uploads\/2022\/11\/produktion-q.jpg\" \/>\n\t<meta property=\"og:image:width\" content=\"1000\" \/>\n\t<meta property=\"og:image:height\" content=\"1000\" \/>\n\t<meta property=\"og:image:type\" content=\"image\/jpeg\" \/>\n<meta name=\"twitter:card\" content=\"summary_large_image\" \/>\n<meta name=\"twitter:label1\" content=\"Tempo estimado de leitura\" \/>\n\t<meta name=\"twitter:data1\" content=\"1 minuto\" \/>\n<script type=\"application\/ld+json\" class=\"yoast-schema-graph\">{\"@context\":\"https:\/\/schema.org\",\"@graph\":[{\"@type\":\"WebPage\",\"@id\":\"https:\/\/varzeamilagrosa.com\/pt-pt\/producao-agricola\/\",\"url\":\"https:\/\/varzeamilagrosa.com\/pt-pt\/producao-agricola\/\",\"name\":\"Produ\u00e7\u00e3o agr\u00edcola - V\u00e1rzea Milagrosa\",\"isPartOf\":{\"@id\":\"https:\/\/varzeamilagrosa.com\/#website\"},\"primaryImageOfPage\":{\"@id\":\"https:\/\/varzeamilagrosa.com\/pt-pt\/producao-agricola\/#primaryimage\"},\"image\":{\"@id\":\"https:\/\/varzeamilagrosa.com\/pt-pt\/producao-agricola\/#primaryimage\"},\"thumbnailUrl\":\"https:\/\/varzeamilagrosa.com\/wp-content\/uploads\/2022\/11\/produktion-q.jpg\",\"datePublished\":\"2022-10-21T06:34:03+00:00\",\"dateModified\":\"2025-09-27T09:38:47+00:00\",\"breadcrumb\":{\"@id\":\"https:\/\/varzeamilagrosa.com\/pt-pt\/producao-agricola\/#breadcrumb\"},\"inLanguage\":\"pt-PT\",\"potentialAction\":[{\"@type\":\"ReadAction\",\"target\":[\"https:\/\/varzeamilagrosa.com\/pt-pt\/producao-agricola\/\"]}]},{\"@type\":\"ImageObject\",\"inLanguage\":\"pt-PT\",\"@id\":\"https:\/\/varzeamilagrosa.com\/pt-pt\/producao-agricola\/#primaryimage\",\"url\":\"https:\/\/varzeamilagrosa.com\/wp-content\/uploads\/2022\/11\/produktion-q.jpg\",\"contentUrl\":\"https:\/\/varzeamilagrosa.com\/wp-content\/uploads\/2022\/11\/produktion-q.jpg\"},{\"@type\":\"BreadcrumbList\",\"@id\":\"https:\/\/varzeamilagrosa.com\/pt-pt\/producao-agricola\/#breadcrumb\",\"itemListElement\":[{\"@type\":\"ListItem\",\"position\":1,\"name\":\"Startseite\",\"item\":\"https:\/\/varzeamilagrosa.com\/pt-pt\/\"},{\"@type\":\"ListItem\",\"position\":2,\"name\":\"Produ\u00e7\u00e3o agr\u00edcola\"}]},{\"@type\":\"WebSite\",\"@id\":\"https:\/\/varzeamilagrosa.com\/#website\",\"url\":\"https:\/\/varzeamilagrosa.com\/\",\"name\":\"V\u00e1rzea Milagrosa\",\"description\":\"\",\"publisher\":{\"@id\":\"https:\/\/varzeamilagrosa.com\/#organization\"},\"potentialAction\":[{\"@type\":\"SearchAction\",\"target\":{\"@type\":\"EntryPoint\",\"urlTemplate\":\"https:\/\/varzeamilagrosa.com\/?s={search_term_string}\"},\"query-input\":{\"@type\":\"PropertyValueSpecification\",\"valueRequired\":true,\"valueName\":\"search_term_string\"}}],\"inLanguage\":\"pt-PT\"},{\"@type\":\"Organization\",\"@id\":\"https:\/\/varzeamilagrosa.com\/#organization\",\"name\":\"V\u00e1rzea Milagrosa\",\"url\":\"https:\/\/varzeamilagrosa.com\/\",\"logo\":{\"@type\":\"ImageObject\",\"inLanguage\":\"pt-PT\",\"@id\":\"https:\/\/varzeamilagrosa.com\/#\/schema\/logo\/image\/\",\"url\":\"https:\/\/varzeamilagrosa.com\/wp-content\/uploads\/2022\/11\/cropped-vm-logo-1.png\",\"contentUrl\":\"https:\/\/varzeamilagrosa.com\/wp-content\/uploads\/2022\/11\/cropped-vm-logo-1.png\",\"width\":251,\"height\":143,\"caption\":\"V\u00e1rzea Milagrosa\"},\"image\":{\"@id\":\"https:\/\/varzeamilagrosa.com\/#\/schema\/logo\/image\/\"}}]}<\/script>\n<!-- \/ Yoast SEO plugin. -->","yoast_head_json":{"title":"Produ\u00e7\u00e3o agr\u00edcola - V\u00e1rzea Milagrosa","robots":{"index":"index","follow":"follow","max-snippet":"max-snippet:-1","max-image-preview":"max-image-preview:large","max-video-preview":"max-video-preview:-1"},"canonical":"https:\/\/varzeamilagrosa.com\/pt-pt\/producao-agricola\/","og_locale":"pt_PT","og_type":"article","og_title":"Produ\u00e7\u00e3o agr\u00edcola - V\u00e1rzea Milagrosa","og_description":"Produ\u00e7\u00e3o agr\u00edcola S\u00f3 colocamos no vidro o que crescemos. S\u00f3 engarrafamos o que tamb\u00e9m cresceu no nosso rebanho. Com esta decis\u00e3o clara, temos o controlo total desde o cultivo at\u00e9 ao produto acabado. Para si, isto significa a m\u00e1xima rastreabilidade da proveni\u00eancia dos seus alimentos e da forma como foram produzidos. Trabalho honesto em vez [&hellip;]","og_url":"https:\/\/varzeamilagrosa.com\/pt-pt\/producao-agricola\/","og_site_name":"V\u00e1rzea Milagrosa","article_modified_time":"2025-09-27T09:38:47+00:00","og_image":[{"width":1000,"height":1000,"url":"https:\/\/varzeamilagrosa.com\/wp-content\/uploads\/2022\/11\/produktion-q.jpg","type":"image\/jpeg"}],"twitter_card":"summary_large_image","twitter_misc":{"Tempo estimado de leitura":"1 minuto"},"schema":{"@context":"https:\/\/schema.org","@graph":[{"@type":"WebPage","@id":"https:\/\/varzeamilagrosa.com\/pt-pt\/producao-agricola\/","url":"https:\/\/varzeamilagrosa.com\/pt-pt\/producao-agricola\/","name":"Produ\u00e7\u00e3o agr\u00edcola - V\u00e1rzea Milagrosa","isPartOf":{"@id":"https:\/\/varzeamilagrosa.com\/#website"},"primaryImageOfPage":{"@id":"https:\/\/varzeamilagrosa.com\/pt-pt\/producao-agricola\/#primaryimage"},"image":{"@id":"https:\/\/varzeamilagrosa.com\/pt-pt\/producao-agricola\/#primaryimage"},"thumbnailUrl":"https:\/\/varzeamilagrosa.com\/wp-content\/uploads\/2022\/11\/produktion-q.jpg","datePublished":"2022-10-21T06:34:03+00:00","dateModified":"2025-09-27T09:38:47+00:00","breadcrumb":{"@id":"https:\/\/varzeamilagrosa.com\/pt-pt\/producao-agricola\/#breadcrumb"},"inLanguage":"pt-PT","potentialAction":[{"@type":"ReadAction","target":["https:\/\/varzeamilagrosa.com\/pt-pt\/producao-agricola\/"]}]},{"@type":"ImageObject","inLanguage":"pt-PT","@id":"https:\/\/varzeamilagrosa.com\/pt-pt\/producao-agricola\/#primaryimage","url":"https:\/\/varzeamilagrosa.com\/wp-content\/uploads\/2022\/11\/produktion-q.jpg","contentUrl":"https:\/\/varzeamilagrosa.com\/wp-content\/uploads\/2022\/11\/produktion-q.jpg"},{"@type":"BreadcrumbList","@id":"https:\/\/varzeamilagrosa.com\/pt-pt\/producao-agricola\/#breadcrumb","itemListElement":[{"@type":"ListItem","position":1,"name":"Startseite","item":"https:\/\/varzeamilagrosa.com\/pt-pt\/"},{"@type":"ListItem","position":2,"name":"Produ\u00e7\u00e3o agr\u00edcola"}]},{"@type":"WebSite","@id":"https:\/\/varzeamilagrosa.com\/#website","url":"https:\/\/varzeamilagrosa.com\/","name":"V\u00e1rzea Milagrosa","description":"","publisher":{"@id":"https:\/\/varzeamilagrosa.com\/#organization"},"potentialAction":[{"@type":"SearchAction","target":{"@type":"EntryPoint","urlTemplate":"https:\/\/varzeamilagrosa.com\/?s={search_term_string}"},"query-input":{"@type":"PropertyValueSpecification","valueRequired":true,"valueName":"search_term_string"}}],"inLanguage":"pt-PT"},{"@type":"Organization","@id":"https:\/\/varzeamilagrosa.com\/#organization","name":"V\u00e1rzea Milagrosa","url":"https:\/\/varzeamilagrosa.com\/","logo":{"@type":"ImageObject","inLanguage":"pt-PT","@id":"https:\/\/varzeamilagrosa.com\/#\/schema\/logo\/image\/","url":"https:\/\/varzeamilagrosa.com\/wp-content\/uploads\/2022\/11\/cropped-vm-logo-1.png","contentUrl":"https:\/\/varzeamilagrosa.com\/wp-content\/uploads\/2022\/11\/cropped-vm-logo-1.png","width":251,"height":143,"caption":"V\u00e1rzea Milagrosa"},"image":{"@id":"https:\/\/varzeamilagrosa.com\/#\/schema\/logo\/image\/"}}]}},"_links":{"self":[{"href":"https:\/\/varzeamilagrosa.com\/pt-pt\/wp-json\/wp\/v2\/pages\/4048","targetHints":{"allow":["GET"]}}],"collection":[{"href":"https:\/\/varzeamilagrosa.com\/pt-pt\/wp-json\/wp\/v2\/pages"}],"about":[{"href":"https:\/\/varzeamilagrosa.com\/pt-pt\/wp-json\/wp\/v2\/types\/page"}],"author":[{"embeddable":true,"href":"https:\/\/varzeamilagrosa.com\/pt-pt\/wp-json\/wp\/v2\/users\/1"}],"replies":[{"embeddable":true,"href":"https:\/\/varzeamilagrosa.com\/pt-pt\/wp-json\/wp\/v2\/comments?post=4048"}],"version-history":[{"count":0,"href":"https:\/\/varzeamilagrosa.com\/pt-pt\/wp-json\/wp\/v2\/pages\/4048\/revisions"}],"wp:attachment":[{"href":"https:\/\/varzeamilagrosa.com\/pt-pt\/wp-json\/wp\/v2\/media?parent=4048"}],"curies":[{"name":"wp","href":"https:\/\/api.w.org\/{rel}","templated":true}]}}