{"id":4065,"date":"2022-10-21T08:55:00","date_gmt":"2022-10-21T06:55:00","guid":{"rendered":"https:\/\/varzeamilagrosa.com\/sabores-naturais-composicoes-criativas\/"},"modified":"2025-09-27T11:41:42","modified_gmt":"2025-09-27T09:41:42","slug":"sabores-naturais-composicoes-criativas","status":"publish","type":"page","link":"https:\/\/varzeamilagrosa.com\/pt-pt\/sabores-naturais-composicoes-criativas\/","title":{"rendered":"Sabores naturais, composi\u00e7\u00f5es criativas"},"content":{"rendered":"\t\t<div data-elementor-type=\"wp-page\" data-elementor-id=\"4065\" class=\"elementor elementor-4065 elementor-3278\">\n\t\t\t\t\t\t<section class=\"elementor-section elementor-top-section elementor-element elementor-element-80a350e elementor-section-boxed elementor-section-height-default elementor-section-height-default\" data-id=\"80a350e\" data-element_type=\"section\" data-e-type=\"section\" data-settings=\"{&quot;background_background&quot;:&quot;classic&quot;}\">\n\t\t\t\t\t\t<div class=\"elementor-container elementor-column-gap-no\">\n\t\t\t\t\t<div class=\"elementor-column elementor-col-100 elementor-top-column elementor-element elementor-element-cb09174\" data-id=\"cb09174\" data-element_type=\"column\" data-e-type=\"column\">\n\t\t\t<div class=\"elementor-widget-wrap elementor-element-populated\">\n\t\t\t\t\t\t<div class=\"elementor-element elementor-element-7613107 elementor-widget elementor-widget-woocommerce-breadcrumb\" data-id=\"7613107\" data-element_type=\"widget\" data-e-type=\"widget\" data-widget_type=\"woocommerce-breadcrumb.default\">\n\t\t\t\t<div class=\"elementor-widget-container\">\n\t\t\t\t\t<nav class=\"woocommerce-breadcrumb\" aria-label=\"Breadcrumb\">In\u00edcio<\/nav>\t\t\t\t<\/div>\n\t\t\t\t<\/div>\n\t\t\t\t\t<\/div>\n\t\t<\/div>\n\t\t\t\t\t<\/div>\n\t\t<\/section>\n\t\t\t\t<section class=\"elementor-section elementor-top-section elementor-element elementor-element-45237651 elementor-section-boxed elementor-section-height-default elementor-section-height-default\" data-id=\"45237651\" data-element_type=\"section\" data-e-type=\"section\">\n\t\t\t\t\t\t<div class=\"elementor-container elementor-column-gap-no\">\n\t\t\t\t\t<div class=\"elementor-column elementor-col-100 elementor-top-column elementor-element elementor-element-414d4c6c\" data-id=\"414d4c6c\" data-element_type=\"column\" data-e-type=\"column\">\n\t\t\t<div class=\"elementor-widget-wrap elementor-element-populated\">\n\t\t\t\t\t\t<div class=\"elementor-element elementor-element-6ee371ba elementor-widget-tablet__width-initial elementor-widget elementor-widget-image\" data-id=\"6ee371ba\" data-element_type=\"widget\" data-e-type=\"widget\" data-widget_type=\"image.default\">\n\t\t\t\t<div class=\"elementor-widget-container\">\n\t\t\t\t\t\t\t\t\t\t\t\t\t\t\t<img fetchpriority=\"high\" decoding=\"async\" width=\"800\" height=\"800\" src=\"https:\/\/varzeamilagrosa.com\/wp-content\/uploads\/2022\/11\/Natuerliche-Aromen-q.jpg\" class=\"attachment-large size-large wp-image-3916\" alt=\"\" srcset=\"https:\/\/varzeamilagrosa.com\/wp-content\/uploads\/2022\/11\/Natuerliche-Aromen-q.jpg 1000w, https:\/\/varzeamilagrosa.com\/wp-content\/uploads\/2022\/11\/Natuerliche-Aromen-q-300x300.jpg 300w, https:\/\/varzeamilagrosa.com\/wp-content\/uploads\/2022\/11\/Natuerliche-Aromen-q-150x150.jpg 150w, https:\/\/varzeamilagrosa.com\/wp-content\/uploads\/2022\/11\/Natuerliche-Aromen-q-768x768.jpg 768w, https:\/\/varzeamilagrosa.com\/wp-content\/uploads\/2022\/11\/Natuerliche-Aromen-q-600x600.jpg 600w, https:\/\/varzeamilagrosa.com\/wp-content\/uploads\/2022\/11\/Natuerliche-Aromen-q-100x100.jpg 100w\" sizes=\"(max-width: 800px) 100vw, 800px\" \/>\t\t\t\t\t\t\t\t\t\t\t\t\t\t\t<\/div>\n\t\t\t\t<\/div>\n\t\t\t\t\t<\/div>\n\t\t<\/div>\n\t\t\t\t<div class=\"elementor-column elementor-col-100 elementor-top-column elementor-element elementor-element-411ee56f elementor-invisible\" data-id=\"411ee56f\" data-element_type=\"column\" data-e-type=\"column\" data-settings=\"{&quot;animation&quot;:&quot;fadeInRight&quot;,&quot;animation_tablet&quot;:&quot;none&quot;,&quot;animation_mobile&quot;:&quot;none&quot;}\">\n\t\t\t<div class=\"elementor-widget-wrap elementor-element-populated\">\n\t\t\t\t\t\t<div class=\"elementor-element elementor-element-270fad13 elementor-widget__width-auto elementor-widget-divider--view-line elementor-invisible elementor-widget elementor-widget-divider\" data-id=\"270fad13\" data-element_type=\"widget\" data-e-type=\"widget\" data-settings=\"{&quot;_animation&quot;:&quot;zoomIn&quot;,&quot;_animation_tablet&quot;:&quot;none&quot;,&quot;_animation_mobile&quot;:&quot;none&quot;,&quot;_animation_delay&quot;:1000}\" data-widget_type=\"divider.default\">\n\t\t\t\t<div class=\"elementor-widget-container\">\n\t\t\t\t\t\t\t<div class=\"elementor-divider\">\n\t\t\t<span class=\"elementor-divider-separator\">\n\t\t\t\t\t\t<\/span>\n\t\t<\/div>\n\t\t\t\t\t\t<\/div>\n\t\t\t\t<\/div>\n\t\t\t\t<div class=\"elementor-element elementor-element-7d21081c elementor-widget elementor-widget-heading\" data-id=\"7d21081c\" data-element_type=\"widget\" data-e-type=\"widget\" data-widget_type=\"heading.default\">\n\t\t\t\t<div class=\"elementor-widget-container\">\n\t\t\t\t\t<h2 class=\"elementor-heading-title elementor-size-default\">Sabores naturais, composi\u00e7\u00f5es criativas<\/h2>\t\t\t\t<\/div>\n\t\t\t\t<\/div>\n\t\t\t\t<div class=\"elementor-element elementor-element-42e9e461 elementor-widget elementor-widget-text-editor\" data-id=\"42e9e461\" data-element_type=\"widget\" data-e-type=\"widget\" data-widget_type=\"text-editor.default\">\n\t\t\t\t<div class=\"elementor-widget-container\">\n\t\t\t\t\t\t\t\t\t<p>Simplesmente inspirador quando a sa\u00fade e o prazer se unem<\/p>\n\t\t\t\t\t\t\t\t<\/div>\n\t\t\t\t<\/div>\n\t\t\t\t\t<\/div>\n\t\t<\/div>\n\t\t\t\t\t<\/div>\n\t\t<\/section>\n\t\t\t\t<section class=\"elementor-section elementor-top-section elementor-element elementor-element-4e0d5ff elementor-section-boxed elementor-section-height-default elementor-section-height-default\" data-id=\"4e0d5ff\" data-element_type=\"section\" data-e-type=\"section\">\n\t\t\t\t\t\t<div class=\"elementor-container elementor-column-gap-no\">\n\t\t\t\t\t<div class=\"elementor-column elementor-col-100 elementor-top-column elementor-element elementor-element-127c8f46 elementor-invisible\" data-id=\"127c8f46\" data-element_type=\"column\" data-e-type=\"column\" data-settings=\"{&quot;animation&quot;:&quot;fadeIn&quot;,&quot;animation_tablet&quot;:&quot;none&quot;,&quot;animation_mobile&quot;:&quot;none&quot;}\">\n\t\t\t<div class=\"elementor-widget-wrap elementor-element-populated\">\n\t\t\t\t\t\t<div class=\"elementor-element elementor-element-cf08e8c elementor-widget elementor-widget-text-editor\" data-id=\"cf08e8c\" data-element_type=\"widget\" data-e-type=\"widget\" data-widget_type=\"text-editor.default\">\n\t\t\t\t<div class=\"elementor-widget-container\">\n\t\t\t\t\t\t\t\t\t<p>O que torna a dieta mediterr\u00e2nica t\u00e3o saud\u00e1vel? &#8230; o elevado teor de ingredientes secund\u00e1rios no azeite e nas muitas ervas arom\u00e1ticas. Isso \u00e9 sa\u00fade que se pode saborear.<br \/>Com o nosso pestos de ervas selvagens, \u00f3leos de ervas ou ess\u00eancias de flores, pode desfrutar da vitalidade dos nossos arom\u00e1ticos, cultivados sob o sol do sul de Portugal. E gra\u00e7as a <a href=\"https:\/\/varzeamilagrosa.com\/pt-pt\/sobre-nos\/\">Bernhard<\/a> como cozinheiro e curandeiro, as nossas composi\u00e7\u00f5es cont\u00eam sempre um pouco de sa\u00fade mais. Quer se trate de azeitonas com casca de laranja amarga e pontas de b\u00e1lsamo de trevo, ess\u00eancia de mel de flor de esteva ou de marmelo com laranja trefoil &#8211; enquanto desfruta, tamb\u00e9m est\u00e1 a nutrir a sua sa\u00fade.<br \/>Pode saber mais sobre os efeitos na sa\u00fade nas nossas composi\u00e7\u00f5es no nosso <a href=\"https:\/\/varzeamilagrosa.com\/pt-pt\/blog\/\">blogue<\/a>.<\/p>\n\t\t\t\t\t\t\t\t<\/div>\n\t\t\t\t<\/div>\n\t\t\t\t\t<\/div>\n\t\t<\/div>\n\t\t\t\t\t<\/div>\n\t\t<\/section>\n\t\t\t\t<\/div>\n\t\t","protected":false},"excerpt":{"rendered":"<p>Sabores naturais, composi\u00e7\u00f5es criativas Simplesmente inspirador quando a sa\u00fade e o prazer se unem O que torna a dieta mediterr\u00e2nica t\u00e3o saud\u00e1vel? &#8230; o elevado teor de ingredientes secund\u00e1rios no azeite e nas muitas ervas arom\u00e1ticas. Isso \u00e9 sa\u00fade que se pode saborear.Com o nosso pestos de ervas selvagens, \u00f3leos de ervas ou ess\u00eancias de [&hellip;]<\/p>\n","protected":false},"author":1,"featured_media":0,"parent":0,"menu_order":0,"comment_status":"closed","ping_status":"closed","template":"","meta":{"_monsterinsights_skip_tracking":false,"_monsterinsights_sitenote_active":false,"_monsterinsights_sitenote_note":"","_monsterinsights_sitenote_category":0,"footnotes":""},"class_list":["post-4065","page","type-page","status-publish","hentry"],"yoast_head":"<!-- This site is optimized with the Yoast SEO plugin v25.9 - https:\/\/yoast.com\/wordpress\/plugins\/seo\/ -->\n<title>Sabores naturais, composi\u00e7\u00f5es criativas - V\u00e1rzea Milagrosa<\/title>\n<meta name=\"robots\" content=\"index, follow, max-snippet:-1, max-image-preview:large, max-video-preview:-1\" \/>\n<link rel=\"canonical\" href=\"https:\/\/varzeamilagrosa.com\/pt-pt\/sabores-naturais-composicoes-criativas\/\" \/>\n<meta property=\"og:locale\" content=\"pt_PT\" \/>\n<meta property=\"og:type\" content=\"article\" \/>\n<meta property=\"og:title\" content=\"Sabores naturais, composi\u00e7\u00f5es criativas - V\u00e1rzea Milagrosa\" \/>\n<meta property=\"og:description\" content=\"Sabores naturais, composi\u00e7\u00f5es criativas Simplesmente inspirador quando a sa\u00fade e o prazer se unem O que torna a dieta mediterr\u00e2nica t\u00e3o saud\u00e1vel? &#8230; o elevado teor de ingredientes secund\u00e1rios no azeite e nas muitas ervas arom\u00e1ticas. Isso \u00e9 sa\u00fade que se pode saborear.Com o nosso pestos de ervas selvagens, \u00f3leos de ervas ou ess\u00eancias de [&hellip;]\" \/>\n<meta property=\"og:url\" content=\"https:\/\/varzeamilagrosa.com\/pt-pt\/sabores-naturais-composicoes-criativas\/\" \/>\n<meta property=\"og:site_name\" content=\"V\u00e1rzea Milagrosa\" \/>\n<meta property=\"article:modified_time\" content=\"2025-09-27T09:41:42+00:00\" \/>\n<meta property=\"og:image\" content=\"https:\/\/varzeamilagrosa.com\/wp-content\/uploads\/2022\/11\/Natuerliche-Aromen-q.jpg\" \/>\n\t<meta property=\"og:image:width\" content=\"1000\" \/>\n\t<meta property=\"og:image:height\" content=\"1000\" \/>\n\t<meta property=\"og:image:type\" content=\"image\/jpeg\" \/>\n<meta name=\"twitter:card\" content=\"summary_large_image\" \/>\n<meta name=\"twitter:label1\" content=\"Tempo estimado de leitura\" \/>\n\t<meta name=\"twitter:data1\" content=\"2 minutos\" \/>\n<script type=\"application\/ld+json\" class=\"yoast-schema-graph\">{\"@context\":\"https:\/\/schema.org\",\"@graph\":[{\"@type\":\"WebPage\",\"@id\":\"https:\/\/varzeamilagrosa.com\/pt-pt\/sabores-naturais-composicoes-criativas\/\",\"url\":\"https:\/\/varzeamilagrosa.com\/pt-pt\/sabores-naturais-composicoes-criativas\/\",\"name\":\"Sabores naturais, composi\u00e7\u00f5es criativas - V\u00e1rzea Milagrosa\",\"isPartOf\":{\"@id\":\"https:\/\/varzeamilagrosa.com\/#website\"},\"primaryImageOfPage\":{\"@id\":\"https:\/\/varzeamilagrosa.com\/pt-pt\/sabores-naturais-composicoes-criativas\/#primaryimage\"},\"image\":{\"@id\":\"https:\/\/varzeamilagrosa.com\/pt-pt\/sabores-naturais-composicoes-criativas\/#primaryimage\"},\"thumbnailUrl\":\"https:\/\/varzeamilagrosa.com\/wp-content\/uploads\/2022\/11\/Natuerliche-Aromen-q.jpg\",\"datePublished\":\"2022-10-21T06:55:00+00:00\",\"dateModified\":\"2025-09-27T09:41:42+00:00\",\"breadcrumb\":{\"@id\":\"https:\/\/varzeamilagrosa.com\/pt-pt\/sabores-naturais-composicoes-criativas\/#breadcrumb\"},\"inLanguage\":\"pt-PT\",\"potentialAction\":[{\"@type\":\"ReadAction\",\"target\":[\"https:\/\/varzeamilagrosa.com\/pt-pt\/sabores-naturais-composicoes-criativas\/\"]}]},{\"@type\":\"ImageObject\",\"inLanguage\":\"pt-PT\",\"@id\":\"https:\/\/varzeamilagrosa.com\/pt-pt\/sabores-naturais-composicoes-criativas\/#primaryimage\",\"url\":\"https:\/\/varzeamilagrosa.com\/wp-content\/uploads\/2022\/11\/Natuerliche-Aromen-q.jpg\",\"contentUrl\":\"https:\/\/varzeamilagrosa.com\/wp-content\/uploads\/2022\/11\/Natuerliche-Aromen-q.jpg\"},{\"@type\":\"BreadcrumbList\",\"@id\":\"https:\/\/varzeamilagrosa.com\/pt-pt\/sabores-naturais-composicoes-criativas\/#breadcrumb\",\"itemListElement\":[{\"@type\":\"ListItem\",\"position\":1,\"name\":\"Startseite\",\"item\":\"https:\/\/varzeamilagrosa.com\/pt-pt\/\"},{\"@type\":\"ListItem\",\"position\":2,\"name\":\"Sabores naturais, composi\u00e7\u00f5es criativas\"}]},{\"@type\":\"WebSite\",\"@id\":\"https:\/\/varzeamilagrosa.com\/#website\",\"url\":\"https:\/\/varzeamilagrosa.com\/\",\"name\":\"V\u00e1rzea Milagrosa\",\"description\":\"\",\"publisher\":{\"@id\":\"https:\/\/varzeamilagrosa.com\/#organization\"},\"potentialAction\":[{\"@type\":\"SearchAction\",\"target\":{\"@type\":\"EntryPoint\",\"urlTemplate\":\"https:\/\/varzeamilagrosa.com\/?s={search_term_string}\"},\"query-input\":{\"@type\":\"PropertyValueSpecification\",\"valueRequired\":true,\"valueName\":\"search_term_string\"}}],\"inLanguage\":\"pt-PT\"},{\"@type\":\"Organization\",\"@id\":\"https:\/\/varzeamilagrosa.com\/#organization\",\"name\":\"V\u00e1rzea Milagrosa\",\"url\":\"https:\/\/varzeamilagrosa.com\/\",\"logo\":{\"@type\":\"ImageObject\",\"inLanguage\":\"pt-PT\",\"@id\":\"https:\/\/varzeamilagrosa.com\/#\/schema\/logo\/image\/\",\"url\":\"https:\/\/varzeamilagrosa.com\/wp-content\/uploads\/2022\/11\/cropped-vm-logo-1.png\",\"contentUrl\":\"https:\/\/varzeamilagrosa.com\/wp-content\/uploads\/2022\/11\/cropped-vm-logo-1.png\",\"width\":251,\"height\":143,\"caption\":\"V\u00e1rzea Milagrosa\"},\"image\":{\"@id\":\"https:\/\/varzeamilagrosa.com\/#\/schema\/logo\/image\/\"}}]}<\/script>\n<!-- \/ Yoast SEO plugin. -->","yoast_head_json":{"title":"Sabores naturais, composi\u00e7\u00f5es criativas - V\u00e1rzea Milagrosa","robots":{"index":"index","follow":"follow","max-snippet":"max-snippet:-1","max-image-preview":"max-image-preview:large","max-video-preview":"max-video-preview:-1"},"canonical":"https:\/\/varzeamilagrosa.com\/pt-pt\/sabores-naturais-composicoes-criativas\/","og_locale":"pt_PT","og_type":"article","og_title":"Sabores naturais, composi\u00e7\u00f5es criativas - V\u00e1rzea Milagrosa","og_description":"Sabores naturais, composi\u00e7\u00f5es criativas Simplesmente inspirador quando a sa\u00fade e o prazer se unem O que torna a dieta mediterr\u00e2nica t\u00e3o saud\u00e1vel? &#8230; o elevado teor de ingredientes secund\u00e1rios no azeite e nas muitas ervas arom\u00e1ticas. Isso \u00e9 sa\u00fade que se pode saborear.Com o nosso pestos de ervas selvagens, \u00f3leos de ervas ou ess\u00eancias de [&hellip;]","og_url":"https:\/\/varzeamilagrosa.com\/pt-pt\/sabores-naturais-composicoes-criativas\/","og_site_name":"V\u00e1rzea Milagrosa","article_modified_time":"2025-09-27T09:41:42+00:00","og_image":[{"width":1000,"height":1000,"url":"https:\/\/varzeamilagrosa.com\/wp-content\/uploads\/2022\/11\/Natuerliche-Aromen-q.jpg","type":"image\/jpeg"}],"twitter_card":"summary_large_image","twitter_misc":{"Tempo estimado de leitura":"2 minutos"},"schema":{"@context":"https:\/\/schema.org","@graph":[{"@type":"WebPage","@id":"https:\/\/varzeamilagrosa.com\/pt-pt\/sabores-naturais-composicoes-criativas\/","url":"https:\/\/varzeamilagrosa.com\/pt-pt\/sabores-naturais-composicoes-criativas\/","name":"Sabores naturais, composi\u00e7\u00f5es criativas - V\u00e1rzea Milagrosa","isPartOf":{"@id":"https:\/\/varzeamilagrosa.com\/#website"},"primaryImageOfPage":{"@id":"https:\/\/varzeamilagrosa.com\/pt-pt\/sabores-naturais-composicoes-criativas\/#primaryimage"},"image":{"@id":"https:\/\/varzeamilagrosa.com\/pt-pt\/sabores-naturais-composicoes-criativas\/#primaryimage"},"thumbnailUrl":"https:\/\/varzeamilagrosa.com\/wp-content\/uploads\/2022\/11\/Natuerliche-Aromen-q.jpg","datePublished":"2022-10-21T06:55:00+00:00","dateModified":"2025-09-27T09:41:42+00:00","breadcrumb":{"@id":"https:\/\/varzeamilagrosa.com\/pt-pt\/sabores-naturais-composicoes-criativas\/#breadcrumb"},"inLanguage":"pt-PT","potentialAction":[{"@type":"ReadAction","target":["https:\/\/varzeamilagrosa.com\/pt-pt\/sabores-naturais-composicoes-criativas\/"]}]},{"@type":"ImageObject","inLanguage":"pt-PT","@id":"https:\/\/varzeamilagrosa.com\/pt-pt\/sabores-naturais-composicoes-criativas\/#primaryimage","url":"https:\/\/varzeamilagrosa.com\/wp-content\/uploads\/2022\/11\/Natuerliche-Aromen-q.jpg","contentUrl":"https:\/\/varzeamilagrosa.com\/wp-content\/uploads\/2022\/11\/Natuerliche-Aromen-q.jpg"},{"@type":"BreadcrumbList","@id":"https:\/\/varzeamilagrosa.com\/pt-pt\/sabores-naturais-composicoes-criativas\/#breadcrumb","itemListElement":[{"@type":"ListItem","position":1,"name":"Startseite","item":"https:\/\/varzeamilagrosa.com\/pt-pt\/"},{"@type":"ListItem","position":2,"name":"Sabores naturais, composi\u00e7\u00f5es criativas"}]},{"@type":"WebSite","@id":"https:\/\/varzeamilagrosa.com\/#website","url":"https:\/\/varzeamilagrosa.com\/","name":"V\u00e1rzea Milagrosa","description":"","publisher":{"@id":"https:\/\/varzeamilagrosa.com\/#organization"},"potentialAction":[{"@type":"SearchAction","target":{"@type":"EntryPoint","urlTemplate":"https:\/\/varzeamilagrosa.com\/?s={search_term_string}"},"query-input":{"@type":"PropertyValueSpecification","valueRequired":true,"valueName":"search_term_string"}}],"inLanguage":"pt-PT"},{"@type":"Organization","@id":"https:\/\/varzeamilagrosa.com\/#organization","name":"V\u00e1rzea Milagrosa","url":"https:\/\/varzeamilagrosa.com\/","logo":{"@type":"ImageObject","inLanguage":"pt-PT","@id":"https:\/\/varzeamilagrosa.com\/#\/schema\/logo\/image\/","url":"https:\/\/varzeamilagrosa.com\/wp-content\/uploads\/2022\/11\/cropped-vm-logo-1.png","contentUrl":"https:\/\/varzeamilagrosa.com\/wp-content\/uploads\/2022\/11\/cropped-vm-logo-1.png","width":251,"height":143,"caption":"V\u00e1rzea Milagrosa"},"image":{"@id":"https:\/\/varzeamilagrosa.com\/#\/schema\/logo\/image\/"}}]}},"_links":{"self":[{"href":"https:\/\/varzeamilagrosa.com\/pt-pt\/wp-json\/wp\/v2\/pages\/4065","targetHints":{"allow":["GET"]}}],"collection":[{"href":"https:\/\/varzeamilagrosa.com\/pt-pt\/wp-json\/wp\/v2\/pages"}],"about":[{"href":"https:\/\/varzeamilagrosa.com\/pt-pt\/wp-json\/wp\/v2\/types\/page"}],"author":[{"embeddable":true,"href":"https:\/\/varzeamilagrosa.com\/pt-pt\/wp-json\/wp\/v2\/users\/1"}],"replies":[{"embeddable":true,"href":"https:\/\/varzeamilagrosa.com\/pt-pt\/wp-json\/wp\/v2\/comments?post=4065"}],"version-history":[{"count":0,"href":"https:\/\/varzeamilagrosa.com\/pt-pt\/wp-json\/wp\/v2\/pages\/4065\/revisions"}],"wp:attachment":[{"href":"https:\/\/varzeamilagrosa.com\/pt-pt\/wp-json\/wp\/v2\/media?parent=4065"}],"curies":[{"name":"wp","href":"https:\/\/api.w.org\/{rel}","templated":true}]}}