{"id":4086,"date":"2022-10-21T08:59:29","date_gmt":"2022-10-21T06:59:29","guid":{"rendered":"https:\/\/varzeamilagrosa.com\/totalmente-declarado-e-livre-de-contaminacao\/"},"modified":"2025-09-27T11:42:55","modified_gmt":"2025-09-27T09:42:55","slug":"totalmente-declarado-e-livre-de-contaminacao","status":"publish","type":"page","link":"https:\/\/varzeamilagrosa.com\/pt-pt\/totalmente-declarado-e-livre-de-contaminacao\/","title":{"rendered":"Totalmente declarado e livre de contamina\u00e7\u00e3o"},"content":{"rendered":"\t\t<div data-elementor-type=\"wp-page\" data-elementor-id=\"4086\" class=\"elementor elementor-4086 elementor-3283\">\n\t\t\t\t\t\t<section class=\"elementor-section elementor-top-section elementor-element elementor-element-e5b6b6a elementor-section-boxed elementor-section-height-default elementor-section-height-default\" data-id=\"e5b6b6a\" data-element_type=\"section\" data-e-type=\"section\" data-settings=\"{&quot;background_background&quot;:&quot;classic&quot;}\">\n\t\t\t\t\t\t<div class=\"elementor-container elementor-column-gap-no\">\n\t\t\t\t\t<div class=\"elementor-column elementor-col-100 elementor-top-column elementor-element elementor-element-94dbc3c\" data-id=\"94dbc3c\" data-element_type=\"column\" data-e-type=\"column\">\n\t\t\t<div class=\"elementor-widget-wrap elementor-element-populated\">\n\t\t\t\t\t\t<div class=\"elementor-element elementor-element-40b0406 elementor-widget elementor-widget-woocommerce-breadcrumb\" data-id=\"40b0406\" data-element_type=\"widget\" data-e-type=\"widget\" data-widget_type=\"woocommerce-breadcrumb.default\">\n\t\t\t\t<div class=\"elementor-widget-container\">\n\t\t\t\t\t<nav class=\"woocommerce-breadcrumb\" aria-label=\"Breadcrumb\">In\u00edcio<\/nav>\t\t\t\t<\/div>\n\t\t\t\t<\/div>\n\t\t\t\t\t<\/div>\n\t\t<\/div>\n\t\t\t\t\t<\/div>\n\t\t<\/section>\n\t\t\t\t<section class=\"elementor-section elementor-top-section elementor-element elementor-element-7fb2f9cd elementor-section-boxed elementor-section-height-default elementor-section-height-default\" data-id=\"7fb2f9cd\" data-element_type=\"section\" data-e-type=\"section\">\n\t\t\t\t\t\t<div class=\"elementor-container elementor-column-gap-no\">\n\t\t\t\t\t<div class=\"elementor-column elementor-col-100 elementor-top-column elementor-element elementor-element-150d95cd\" data-id=\"150d95cd\" data-element_type=\"column\" data-e-type=\"column\">\n\t\t\t<div class=\"elementor-widget-wrap elementor-element-populated\">\n\t\t\t\t\t\t<div class=\"elementor-element elementor-element-748efc10 elementor-widget-tablet__width-initial elementor-widget elementor-widget-image\" data-id=\"748efc10\" data-element_type=\"widget\" data-e-type=\"widget\" data-widget_type=\"image.default\">\n\t\t\t\t<div class=\"elementor-widget-container\">\n\t\t\t\t\t\t\t\t\t\t\t\t\t\t\t<img fetchpriority=\"high\" decoding=\"async\" width=\"800\" height=\"800\" src=\"https:\/\/varzeamilagrosa.com\/wp-content\/uploads\/2022\/11\/volldeklariert-q.jpg\" class=\"attachment-large size-large wp-image-3928\" alt=\"\" srcset=\"https:\/\/varzeamilagrosa.com\/wp-content\/uploads\/2022\/11\/volldeklariert-q.jpg 1000w, https:\/\/varzeamilagrosa.com\/wp-content\/uploads\/2022\/11\/volldeklariert-q-300x300.jpg 300w, https:\/\/varzeamilagrosa.com\/wp-content\/uploads\/2022\/11\/volldeklariert-q-150x150.jpg 150w, https:\/\/varzeamilagrosa.com\/wp-content\/uploads\/2022\/11\/volldeklariert-q-768x768.jpg 768w, https:\/\/varzeamilagrosa.com\/wp-content\/uploads\/2022\/11\/volldeklariert-q-600x600.jpg 600w, https:\/\/varzeamilagrosa.com\/wp-content\/uploads\/2022\/11\/volldeklariert-q-100x100.jpg 100w\" sizes=\"(max-width: 800px) 100vw, 800px\" \/>\t\t\t\t\t\t\t\t\t\t\t\t\t\t\t<\/div>\n\t\t\t\t<\/div>\n\t\t\t\t\t<\/div>\n\t\t<\/div>\n\t\t\t\t<div class=\"elementor-column elementor-col-100 elementor-top-column elementor-element elementor-element-156f4f36 elementor-invisible\" data-id=\"156f4f36\" data-element_type=\"column\" data-e-type=\"column\" data-settings=\"{&quot;animation&quot;:&quot;fadeInRight&quot;,&quot;animation_tablet&quot;:&quot;none&quot;,&quot;animation_mobile&quot;:&quot;none&quot;}\">\n\t\t\t<div class=\"elementor-widget-wrap elementor-element-populated\">\n\t\t\t\t\t\t<div class=\"elementor-element elementor-element-6b82e96a elementor-widget__width-auto elementor-widget-divider--view-line elementor-invisible elementor-widget elementor-widget-divider\" data-id=\"6b82e96a\" data-element_type=\"widget\" data-e-type=\"widget\" data-settings=\"{&quot;_animation&quot;:&quot;zoomIn&quot;,&quot;_animation_tablet&quot;:&quot;none&quot;,&quot;_animation_mobile&quot;:&quot;none&quot;,&quot;_animation_delay&quot;:1000}\" data-widget_type=\"divider.default\">\n\t\t\t\t<div class=\"elementor-widget-container\">\n\t\t\t\t\t\t\t<div class=\"elementor-divider\">\n\t\t\t<span class=\"elementor-divider-separator\">\n\t\t\t\t\t\t<\/span>\n\t\t<\/div>\n\t\t\t\t\t\t<\/div>\n\t\t\t\t<\/div>\n\t\t\t\t<div class=\"elementor-element elementor-element-7dcb1c84 elementor-widget elementor-widget-heading\" data-id=\"7dcb1c84\" data-element_type=\"widget\" data-e-type=\"widget\" data-widget_type=\"heading.default\">\n\t\t\t\t<div class=\"elementor-widget-container\">\n\t\t\t\t\t<h2 class=\"elementor-heading-title elementor-size-default\">Totalmente declarado e livre de contamina\u00e7\u00e3o<\/h2>\t\t\t\t<\/div>\n\t\t\t\t<\/div>\n\t\t\t\t<div class=\"elementor-element elementor-element-4993e750 elementor-widget elementor-widget-text-editor\" data-id=\"4993e750\" data-element_type=\"widget\" data-e-type=\"widget\" data-widget_type=\"text-editor.default\">\n\t\t\t\t<div class=\"elementor-widget-container\">\n\t\t\t\t\t\t\t\t\t<p>Sem gl\u00faten &#8211; sem leite &#8211; vegetariano &#8211; connosco \u00e9 apenas o que est\u00e1 no r\u00f3tulo!<\/p>\n\t\t\t\t\t\t\t\t<\/div>\n\t\t\t\t<\/div>\n\t\t\t\t\t<\/div>\n\t\t<\/div>\n\t\t\t\t\t<\/div>\n\t\t<\/section>\n\t\t\t\t<section class=\"elementor-section elementor-top-section elementor-element elementor-element-49cb7947 elementor-section-boxed elementor-section-height-default elementor-section-height-default\" data-id=\"49cb7947\" data-element_type=\"section\" data-e-type=\"section\">\n\t\t\t\t\t\t<div class=\"elementor-container elementor-column-gap-no\">\n\t\t\t\t\t<div class=\"elementor-column elementor-col-100 elementor-top-column elementor-element elementor-element-79e51c20 elementor-invisible\" data-id=\"79e51c20\" data-element_type=\"column\" data-e-type=\"column\" data-settings=\"{&quot;animation&quot;:&quot;fadeIn&quot;,&quot;animation_tablet&quot;:&quot;none&quot;,&quot;animation_mobile&quot;:&quot;none&quot;}\">\n\t\t\t<div class=\"elementor-widget-wrap elementor-element-populated\">\n\t\t\t\t\t\t<div class=\"elementor-element elementor-element-4be3ebfa elementor-widget elementor-widget-text-editor\" data-id=\"4be3ebfa\" data-element_type=\"widget\" data-e-type=\"widget\" data-widget_type=\"text-editor.default\">\n\t\t\t\t<div class=\"elementor-widget-container\">\n\t\t\t\t\t\t\t\t\t<p>&#8220;Que mais h\u00e1 l\u00e1 dentro que n\u00e3o diga?&#8221; Como pessoa afectada, Bernhard conhece esta quest\u00e3o e as respostas, muitas vezes vagas, de experi\u00eancias dolorosas. Por conseguinte, nada est\u00e1 contido nos nossos produtos que n\u00e3o conste da lista de ingredientes.<br \/>N\u00e3o processamos quaisquer produtos que contenham gl\u00faten ou prote\u00edna do leite. Isto tamb\u00e9m exclui a possibilidade de contamina\u00e7\u00e3o.<br \/>Com excep\u00e7\u00e3o do mel do nosso apicultor, tamb\u00e9m n\u00e3o utilizamos quaisquer ingredientes animais na nossa produ\u00e7\u00e3o.<br \/>Por uma quest\u00e3o de princ\u00edpio, n\u00e3o utilizamos aditivos sint\u00e9ticos de qualquer tipo.<br \/>Al\u00e9m disso, as nossas composi\u00e7\u00f5es cont\u00eam apenas alguns ingredientes, para que tamb\u00e9m tenha os melhores pr\u00e9-requisitos para experimentar o prazer sem arrependimento com as nossas iguarias, mesmo que tenha alergias, intoler\u00e2ncias ou sensibilidades elevadas.<\/p>\n\t\t\t\t\t\t\t\t<\/div>\n\t\t\t\t<\/div>\n\t\t\t\t\t<\/div>\n\t\t<\/div>\n\t\t\t\t\t<\/div>\n\t\t<\/section>\n\t\t\t\t<\/div>\n\t\t","protected":false},"excerpt":{"rendered":"<p>Totalmente declarado e livre de contamina\u00e7\u00e3o Sem gl\u00faten &#8211; sem leite &#8211; vegetariano &#8211; connosco \u00e9 apenas o que est\u00e1 no r\u00f3tulo! &#8220;Que mais h\u00e1 l\u00e1 dentro que n\u00e3o diga?&#8221; Como pessoa afectada, Bernhard conhece esta quest\u00e3o e as respostas, muitas vezes vagas, de experi\u00eancias dolorosas. Por conseguinte, nada est\u00e1 contido nos nossos produtos que [&hellip;]<\/p>\n","protected":false},"author":1,"featured_media":0,"parent":0,"menu_order":0,"comment_status":"closed","ping_status":"closed","template":"","meta":{"_monsterinsights_skip_tracking":false,"_monsterinsights_sitenote_active":false,"_monsterinsights_sitenote_note":"","_monsterinsights_sitenote_category":0,"footnotes":""},"class_list":["post-4086","page","type-page","status-publish","hentry"],"yoast_head":"<!-- This site is optimized with the Yoast SEO plugin v25.9 - https:\/\/yoast.com\/wordpress\/plugins\/seo\/ -->\n<title>Totalmente declarado e livre de contamina\u00e7\u00e3o - V\u00e1rzea Milagrosa<\/title>\n<meta name=\"robots\" content=\"index, follow, max-snippet:-1, max-image-preview:large, max-video-preview:-1\" \/>\n<link rel=\"canonical\" href=\"https:\/\/varzeamilagrosa.com\/pt-pt\/totalmente-declarado-e-livre-de-contaminacao\/\" \/>\n<meta property=\"og:locale\" content=\"pt_PT\" \/>\n<meta property=\"og:type\" content=\"article\" \/>\n<meta property=\"og:title\" content=\"Totalmente declarado e livre de contamina\u00e7\u00e3o - V\u00e1rzea Milagrosa\" \/>\n<meta property=\"og:description\" content=\"Totalmente declarado e livre de contamina\u00e7\u00e3o Sem gl\u00faten &#8211; sem leite &#8211; vegetariano &#8211; connosco \u00e9 apenas o que est\u00e1 no r\u00f3tulo! &#8220;Que mais h\u00e1 l\u00e1 dentro que n\u00e3o diga?&#8221; Como pessoa afectada, Bernhard conhece esta quest\u00e3o e as respostas, muitas vezes vagas, de experi\u00eancias dolorosas. Por conseguinte, nada est\u00e1 contido nos nossos produtos que [&hellip;]\" \/>\n<meta property=\"og:url\" content=\"https:\/\/varzeamilagrosa.com\/pt-pt\/totalmente-declarado-e-livre-de-contaminacao\/\" \/>\n<meta property=\"og:site_name\" content=\"V\u00e1rzea Milagrosa\" \/>\n<meta property=\"article:modified_time\" content=\"2025-09-27T09:42:55+00:00\" \/>\n<meta property=\"og:image\" content=\"https:\/\/varzeamilagrosa.com\/wp-content\/uploads\/2022\/11\/volldeklariert-q.jpg\" \/>\n\t<meta property=\"og:image:width\" content=\"1000\" \/>\n\t<meta property=\"og:image:height\" content=\"1000\" \/>\n\t<meta property=\"og:image:type\" content=\"image\/jpeg\" \/>\n<meta name=\"twitter:card\" content=\"summary_large_image\" \/>\n<meta name=\"twitter:label1\" content=\"Tempo estimado de leitura\" \/>\n\t<meta name=\"twitter:data1\" content=\"2 minutos\" \/>\n<script type=\"application\/ld+json\" class=\"yoast-schema-graph\">{\"@context\":\"https:\/\/schema.org\",\"@graph\":[{\"@type\":\"WebPage\",\"@id\":\"https:\/\/varzeamilagrosa.com\/pt-pt\/totalmente-declarado-e-livre-de-contaminacao\/\",\"url\":\"https:\/\/varzeamilagrosa.com\/pt-pt\/totalmente-declarado-e-livre-de-contaminacao\/\",\"name\":\"Totalmente declarado e livre de contamina\u00e7\u00e3o - V\u00e1rzea Milagrosa\",\"isPartOf\":{\"@id\":\"https:\/\/varzeamilagrosa.com\/#website\"},\"primaryImageOfPage\":{\"@id\":\"https:\/\/varzeamilagrosa.com\/pt-pt\/totalmente-declarado-e-livre-de-contaminacao\/#primaryimage\"},\"image\":{\"@id\":\"https:\/\/varzeamilagrosa.com\/pt-pt\/totalmente-declarado-e-livre-de-contaminacao\/#primaryimage\"},\"thumbnailUrl\":\"https:\/\/varzeamilagrosa.com\/wp-content\/uploads\/2022\/11\/volldeklariert-q.jpg\",\"datePublished\":\"2022-10-21T06:59:29+00:00\",\"dateModified\":\"2025-09-27T09:42:55+00:00\",\"breadcrumb\":{\"@id\":\"https:\/\/varzeamilagrosa.com\/pt-pt\/totalmente-declarado-e-livre-de-contaminacao\/#breadcrumb\"},\"inLanguage\":\"pt-PT\",\"potentialAction\":[{\"@type\":\"ReadAction\",\"target\":[\"https:\/\/varzeamilagrosa.com\/pt-pt\/totalmente-declarado-e-livre-de-contaminacao\/\"]}]},{\"@type\":\"ImageObject\",\"inLanguage\":\"pt-PT\",\"@id\":\"https:\/\/varzeamilagrosa.com\/pt-pt\/totalmente-declarado-e-livre-de-contaminacao\/#primaryimage\",\"url\":\"https:\/\/varzeamilagrosa.com\/wp-content\/uploads\/2022\/11\/volldeklariert-q.jpg\",\"contentUrl\":\"https:\/\/varzeamilagrosa.com\/wp-content\/uploads\/2022\/11\/volldeklariert-q.jpg\"},{\"@type\":\"BreadcrumbList\",\"@id\":\"https:\/\/varzeamilagrosa.com\/pt-pt\/totalmente-declarado-e-livre-de-contaminacao\/#breadcrumb\",\"itemListElement\":[{\"@type\":\"ListItem\",\"position\":1,\"name\":\"Startseite\",\"item\":\"https:\/\/varzeamilagrosa.com\/pt-pt\/\"},{\"@type\":\"ListItem\",\"position\":2,\"name\":\"Totalmente declarado e livre de contamina\u00e7\u00e3o\"}]},{\"@type\":\"WebSite\",\"@id\":\"https:\/\/varzeamilagrosa.com\/#website\",\"url\":\"https:\/\/varzeamilagrosa.com\/\",\"name\":\"V\u00e1rzea Milagrosa\",\"description\":\"\",\"publisher\":{\"@id\":\"https:\/\/varzeamilagrosa.com\/#organization\"},\"potentialAction\":[{\"@type\":\"SearchAction\",\"target\":{\"@type\":\"EntryPoint\",\"urlTemplate\":\"https:\/\/varzeamilagrosa.com\/?s={search_term_string}\"},\"query-input\":{\"@type\":\"PropertyValueSpecification\",\"valueRequired\":true,\"valueName\":\"search_term_string\"}}],\"inLanguage\":\"pt-PT\"},{\"@type\":\"Organization\",\"@id\":\"https:\/\/varzeamilagrosa.com\/#organization\",\"name\":\"V\u00e1rzea Milagrosa\",\"url\":\"https:\/\/varzeamilagrosa.com\/\",\"logo\":{\"@type\":\"ImageObject\",\"inLanguage\":\"pt-PT\",\"@id\":\"https:\/\/varzeamilagrosa.com\/#\/schema\/logo\/image\/\",\"url\":\"https:\/\/varzeamilagrosa.com\/wp-content\/uploads\/2022\/11\/cropped-vm-logo-1.png\",\"contentUrl\":\"https:\/\/varzeamilagrosa.com\/wp-content\/uploads\/2022\/11\/cropped-vm-logo-1.png\",\"width\":251,\"height\":143,\"caption\":\"V\u00e1rzea Milagrosa\"},\"image\":{\"@id\":\"https:\/\/varzeamilagrosa.com\/#\/schema\/logo\/image\/\"}}]}<\/script>\n<!-- \/ Yoast SEO plugin. -->","yoast_head_json":{"title":"Totalmente declarado e livre de contamina\u00e7\u00e3o - V\u00e1rzea Milagrosa","robots":{"index":"index","follow":"follow","max-snippet":"max-snippet:-1","max-image-preview":"max-image-preview:large","max-video-preview":"max-video-preview:-1"},"canonical":"https:\/\/varzeamilagrosa.com\/pt-pt\/totalmente-declarado-e-livre-de-contaminacao\/","og_locale":"pt_PT","og_type":"article","og_title":"Totalmente declarado e livre de contamina\u00e7\u00e3o - V\u00e1rzea Milagrosa","og_description":"Totalmente declarado e livre de contamina\u00e7\u00e3o Sem gl\u00faten &#8211; sem leite &#8211; vegetariano &#8211; connosco \u00e9 apenas o que est\u00e1 no r\u00f3tulo! &#8220;Que mais h\u00e1 l\u00e1 dentro que n\u00e3o diga?&#8221; Como pessoa afectada, Bernhard conhece esta quest\u00e3o e as respostas, muitas vezes vagas, de experi\u00eancias dolorosas. Por conseguinte, nada est\u00e1 contido nos nossos produtos que [&hellip;]","og_url":"https:\/\/varzeamilagrosa.com\/pt-pt\/totalmente-declarado-e-livre-de-contaminacao\/","og_site_name":"V\u00e1rzea Milagrosa","article_modified_time":"2025-09-27T09:42:55+00:00","og_image":[{"width":1000,"height":1000,"url":"https:\/\/varzeamilagrosa.com\/wp-content\/uploads\/2022\/11\/volldeklariert-q.jpg","type":"image\/jpeg"}],"twitter_card":"summary_large_image","twitter_misc":{"Tempo estimado de leitura":"2 minutos"},"schema":{"@context":"https:\/\/schema.org","@graph":[{"@type":"WebPage","@id":"https:\/\/varzeamilagrosa.com\/pt-pt\/totalmente-declarado-e-livre-de-contaminacao\/","url":"https:\/\/varzeamilagrosa.com\/pt-pt\/totalmente-declarado-e-livre-de-contaminacao\/","name":"Totalmente declarado e livre de contamina\u00e7\u00e3o - V\u00e1rzea Milagrosa","isPartOf":{"@id":"https:\/\/varzeamilagrosa.com\/#website"},"primaryImageOfPage":{"@id":"https:\/\/varzeamilagrosa.com\/pt-pt\/totalmente-declarado-e-livre-de-contaminacao\/#primaryimage"},"image":{"@id":"https:\/\/varzeamilagrosa.com\/pt-pt\/totalmente-declarado-e-livre-de-contaminacao\/#primaryimage"},"thumbnailUrl":"https:\/\/varzeamilagrosa.com\/wp-content\/uploads\/2022\/11\/volldeklariert-q.jpg","datePublished":"2022-10-21T06:59:29+00:00","dateModified":"2025-09-27T09:42:55+00:00","breadcrumb":{"@id":"https:\/\/varzeamilagrosa.com\/pt-pt\/totalmente-declarado-e-livre-de-contaminacao\/#breadcrumb"},"inLanguage":"pt-PT","potentialAction":[{"@type":"ReadAction","target":["https:\/\/varzeamilagrosa.com\/pt-pt\/totalmente-declarado-e-livre-de-contaminacao\/"]}]},{"@type":"ImageObject","inLanguage":"pt-PT","@id":"https:\/\/varzeamilagrosa.com\/pt-pt\/totalmente-declarado-e-livre-de-contaminacao\/#primaryimage","url":"https:\/\/varzeamilagrosa.com\/wp-content\/uploads\/2022\/11\/volldeklariert-q.jpg","contentUrl":"https:\/\/varzeamilagrosa.com\/wp-content\/uploads\/2022\/11\/volldeklariert-q.jpg"},{"@type":"BreadcrumbList","@id":"https:\/\/varzeamilagrosa.com\/pt-pt\/totalmente-declarado-e-livre-de-contaminacao\/#breadcrumb","itemListElement":[{"@type":"ListItem","position":1,"name":"Startseite","item":"https:\/\/varzeamilagrosa.com\/pt-pt\/"},{"@type":"ListItem","position":2,"name":"Totalmente declarado e livre de contamina\u00e7\u00e3o"}]},{"@type":"WebSite","@id":"https:\/\/varzeamilagrosa.com\/#website","url":"https:\/\/varzeamilagrosa.com\/","name":"V\u00e1rzea Milagrosa","description":"","publisher":{"@id":"https:\/\/varzeamilagrosa.com\/#organization"},"potentialAction":[{"@type":"SearchAction","target":{"@type":"EntryPoint","urlTemplate":"https:\/\/varzeamilagrosa.com\/?s={search_term_string}"},"query-input":{"@type":"PropertyValueSpecification","valueRequired":true,"valueName":"search_term_string"}}],"inLanguage":"pt-PT"},{"@type":"Organization","@id":"https:\/\/varzeamilagrosa.com\/#organization","name":"V\u00e1rzea Milagrosa","url":"https:\/\/varzeamilagrosa.com\/","logo":{"@type":"ImageObject","inLanguage":"pt-PT","@id":"https:\/\/varzeamilagrosa.com\/#\/schema\/logo\/image\/","url":"https:\/\/varzeamilagrosa.com\/wp-content\/uploads\/2022\/11\/cropped-vm-logo-1.png","contentUrl":"https:\/\/varzeamilagrosa.com\/wp-content\/uploads\/2022\/11\/cropped-vm-logo-1.png","width":251,"height":143,"caption":"V\u00e1rzea Milagrosa"},"image":{"@id":"https:\/\/varzeamilagrosa.com\/#\/schema\/logo\/image\/"}}]}},"_links":{"self":[{"href":"https:\/\/varzeamilagrosa.com\/pt-pt\/wp-json\/wp\/v2\/pages\/4086","targetHints":{"allow":["GET"]}}],"collection":[{"href":"https:\/\/varzeamilagrosa.com\/pt-pt\/wp-json\/wp\/v2\/pages"}],"about":[{"href":"https:\/\/varzeamilagrosa.com\/pt-pt\/wp-json\/wp\/v2\/types\/page"}],"author":[{"embeddable":true,"href":"https:\/\/varzeamilagrosa.com\/pt-pt\/wp-json\/wp\/v2\/users\/1"}],"replies":[{"embeddable":true,"href":"https:\/\/varzeamilagrosa.com\/pt-pt\/wp-json\/wp\/v2\/comments?post=4086"}],"version-history":[{"count":0,"href":"https:\/\/varzeamilagrosa.com\/pt-pt\/wp-json\/wp\/v2\/pages\/4086\/revisions"}],"wp:attachment":[{"href":"https:\/\/varzeamilagrosa.com\/pt-pt\/wp-json\/wp\/v2\/media?parent=4086"}],"curies":[{"name":"wp","href":"https:\/\/api.w.org\/{rel}","templated":true}]}}