{"id":4311,"date":"2022-12-15T08:41:50","date_gmt":"2022-12-15T07:41:50","guid":{"rendered":"https:\/\/varzeamilagrosa.com\/pagina-de-aterragem\/"},"modified":"2025-09-27T11:38:16","modified_gmt":"2025-09-27T09:38:16","slug":"pagina-de-aterragem","status":"publish","type":"page","link":"https:\/\/varzeamilagrosa.com\/pt-pt\/pagina-de-aterragem\/","title":{"rendered":"P\u00e1gina de Aterragem"},"content":{"rendered":"\t\t<div data-elementor-type=\"wp-page\" data-elementor-id=\"4311\" class=\"elementor elementor-4311 elementor-4297\">\n\t\t\t\t\t\t<section class=\"elementor-section elementor-top-section elementor-element elementor-element-5b5bcb3 elementor-section-boxed elementor-section-height-default elementor-section-height-default\" data-id=\"5b5bcb3\" data-element_type=\"section\" data-e-type=\"section\" data-settings=\"{&quot;background_background&quot;:&quot;classic&quot;}\">\n\t\t\t\t\t\t<div class=\"elementor-container elementor-column-gap-no\">\n\t\t\t\t\t<div class=\"elementor-column elementor-col-100 elementor-top-column elementor-element elementor-element-2c488f2\" data-id=\"2c488f2\" data-element_type=\"column\" data-e-type=\"column\">\n\t\t\t<div class=\"elementor-widget-wrap elementor-element-populated\">\n\t\t\t\t\t\t<div class=\"elementor-element elementor-element-70795e0 elementor-widget elementor-widget-woocommerce-breadcrumb\" data-id=\"70795e0\" data-element_type=\"widget\" data-e-type=\"widget\" data-widget_type=\"woocommerce-breadcrumb.default\">\n\t\t\t\t<div class=\"elementor-widget-container\">\n\t\t\t\t\t<nav class=\"woocommerce-breadcrumb\" aria-label=\"Breadcrumb\">In\u00edcio<\/nav>\t\t\t\t<\/div>\n\t\t\t\t<\/div>\n\t\t\t\t\t<\/div>\n\t\t<\/div>\n\t\t\t\t\t<\/div>\n\t\t<\/section>\n\t\t\t\t<section class=\"elementor-section elementor-top-section elementor-element elementor-element-3553057f elementor-section-boxed elementor-section-height-default elementor-section-height-default\" data-id=\"3553057f\" data-element_type=\"section\" data-e-type=\"section\">\n\t\t\t\t\t\t<div class=\"elementor-container elementor-column-gap-no\">\n\t\t\t\t\t<div class=\"elementor-column elementor-col-100 elementor-top-column elementor-element elementor-element-6192190b\" data-id=\"6192190b\" data-element_type=\"column\" data-e-type=\"column\">\n\t\t\t<div class=\"elementor-widget-wrap elementor-element-populated\">\n\t\t\t\t\t\t<div class=\"elementor-element elementor-element-6fed4449 elementor-widget-tablet__width-initial elementor-widget elementor-widget-image\" data-id=\"6fed4449\" data-element_type=\"widget\" data-e-type=\"widget\" data-widget_type=\"image.default\">\n\t\t\t\t<div class=\"elementor-widget-container\">\n\t\t\t\t\t\t\t\t\t\t\t\t\t\t\t<img decoding=\"async\" src=\"https:\/\/varzeamilagrosa.com\/wp-content\/uploads\/elementor\/thumbs\/Kraeuterwiese-1-1-pzd3m8ltijai77ipf5loaqlhapk4vtjnk6u36brveo.jpg\" title=\"dav\" alt=\"dav\" loading=\"lazy\" \/>\t\t\t\t\t\t\t\t\t\t\t\t\t\t\t<\/div>\n\t\t\t\t<\/div>\n\t\t\t\t\t<\/div>\n\t\t<\/div>\n\t\t\t\t<div class=\"elementor-column elementor-col-100 elementor-top-column elementor-element elementor-element-1092c3dc elementor-invisible\" data-id=\"1092c3dc\" data-element_type=\"column\" data-e-type=\"column\" data-settings=\"{&quot;animation&quot;:&quot;fadeInRight&quot;,&quot;animation_tablet&quot;:&quot;none&quot;,&quot;animation_mobile&quot;:&quot;none&quot;}\">\n\t\t\t<div class=\"elementor-widget-wrap elementor-element-populated\">\n\t\t\t\t\t\t<div class=\"elementor-element elementor-element-7e2fb37c elementor-widget__width-auto elementor-widget-divider--view-line elementor-invisible elementor-widget elementor-widget-divider\" data-id=\"7e2fb37c\" data-element_type=\"widget\" data-e-type=\"widget\" data-settings=\"{&quot;_animation&quot;:&quot;zoomIn&quot;,&quot;_animation_tablet&quot;:&quot;none&quot;,&quot;_animation_mobile&quot;:&quot;none&quot;,&quot;_animation_delay&quot;:1000}\" data-widget_type=\"divider.default\">\n\t\t\t\t<div class=\"elementor-widget-container\">\n\t\t\t\t\t\t\t<div class=\"elementor-divider\">\n\t\t\t<span class=\"elementor-divider-separator\">\n\t\t\t\t\t\t<\/span>\n\t\t<\/div>\n\t\t\t\t\t\t<\/div>\n\t\t\t\t<\/div>\n\t\t\t\t<div class=\"elementor-element elementor-element-7105e72 elementor-widget elementor-widget-heading\" data-id=\"7105e72\" data-element_type=\"widget\" data-e-type=\"widget\" data-widget_type=\"heading.default\">\n\t\t\t\t<div class=\"elementor-widget-container\">\n\t\t\t\t\t<h2 class=\"elementor-heading-title elementor-size-default\">Do m\u00e9dico herb\u00edvoro e cozinheiro de ervas ao herb\u00edvoro<\/h2>\t\t\t\t<\/div>\n\t\t\t\t<\/div>\n\t\t\t\t<div class=\"elementor-element elementor-element-2b44b56 elementor-widget elementor-widget-text-editor\" data-id=\"2b44b56\" data-element_type=\"widget\" data-e-type=\"widget\" data-widget_type=\"text-editor.default\">\n\t\t\t\t<div class=\"elementor-widget-container\">\n\t\t\t\t\t\t\t\t\t<p>Tempos diferentes, respostas diferentes. O meu amor pelas pessoas, pela comida e pelas plantas permanece.<\/p>\n\t\t\t\t\t\t\t\t<\/div>\n\t\t\t\t<\/div>\n\t\t\t\t\t<\/div>\n\t\t<\/div>\n\t\t\t\t\t<\/div>\n\t\t<\/section>\n\t\t\t\t<section class=\"elementor-section elementor-top-section elementor-element elementor-element-1d8cfe29 elementor-section-boxed elementor-section-height-default elementor-section-height-default\" data-id=\"1d8cfe29\" data-element_type=\"section\" data-e-type=\"section\">\n\t\t\t\t\t\t<div class=\"elementor-container elementor-column-gap-no\">\n\t\t\t\t\t<div class=\"elementor-column elementor-col-100 elementor-top-column elementor-element elementor-element-4df0a84b elementor-invisible\" data-id=\"4df0a84b\" data-element_type=\"column\" data-e-type=\"column\" data-settings=\"{&quot;animation&quot;:&quot;fadeIn&quot;,&quot;animation_tablet&quot;:&quot;none&quot;,&quot;animation_mobile&quot;:&quot;none&quot;}\">\n\t\t\t<div class=\"elementor-widget-wrap elementor-element-populated\">\n\t\t\t\t\t\t<div class=\"elementor-element elementor-element-562f5253 elementor-widget elementor-widget-text-editor\" data-id=\"562f5253\" data-element_type=\"widget\" data-e-type=\"widget\" data-widget_type=\"text-editor.default\">\n\t\t\t\t<div class=\"elementor-widget-container\">\n\t\t\t\t\t\t\t\t\t<h4>&#8230; novos tempos tamb\u00e9m precisam de novas respostasAjuda sanit\u00e1ria para os altamente sens\u00edveis e outros<\/h4>\n<p>Caro visitante, caro visitante<br \/>Foi redireccionado do meu s\u00edtio <a href=\"https:\/\/ernaehrung-heilen.de\">www.ernaehrung-heilen.de<\/a> para o meu s\u00edtio actual <a href=\"https:\/\/varzeamilagrosa.com\/pt-pt\/\">www.varzeamilagrosa.com porque<\/a>&#8230;<\/p>\n<h4>&#8230; Terminei a minha pr\u00e1tica m\u00e9dica na Alemanha.<\/h4>\n<p>No entanto, o meu amor pelas pessoas, pela comida e pelas plantas permaneceu. E assim, nos meus posts no blogue, continuo a fornecer-vos os meus muitos anos de conhecimento e trabalho em torno de plantas para cozinhar e cuidados de sa\u00fade. Pode saber mais em <a href=\"https:\/\/varzeamilagrosa.com\/pt-pt\/blog\/\">www.varzeamilagrosa.com\/blog\/<\/a> <br \/>As suas perguntas sobre o livro &#8220;Bernhard B\u00fchr, Eva-Maria Engl &#8211; Ern\u00e4hrung f\u00fcr Hochsensible&#8221; tamb\u00e9m continuar\u00e3o a ser respondidas. Pode saber mais sobre isto no post do blogue Nutri\u00e7\u00e3o para pessoas altamente sens\u00edveis &#8211; o livro.<\/p>\n<h4>&#8230; novos tempos tamb\u00e9m precisam de novas respostas<\/h4>\n<p>N\u00f3s &#8211; isto \u00e9 Bernhard e Eva-Maria &#8211; j\u00e1 temos trabalhado com ervas e arom\u00e1ticos para a cozinha e a sa\u00fade. Com a V\u00e1rzea Milagrosa, estamos agora a concentrar-nos na base de tudo isto:<br \/>o cultivo e prepara\u00e7\u00e3o de ervas e ingredientes arom\u00e1ticos para a cozinha e sa\u00fade.<br \/>Com a colheita de 2024, oferecemos agora <a href=\"https:\/\/varzeamilagrosa.com\/pt-pt\/azeitonas-e-azeite\/\">azeitonas e azeite<\/a>, bem como <a href=\"https:\/\/varzeamilagrosa.com\/pt-pt\/ervas-e-flores\/\">produtos de flores de ervas arom\u00e1ticas<\/a>. \u00c9 claro que tamb\u00e9m nos mantemos fi\u00e9is \u00e0 nossa abordagem hol\u00edstica.<br \/>Pode saber mais sobre os nossos padr\u00f5es de qualidade, o nosso <a href=\"https:\/\/varzeamilagrosa.com\/pt-pt\/projecto\/\">projecto<\/a> e a <a href=\"https:\/\/varzeamilagrosa.com\/pt-pt\/\">V\u00e1rzea Milagrosa<\/a> no nosso actual website V\u00e1rzea Milagrosa.<br \/>Se desejar contactar-nos pessoalmente, encontrar\u00e1 tudo o que precisa de saber em <a href=\"https:\/\/varzeamilagrosa.com\/pt-pt\/contacto\/\">Contacto<\/a>.<\/p>\n\t\t\t\t\t\t\t\t<\/div>\n\t\t\t\t<\/div>\n\t\t\t\t\t<\/div>\n\t\t<\/div>\n\t\t\t\t\t<\/div>\n\t\t<\/section>\n\t\t\t\t<\/div>\n\t\t","protected":false},"excerpt":{"rendered":"<p>Do m\u00e9dico herb\u00edvoro e cozinheiro de ervas ao herb\u00edvoro Tempos diferentes, respostas diferentes. O meu amor pelas pessoas, pela comida e pelas plantas permanece. &#8230; novos tempos tamb\u00e9m precisam de novas respostasAjuda sanit\u00e1ria para os altamente sens\u00edveis e outros Caro visitante, caro visitanteFoi redireccionado do meu s\u00edtio www.ernaehrung-heilen.de para o meu s\u00edtio actual www.varzeamilagrosa.com porque&#8230; [&hellip;]<\/p>\n","protected":false},"author":1,"featured_media":0,"parent":0,"menu_order":0,"comment_status":"closed","ping_status":"closed","template":"","meta":{"_monsterinsights_skip_tracking":false,"_monsterinsights_sitenote_active":false,"_monsterinsights_sitenote_note":"","_monsterinsights_sitenote_category":0,"footnotes":""},"class_list":["post-4311","page","type-page","status-publish","hentry"],"yoast_head":"<!-- This site is optimized with the Yoast SEO plugin v25.9 - https:\/\/yoast.com\/wordpress\/plugins\/seo\/ -->\n<title>P\u00e1gina de Aterragem - V\u00e1rzea Milagrosa<\/title>\n<meta name=\"robots\" content=\"index, follow, max-snippet:-1, max-image-preview:large, max-video-preview:-1\" \/>\n<link rel=\"canonical\" href=\"https:\/\/varzeamilagrosa.com\/pt-pt\/pagina-de-aterragem\/\" \/>\n<meta property=\"og:locale\" content=\"pt_PT\" \/>\n<meta property=\"og:type\" content=\"article\" \/>\n<meta property=\"og:title\" content=\"P\u00e1gina de Aterragem - V\u00e1rzea Milagrosa\" \/>\n<meta property=\"og:description\" content=\"Do m\u00e9dico herb\u00edvoro e cozinheiro de ervas ao herb\u00edvoro Tempos diferentes, respostas diferentes. O meu amor pelas pessoas, pela comida e pelas plantas permanece. &#8230; novos tempos tamb\u00e9m precisam de novas respostasAjuda sanit\u00e1ria para os altamente sens\u00edveis e outros Caro visitante, caro visitanteFoi redireccionado do meu s\u00edtio www.ernaehrung-heilen.de para o meu s\u00edtio actual www.varzeamilagrosa.com porque&#8230; [&hellip;]\" \/>\n<meta property=\"og:url\" content=\"https:\/\/varzeamilagrosa.com\/pt-pt\/pagina-de-aterragem\/\" \/>\n<meta property=\"og:site_name\" content=\"V\u00e1rzea Milagrosa\" \/>\n<meta property=\"article:modified_time\" content=\"2025-09-27T09:38:16+00:00\" \/>\n<meta property=\"og:image\" content=\"https:\/\/varzeamilagrosa.com\/wp-content\/uploads\/elementor\/thumbs\/Kraeuterwiese-1-1-pzd3m8ltijai77ipf5loaqlhapk4vtjnk6u36brveo.jpg\" \/>\n<meta name=\"twitter:card\" content=\"summary_large_image\" \/>\n<meta name=\"twitter:label1\" content=\"Tempo estimado de leitura\" \/>\n\t<meta name=\"twitter:data1\" content=\"2 minutos\" \/>\n<script type=\"application\/ld+json\" class=\"yoast-schema-graph\">{\"@context\":\"https:\/\/schema.org\",\"@graph\":[{\"@type\":\"WebPage\",\"@id\":\"https:\/\/varzeamilagrosa.com\/pt-pt\/pagina-de-aterragem\/\",\"url\":\"https:\/\/varzeamilagrosa.com\/pt-pt\/pagina-de-aterragem\/\",\"name\":\"P\u00e1gina de Aterragem - V\u00e1rzea Milagrosa\",\"isPartOf\":{\"@id\":\"https:\/\/varzeamilagrosa.com\/#website\"},\"primaryImageOfPage\":{\"@id\":\"https:\/\/varzeamilagrosa.com\/pt-pt\/pagina-de-aterragem\/#primaryimage\"},\"image\":{\"@id\":\"https:\/\/varzeamilagrosa.com\/pt-pt\/pagina-de-aterragem\/#primaryimage\"},\"thumbnailUrl\":\"https:\/\/varzeamilagrosa.com\/wp-content\/uploads\/elementor\/thumbs\/Kraeuterwiese-1-1-pzd3m8ltijai77ipf5loaqlhapk4vtjnk6u36brveo.jpg\",\"datePublished\":\"2022-12-15T07:41:50+00:00\",\"dateModified\":\"2025-09-27T09:38:16+00:00\",\"breadcrumb\":{\"@id\":\"https:\/\/varzeamilagrosa.com\/pt-pt\/pagina-de-aterragem\/#breadcrumb\"},\"inLanguage\":\"pt-PT\",\"potentialAction\":[{\"@type\":\"ReadAction\",\"target\":[\"https:\/\/varzeamilagrosa.com\/pt-pt\/pagina-de-aterragem\/\"]}]},{\"@type\":\"ImageObject\",\"inLanguage\":\"pt-PT\",\"@id\":\"https:\/\/varzeamilagrosa.com\/pt-pt\/pagina-de-aterragem\/#primaryimage\",\"url\":\"https:\/\/varzeamilagrosa.com\/wp-content\/uploads\/elementor\/thumbs\/Kraeuterwiese-1-1-pzd3m8ltijai77ipf5loaqlhapk4vtjnk6u36brveo.jpg\",\"contentUrl\":\"https:\/\/varzeamilagrosa.com\/wp-content\/uploads\/elementor\/thumbs\/Kraeuterwiese-1-1-pzd3m8ltijai77ipf5loaqlhapk4vtjnk6u36brveo.jpg\"},{\"@type\":\"BreadcrumbList\",\"@id\":\"https:\/\/varzeamilagrosa.com\/pt-pt\/pagina-de-aterragem\/#breadcrumb\",\"itemListElement\":[{\"@type\":\"ListItem\",\"position\":1,\"name\":\"Startseite\",\"item\":\"https:\/\/varzeamilagrosa.com\/pt-pt\/\"},{\"@type\":\"ListItem\",\"position\":2,\"name\":\"P\u00e1gina de Aterragem\"}]},{\"@type\":\"WebSite\",\"@id\":\"https:\/\/varzeamilagrosa.com\/#website\",\"url\":\"https:\/\/varzeamilagrosa.com\/\",\"name\":\"V\u00e1rzea Milagrosa\",\"description\":\"\",\"publisher\":{\"@id\":\"https:\/\/varzeamilagrosa.com\/#organization\"},\"potentialAction\":[{\"@type\":\"SearchAction\",\"target\":{\"@type\":\"EntryPoint\",\"urlTemplate\":\"https:\/\/varzeamilagrosa.com\/?s={search_term_string}\"},\"query-input\":{\"@type\":\"PropertyValueSpecification\",\"valueRequired\":true,\"valueName\":\"search_term_string\"}}],\"inLanguage\":\"pt-PT\"},{\"@type\":\"Organization\",\"@id\":\"https:\/\/varzeamilagrosa.com\/#organization\",\"name\":\"V\u00e1rzea Milagrosa\",\"url\":\"https:\/\/varzeamilagrosa.com\/\",\"logo\":{\"@type\":\"ImageObject\",\"inLanguage\":\"pt-PT\",\"@id\":\"https:\/\/varzeamilagrosa.com\/#\/schema\/logo\/image\/\",\"url\":\"https:\/\/varzeamilagrosa.com\/wp-content\/uploads\/2022\/11\/cropped-vm-logo-1.png\",\"contentUrl\":\"https:\/\/varzeamilagrosa.com\/wp-content\/uploads\/2022\/11\/cropped-vm-logo-1.png\",\"width\":251,\"height\":143,\"caption\":\"V\u00e1rzea Milagrosa\"},\"image\":{\"@id\":\"https:\/\/varzeamilagrosa.com\/#\/schema\/logo\/image\/\"}}]}<\/script>\n<!-- \/ Yoast SEO plugin. -->","yoast_head_json":{"title":"P\u00e1gina de Aterragem - V\u00e1rzea Milagrosa","robots":{"index":"index","follow":"follow","max-snippet":"max-snippet:-1","max-image-preview":"max-image-preview:large","max-video-preview":"max-video-preview:-1"},"canonical":"https:\/\/varzeamilagrosa.com\/pt-pt\/pagina-de-aterragem\/","og_locale":"pt_PT","og_type":"article","og_title":"P\u00e1gina de Aterragem - V\u00e1rzea Milagrosa","og_description":"Do m\u00e9dico herb\u00edvoro e cozinheiro de ervas ao herb\u00edvoro Tempos diferentes, respostas diferentes. O meu amor pelas pessoas, pela comida e pelas plantas permanece. &#8230; novos tempos tamb\u00e9m precisam de novas respostasAjuda sanit\u00e1ria para os altamente sens\u00edveis e outros Caro visitante, caro visitanteFoi redireccionado do meu s\u00edtio www.ernaehrung-heilen.de para o meu s\u00edtio actual www.varzeamilagrosa.com porque&#8230; [&hellip;]","og_url":"https:\/\/varzeamilagrosa.com\/pt-pt\/pagina-de-aterragem\/","og_site_name":"V\u00e1rzea Milagrosa","article_modified_time":"2025-09-27T09:38:16+00:00","og_image":[{"url":"https:\/\/varzeamilagrosa.com\/wp-content\/uploads\/elementor\/thumbs\/Kraeuterwiese-1-1-pzd3m8ltijai77ipf5loaqlhapk4vtjnk6u36brveo.jpg","type":"","width":"","height":""}],"twitter_card":"summary_large_image","twitter_misc":{"Tempo estimado de leitura":"2 minutos"},"schema":{"@context":"https:\/\/schema.org","@graph":[{"@type":"WebPage","@id":"https:\/\/varzeamilagrosa.com\/pt-pt\/pagina-de-aterragem\/","url":"https:\/\/varzeamilagrosa.com\/pt-pt\/pagina-de-aterragem\/","name":"P\u00e1gina de Aterragem - V\u00e1rzea Milagrosa","isPartOf":{"@id":"https:\/\/varzeamilagrosa.com\/#website"},"primaryImageOfPage":{"@id":"https:\/\/varzeamilagrosa.com\/pt-pt\/pagina-de-aterragem\/#primaryimage"},"image":{"@id":"https:\/\/varzeamilagrosa.com\/pt-pt\/pagina-de-aterragem\/#primaryimage"},"thumbnailUrl":"https:\/\/varzeamilagrosa.com\/wp-content\/uploads\/elementor\/thumbs\/Kraeuterwiese-1-1-pzd3m8ltijai77ipf5loaqlhapk4vtjnk6u36brveo.jpg","datePublished":"2022-12-15T07:41:50+00:00","dateModified":"2025-09-27T09:38:16+00:00","breadcrumb":{"@id":"https:\/\/varzeamilagrosa.com\/pt-pt\/pagina-de-aterragem\/#breadcrumb"},"inLanguage":"pt-PT","potentialAction":[{"@type":"ReadAction","target":["https:\/\/varzeamilagrosa.com\/pt-pt\/pagina-de-aterragem\/"]}]},{"@type":"ImageObject","inLanguage":"pt-PT","@id":"https:\/\/varzeamilagrosa.com\/pt-pt\/pagina-de-aterragem\/#primaryimage","url":"https:\/\/varzeamilagrosa.com\/wp-content\/uploads\/elementor\/thumbs\/Kraeuterwiese-1-1-pzd3m8ltijai77ipf5loaqlhapk4vtjnk6u36brveo.jpg","contentUrl":"https:\/\/varzeamilagrosa.com\/wp-content\/uploads\/elementor\/thumbs\/Kraeuterwiese-1-1-pzd3m8ltijai77ipf5loaqlhapk4vtjnk6u36brveo.jpg"},{"@type":"BreadcrumbList","@id":"https:\/\/varzeamilagrosa.com\/pt-pt\/pagina-de-aterragem\/#breadcrumb","itemListElement":[{"@type":"ListItem","position":1,"name":"Startseite","item":"https:\/\/varzeamilagrosa.com\/pt-pt\/"},{"@type":"ListItem","position":2,"name":"P\u00e1gina de Aterragem"}]},{"@type":"WebSite","@id":"https:\/\/varzeamilagrosa.com\/#website","url":"https:\/\/varzeamilagrosa.com\/","name":"V\u00e1rzea Milagrosa","description":"","publisher":{"@id":"https:\/\/varzeamilagrosa.com\/#organization"},"potentialAction":[{"@type":"SearchAction","target":{"@type":"EntryPoint","urlTemplate":"https:\/\/varzeamilagrosa.com\/?s={search_term_string}"},"query-input":{"@type":"PropertyValueSpecification","valueRequired":true,"valueName":"search_term_string"}}],"inLanguage":"pt-PT"},{"@type":"Organization","@id":"https:\/\/varzeamilagrosa.com\/#organization","name":"V\u00e1rzea Milagrosa","url":"https:\/\/varzeamilagrosa.com\/","logo":{"@type":"ImageObject","inLanguage":"pt-PT","@id":"https:\/\/varzeamilagrosa.com\/#\/schema\/logo\/image\/","url":"https:\/\/varzeamilagrosa.com\/wp-content\/uploads\/2022\/11\/cropped-vm-logo-1.png","contentUrl":"https:\/\/varzeamilagrosa.com\/wp-content\/uploads\/2022\/11\/cropped-vm-logo-1.png","width":251,"height":143,"caption":"V\u00e1rzea Milagrosa"},"image":{"@id":"https:\/\/varzeamilagrosa.com\/#\/schema\/logo\/image\/"}}]}},"_links":{"self":[{"href":"https:\/\/varzeamilagrosa.com\/pt-pt\/wp-json\/wp\/v2\/pages\/4311","targetHints":{"allow":["GET"]}}],"collection":[{"href":"https:\/\/varzeamilagrosa.com\/pt-pt\/wp-json\/wp\/v2\/pages"}],"about":[{"href":"https:\/\/varzeamilagrosa.com\/pt-pt\/wp-json\/wp\/v2\/types\/page"}],"author":[{"embeddable":true,"href":"https:\/\/varzeamilagrosa.com\/pt-pt\/wp-json\/wp\/v2\/users\/1"}],"replies":[{"embeddable":true,"href":"https:\/\/varzeamilagrosa.com\/pt-pt\/wp-json\/wp\/v2\/comments?post=4311"}],"version-history":[{"count":0,"href":"https:\/\/varzeamilagrosa.com\/pt-pt\/wp-json\/wp\/v2\/pages\/4311\/revisions"}],"wp:attachment":[{"href":"https:\/\/varzeamilagrosa.com\/pt-pt\/wp-json\/wp\/v2\/media?parent=4311"}],"curies":[{"name":"wp","href":"https:\/\/api.w.org\/{rel}","templated":true}]}}